{"id":3,"date":"2023-12-18T09:24:48","date_gmt":"2023-12-18T09:24:48","guid":{"rendered":"http:\/\/tmtbaltic.ee\/?page_id=3"},"modified":"2026-03-25T15:49:06","modified_gmt":"2026-03-25T13:49:06","slug":"privaatsuspoliitika","status":"publish","type":"page","link":"https:\/\/tmtbaltic.ee\/en\/privaatsuspoliitika\/","title":{"rendered":"Privacy and Cookie policy"},"content":{"rendered":"<div data-elementor-type=\"wp-page\" data-elementor-id=\"3\" class=\"elementor elementor-3\">\n\t\t\t\t<div class=\"elementor-element elementor-element-12efe0b e-flex e-con-boxed e-con e-parent\" data-id=\"12efe0b\" data-element_type=\"container\" data-e-type=\"container\">\n\t\t\t\t\t<div class=\"e-con-inner\">\n\t\t\t\t<div class=\"elementor-element elementor-element-6aa223f elementor-widget elementor-widget-spacer\" data-id=\"6aa223f\" data-element_type=\"widget\" data-e-type=\"widget\" data-widget_type=\"spacer.default\">\n\t\t\t\t<div class=\"elementor-widget-container\">\n\t\t\t\t\t\t\t<div class=\"elementor-spacer\">\n\t\t\t<div class=\"elementor-spacer-inner\"><\/div>\n\t\t<\/div>\n\t\t\t\t\t\t<\/div>\n\t\t\t\t<\/div>\n\t\t\t\t<div class=\"elementor-element elementor-element-1917deb elementor-widget__width-initial elementor-widget elementor-widget-text-editor\" data-id=\"1917deb\" data-element_type=\"widget\" data-e-type=\"widget\" data-widget_type=\"text-editor.default\">\n\t\t\t\t<div class=\"elementor-widget-container\">\n\t\t\t\t\t\t\t\t\t<h4><span style=\"color: #003f66;\">Privacy and Cookie policy<\/span><\/h4><p><span style=\"color: #003f66;\">This privacy policy states how the \u201ctmtbaltic.ee\u201d website (now known \u201cthe website\u201d) uses and protects the information you provide while using this website. Our Privacy Policy is committed to ensuring that your privacy is protected.<\/span><\/p><p><span style=\"color: #003f66;\">If we ask you to provide certain information that identifies you when you use this website, you can be assured that it will only be used in accordance with this privacy statement.<\/span><\/p><p><span style=\"color: #003f66;\">Our website may change this policy from time to time by updating the page. You should check this page from time to time to make sure you are happy with the changes.<\/span><\/p><h4><span style=\"color: #003f66;\">What information do we collect?<\/span><\/h4><ul><li><span style=\"color: #003f66;\">Name;<\/span><\/li><li><span style=\"color: #003f66;\">contact information, including email address and phone number;<\/span><\/li><li><span style=\"color: #003f66;\">demographic information such as zip code, country, preferences and interests;<\/span><\/li><li><span style=\"color: #003f66;\">other information relevant to customer surveys and\/or offers;<\/span><\/li><\/ul><h4><span style=\"color: #003f66;\">What do we do with the information we collect?<\/span><\/h4><p><span style=\"color: #003f66;\">We need this information to understand your needs and provide you with a better service, in particular for the following reasons:<\/span><\/p><ul><li><span style=\"color: #003f66;\">Internal record keeping;<\/span><\/li><li><span style=\"color: #003f66;\">use the information to improve our products and services;<\/span><\/li><li><span style=\"color: #003f66;\">periodically send promotional emails using the provided email address about new products, special offers or other information that we think may be of interest to you;<\/span><\/li><li><span style=\"color: #003f66;\">from time to time we may also use your information to contact you for market research purposes. For example by e-mail, phone or post.<\/span><\/li><\/ul><h4><span style=\"color: #003f66;\">Security<\/span><\/h4><p><span style=\"color: #003f66;\">We are committed to keeping your information secure. To prevent unauthorized access or disclosure, we have put in place appropriate physical, electronic and managerial procedures to safeguard and protect the information we collect online.<\/span><\/p><h4><span style=\"color: #003f66;\">How do we use cookies?<\/span><\/h4><p><span style=\"color: #003f66;\">A cookie is a small web browser file that asks for permission to be placed on your computer's hard drive. If you agree, the file will be added and the cookie will help analyze web traffic or let you know when you visit a certain site. Cookies allow web applications to respond to you as an individual. The web application can tailor its actions to your needs, likes and dislikes by collecting and remembering information about your preferences.<\/span><\/p><p><span style=\"color: #003f66;\">We use traffic log cookies to identify which pages are used. This helps us analyze data about website traffic and improve our website to tailor it to our customers' needs. We will only use this information for statistical analysis purposes and then the data will be removed from the system.<\/span><\/p><p><span style=\"color: #003f66;\">In general, cookies help us provide you with a better website by allowing us to track which pages are useful to you and which are not. A cookie does not give us access to your computer or information about you in any way, other than the information you choose to share with us. You can choose to accept or reject cookies. Most web browsers automatically accept cookies, but you can usually change your browser settings to refuse cookies. This may prevent you from taking full advantage of the Website.<\/span><\/p><h4><span style=\"color: #003f66;\">Links to other websites<\/span><\/h4><p><span style=\"color: #003f66;\">Our website may contain links to other websites and cooperation partners of interest. However, if you have used these links to leave our site, you should note that we have no control over that other website. Therefore, we cannot be responsible for the protection and privacy of any information you provide when you visit such sites, and this privacy statement does not govern such sites. You should exercise caution and read the privacy statement applicable to the website in question.<\/span><\/p><h4><span style=\"color: #003f66;\">Checking your personal data<\/span><\/h4><p><span style=\"color: #003f66;\"><strong>You can limit the collection or use of your personal information in the following ways:<\/strong><\/span><\/p><ul><li><span style=\"color: #003f66;\">if you are asked to fill in a form on the website, look for a box that you can click to indicate that you do not want anyone to use this information for direct marketing purposes;<\/span><\/li><li><span style=\"color: #003f66;\">if you have previously agreed to us using your personal data for direct marketing purposes, you may change your mind at any time by letting us know using our contact details;<\/span><\/li><\/ul><p><span style=\"color: #003f66;\">We do not sell, distribute or rent your personal information to third parties unless we have your permission or are required to do so by law. We may use your personal information to send you promotional information about third parties that we think may be of interest to you if you tell us you want to do so.<\/span><\/p><p><span style=\"color: #003f66;\">You can request details of the personal data held about you in accordance with the Data Protection Act 1998. A small fee is charged. If you would like a copy of the information we hold about you, please send us this request using our contact information.<\/span><\/p><p><span style=\"color: #003f66;\">If you believe that any information we hold about you is incorrect or incomplete, please write or email us at \u201cinfo.baltic@tmt.fi\u201d as soon as possible. We will immediately correct any data found to be incorrect.<\/span><\/p>\t\t\t\t\t\t\t\t<\/div>\n\t\t\t\t<\/div>\n\t\t\t\t\t<\/div>\n\t\t\t\t<\/div>\n\t\t\t\t<\/div>","protected":false},"excerpt":{"rendered":"<p>Privaatsuspoliitika See privaatsuspoliitika s\u00e4testab, kuidas &#8220;tmtbaltic.ee&#8221; veebisait (edaspidi &#8220;koduleht&#8221;) kasutab ja kaitseb teavet, selle veebisaidi kasutamise ajal annate. Meie privaatsuspoliitika on p\u00fchendunud teie privaatsuse kaitsmise tagamisele. Kui me k\u00fcsime teil esitada teatud teavet, mille j\u00e4rgi teid selle veebisaidi kasutamisel tuvastatakse, v\u00f5ite olla kindel, et seda kasutatakse ainult k\u00e4esoleva privaatsusavalduse kohaselt. Meie koduleht v\u00f5ib seda poliitikat [&hellip;]<\/p>\n","protected":false},"author":1,"featured_media":0,"parent":0,"menu_order":0,"comment_status":"closed","ping_status":"closed","template":"","meta":{"site-sidebar-layout":"no-sidebar","site-content-layout":"","ast-site-content-layout":"full-width-container","site-content-style":"default","site-sidebar-style":"default","ast-global-header-display":"","ast-banner-title-visibility":"","ast-main-header-display":"","ast-hfb-above-header-display":"","ast-hfb-below-header-display":"","ast-hfb-mobile-header-display":"","site-post-title":"","ast-breadcrumbs-content":"","ast-featured-img":"disabled","footer-sml-layout":"","ast-disable-related-posts":"","theme-transparent-header-meta":"default","adv-header-id-meta":"","stick-header-meta":"","header-above-stick-meta":"","header-main-stick-meta":"","header-below-stick-meta":"","astra-migrate-meta-layouts":"set","ast-page-background-enabled":"default","ast-page-background-meta":{"desktop":{"background-color":"var(--ast-global-color-4)","background-image":"","background-repeat":"repeat","background-position":"center center","background-size":"auto","background-attachment":"scroll","background-type":"","background-media":"","overlay-type":"","overlay-color":"","overlay-opacity":"","overlay-gradient":""},"tablet":{"background-color":"","background-image":"","background-repeat":"repeat","background-position":"center center","background-size":"auto","background-attachment":"scroll","background-type":"","background-media":"","overlay-type":"","overlay-color":"","overlay-opacity":"","overlay-gradient":""},"mobile":{"background-color":"","background-image":"","background-repeat":"repeat","background-position":"center center","background-size":"auto","background-attachment":"scroll","background-type":"","background-media":"","overlay-type":"","overlay-color":"","overlay-opacity":"","overlay-gradient":""}},"ast-content-background-meta":{"desktop":{"background-color":"var(--ast-global-color-5)","background-image":"","background-repeat":"repeat","background-position":"center center","background-size":"auto","background-attachment":"scroll","background-type":"","background-media":"","overlay-type":"","overlay-color":"","overlay-opacity":"","overlay-gradient":""},"tablet":{"background-color":"var(--ast-global-color-5)","background-image":"","background-repeat":"repeat","background-position":"center center","background-size":"auto","background-attachment":"scroll","background-type":"","background-media":"","overlay-type":"","overlay-color":"","overlay-opacity":"","overlay-gradient":""},"mobile":{"background-color":"var(--ast-global-color-5)","background-image":"","background-repeat":"repeat","background-position":"center center","background-size":"auto","background-attachment":"scroll","background-type":"","background-media":"","overlay-type":"","overlay-color":"","overlay-opacity":"","overlay-gradient":""}},"footnotes":""},"class_list":["post-3","page","type-page","status-publish","hentry"],"yoast_head":"<!-- This site is optimized with the Yoast SEO plugin v27.2 - https:\/\/yoast.com\/product\/yoast-seo-wordpress\/ -->\n<title>Privaatsuspoliitika - TMT Widni Baltic<\/title>\n<meta name=\"robots\" content=\"index, follow, max-snippet:-1, max-image-preview:large, max-video-preview:-1\" \/>\n<link rel=\"canonical\" href=\"https:\/\/tmtbaltic.ee\/en\/privaatsuspoliitika\/\" \/>\n<meta property=\"og:locale\" content=\"en_GB\" \/>\n<meta property=\"og:type\" content=\"article\" \/>\n<meta property=\"og:title\" content=\"Privaatsuspoliitika - TMT Widni Baltic\" \/>\n<meta property=\"og:description\" content=\"Privaatsuspoliitika See privaatsuspoliitika s\u00e4testab, kuidas &#8220;tmtbaltic.ee&#8221; veebisait (edaspidi &#8220;koduleht&#8221;) kasutab ja kaitseb teavet, selle veebisaidi kasutamise ajal annate. Meie privaatsuspoliitika on p\u00fchendunud teie privaatsuse kaitsmise tagamisele. Kui me k\u00fcsime teil esitada teatud teavet, mille j\u00e4rgi teid selle veebisaidi kasutamisel tuvastatakse, v\u00f5ite olla kindel, et seda kasutatakse ainult k\u00e4esoleva privaatsusavalduse kohaselt. Meie koduleht v\u00f5ib seda poliitikat [&hellip;]\" \/>\n<meta property=\"og:url\" content=\"https:\/\/tmtbaltic.ee\/en\/privaatsuspoliitika\/\" \/>\n<meta property=\"og:site_name\" content=\"TMT Widni Baltic\" \/>\n<meta property=\"article:publisher\" content=\"https:\/\/www.facebook.com\/p\/TMT-Malinen-Baltic-100057168351492\/\" \/>\n<meta property=\"article:modified_time\" content=\"2026-03-25T13:49:06+00:00\" \/>\n<meta property=\"og:image\" content=\"https:\/\/www.tmtbaltic.ee\/wp-content\/uploads\/2023\/12\/TMT-logo_blue_500x375px.png\" \/>\n\t<meta property=\"og:image:width\" content=\"500\" \/>\n\t<meta property=\"og:image:height\" content=\"375\" \/>\n\t<meta property=\"og:image:type\" content=\"image\/png\" \/>\n<meta name=\"twitter:card\" content=\"summary_large_image\" \/>\n<meta name=\"twitter:label1\" content=\"Estimated reading time\" \/>\n\t<meta name=\"twitter:data1\" content=\"4 minutes\" \/>\n<script type=\"application\/ld+json\" class=\"yoast-schema-graph\">{\"@context\":\"https:\/\/schema.org\",\"@graph\":[{\"@type\":\"WebPage\",\"@id\":\"https:\/\/tmtbaltic.ee\/privaatsuspoliitika\/\",\"url\":\"https:\/\/tmtbaltic.ee\/privaatsuspoliitika\/\",\"name\":\"Privaatsuspoliitika - TMT Widni Baltic\",\"isPartOf\":{\"@id\":\"https:\/\/www.tmtbaltic.ee\/#website\"},\"datePublished\":\"2023-12-18T09:24:48+00:00\",\"dateModified\":\"2026-03-25T13:49:06+00:00\",\"inLanguage\":\"en-GB\",\"potentialAction\":[{\"@type\":\"ReadAction\",\"target\":[\"https:\/\/tmtbaltic.ee\/privaatsuspoliitika\/\"]}]},{\"@type\":\"WebSite\",\"@id\":\"https:\/\/www.tmtbaltic.ee\/#website\",\"url\":\"https:\/\/www.tmtbaltic.ee\/\",\"name\":\"TMT. Malinen Baltic\",\"description\":\"TMT Widni Baltic\",\"publisher\":{\"@id\":\"https:\/\/www.tmtbaltic.ee\/#organization\"},\"potentialAction\":[{\"@type\":\"SearchAction\",\"target\":{\"@type\":\"EntryPoint\",\"urlTemplate\":\"https:\/\/www.tmtbaltic.ee\/?s={search_term_string}\"},\"query-input\":{\"@type\":\"PropertyValueSpecification\",\"valueRequired\":true,\"valueName\":\"search_term_string\"}}],\"inLanguage\":\"en-GB\"},{\"@type\":\"Organization\",\"@id\":\"https:\/\/www.tmtbaltic.ee\/#organization\",\"name\":\"TMT. Malinen Baltic\",\"url\":\"https:\/\/www.tmtbaltic.ee\/\",\"logo\":{\"@type\":\"ImageObject\",\"inLanguage\":\"en-GB\",\"@id\":\"https:\/\/www.tmtbaltic.ee\/#\/schema\/logo\/image\/\",\"url\":\"https:\/\/tmtbaltic.ee\/wp-content\/uploads\/2023\/12\/TMT-logo_white_500x375px-1.svg\",\"contentUrl\":\"https:\/\/tmtbaltic.ee\/wp-content\/uploads\/2023\/12\/TMT-logo_white_500x375px-1.svg\",\"width\":100,\"height\":375,\"caption\":\"TMT. Malinen Baltic\"},\"image\":{\"@id\":\"https:\/\/www.tmtbaltic.ee\/#\/schema\/logo\/image\/\"},\"sameAs\":[\"https:\/\/www.facebook.com\/p\/TMT-Malinen-Baltic-100057168351492\/\"]}]}<\/script>\n<!-- \/ Yoast SEO plugin. -->","yoast_head_json":{"title":"Privaatsuspoliitika - TMT Widni Baltic","robots":{"index":"index","follow":"follow","max-snippet":"max-snippet:-1","max-image-preview":"max-image-preview:large","max-video-preview":"max-video-preview:-1"},"canonical":"https:\/\/tmtbaltic.ee\/en\/privaatsuspoliitika\/","og_locale":"en_GB","og_type":"article","og_title":"Privaatsuspoliitika - TMT Widni Baltic","og_description":"Privaatsuspoliitika See privaatsuspoliitika s\u00e4testab, kuidas &#8220;tmtbaltic.ee&#8221; veebisait (edaspidi &#8220;koduleht&#8221;) kasutab ja kaitseb teavet, selle veebisaidi kasutamise ajal annate. Meie privaatsuspoliitika on p\u00fchendunud teie privaatsuse kaitsmise tagamisele. Kui me k\u00fcsime teil esitada teatud teavet, mille j\u00e4rgi teid selle veebisaidi kasutamisel tuvastatakse, v\u00f5ite olla kindel, et seda kasutatakse ainult k\u00e4esoleva privaatsusavalduse kohaselt. Meie koduleht v\u00f5ib seda poliitikat [&hellip;]","og_url":"https:\/\/tmtbaltic.ee\/en\/privaatsuspoliitika\/","og_site_name":"TMT Widni Baltic","article_publisher":"https:\/\/www.facebook.com\/p\/TMT-Malinen-Baltic-100057168351492\/","article_modified_time":"2026-03-25T13:49:06+00:00","og_image":[{"width":500,"height":375,"url":"https:\/\/www.tmtbaltic.ee\/wp-content\/uploads\/2023\/12\/TMT-logo_blue_500x375px.png","type":"image\/png"}],"twitter_card":"summary_large_image","twitter_misc":{"Estimated reading time":"4 minutes"},"schema":{"@context":"https:\/\/schema.org","@graph":[{"@type":"WebPage","@id":"https:\/\/tmtbaltic.ee\/privaatsuspoliitika\/","url":"https:\/\/tmtbaltic.ee\/privaatsuspoliitika\/","name":"Privaatsuspoliitika - TMT Widni Baltic","isPartOf":{"@id":"https:\/\/www.tmtbaltic.ee\/#website"},"datePublished":"2023-12-18T09:24:48+00:00","dateModified":"2026-03-25T13:49:06+00:00","inLanguage":"en-GB","potentialAction":[{"@type":"ReadAction","target":["https:\/\/tmtbaltic.ee\/privaatsuspoliitika\/"]}]},{"@type":"WebSite","@id":"https:\/\/www.tmtbaltic.ee\/#website","url":"https:\/\/www.tmtbaltic.ee\/","name":"TMT. Malinen Baltic","description":"TMT Widni Baltic","publisher":{"@id":"https:\/\/www.tmtbaltic.ee\/#organization"},"potentialAction":[{"@type":"SearchAction","target":{"@type":"EntryPoint","urlTemplate":"https:\/\/www.tmtbaltic.ee\/?s={search_term_string}"},"query-input":{"@type":"PropertyValueSpecification","valueRequired":true,"valueName":"search_term_string"}}],"inLanguage":"en-GB"},{"@type":"Organization","@id":"https:\/\/www.tmtbaltic.ee\/#organization","name":"TMT. Malinen Baltic","url":"https:\/\/www.tmtbaltic.ee\/","logo":{"@type":"ImageObject","inLanguage":"en-GB","@id":"https:\/\/www.tmtbaltic.ee\/#\/schema\/logo\/image\/","url":"https:\/\/tmtbaltic.ee\/wp-content\/uploads\/2023\/12\/TMT-logo_white_500x375px-1.svg","contentUrl":"https:\/\/tmtbaltic.ee\/wp-content\/uploads\/2023\/12\/TMT-logo_white_500x375px-1.svg","width":100,"height":375,"caption":"TMT. Malinen Baltic"},"image":{"@id":"https:\/\/www.tmtbaltic.ee\/#\/schema\/logo\/image\/"},"sameAs":["https:\/\/www.facebook.com\/p\/TMT-Malinen-Baltic-100057168351492\/"]}]}},"_links":{"self":[{"href":"https:\/\/tmtbaltic.ee\/en\/wp-json\/wp\/v2\/pages\/3","targetHints":{"allow":["GET"]}}],"collection":[{"href":"https:\/\/tmtbaltic.ee\/en\/wp-json\/wp\/v2\/pages"}],"about":[{"href":"https:\/\/tmtbaltic.ee\/en\/wp-json\/wp\/v2\/types\/page"}],"author":[{"embeddable":true,"href":"https:\/\/tmtbaltic.ee\/en\/wp-json\/wp\/v2\/users\/1"}],"replies":[{"embeddable":true,"href":"https:\/\/tmtbaltic.ee\/en\/wp-json\/wp\/v2\/comments?post=3"}],"version-history":[{"count":5,"href":"https:\/\/tmtbaltic.ee\/en\/wp-json\/wp\/v2\/pages\/3\/revisions"}],"predecessor-version":[{"id":2469,"href":"https:\/\/tmtbaltic.ee\/en\/wp-json\/wp\/v2\/pages\/3\/revisions\/2469"}],"wp:attachment":[{"href":"https:\/\/tmtbaltic.ee\/en\/wp-json\/wp\/v2\/media?parent=3"}],"curies":[{"name":"wp","href":"https:\/\/api.w.org\/{rel}","templated":true}]}}