{"id":66,"date":"2023-12-18T13:17:49","date_gmt":"2023-12-18T11:17:49","guid":{"rendered":"http:\/\/tmtbaltic.ee\/?page_id=66"},"modified":"2026-03-25T15:49:28","modified_gmt":"2026-03-25T13:49:28","slug":"jatkusuutlikkus","status":"publish","type":"page","link":"https:\/\/tmtbaltic.ee\/en\/jatkusuutlikkus\/","title":{"rendered":"Sustainability"},"content":{"rendered":"<div data-elementor-type=\"wp-page\" data-elementor-id=\"66\" class=\"elementor elementor-66\">\n\t\t\t\t<div class=\"elementor-element elementor-element-6a5067d e-flex e-con-boxed e-con e-parent\" data-id=\"6a5067d\" data-element_type=\"container\" data-e-type=\"container\">\n\t\t\t\t\t<div class=\"e-con-inner\">\n\t\t\t\t<div class=\"elementor-element elementor-element-f6645f5 elementor-widget elementor-widget-spacer\" data-id=\"f6645f5\" data-element_type=\"widget\" data-e-type=\"widget\" data-widget_type=\"spacer.default\">\n\t\t\t\t<div class=\"elementor-widget-container\">\n\t\t\t\t\t\t\t<div class=\"elementor-spacer\">\n\t\t\t<div class=\"elementor-spacer-inner\"><\/div>\n\t\t<\/div>\n\t\t\t\t\t\t<\/div>\n\t\t\t\t<\/div>\n\t\t\t\t<div class=\"elementor-element elementor-element-5420d1e elementor-widget__width-initial elementor-widget elementor-widget-image\" data-id=\"5420d1e\" data-element_type=\"widget\" data-e-type=\"widget\" data-widget_type=\"image.default\">\n\t\t\t\t<div class=\"elementor-widget-container\">\n\t\t\t\t\t\t\t\t\t\t\t\t\t\t\t<img fetchpriority=\"high\" decoding=\"async\" width=\"940\" height=\"600\" src=\"https:\/\/www.tmtbaltic.ee\/wp-content\/uploads\/2023\/12\/TMT_sustainability_banner-e1702994308489.png\" class=\"attachment-large size-large wp-image-130\" alt=\"\" srcset=\"https:\/\/www.tmtbaltic.ee\/wp-content\/uploads\/2023\/12\/TMT_sustainability_banner-e1702994308489.png 940w, https:\/\/www.tmtbaltic.ee\/wp-content\/uploads\/2023\/12\/TMT_sustainability_banner-e1702994308489-600x383.png 600w, https:\/\/www.tmtbaltic.ee\/wp-content\/uploads\/2023\/12\/TMT_sustainability_banner-e1702994308489-64x41.png 64w, https:\/\/www.tmtbaltic.ee\/wp-content\/uploads\/2023\/12\/TMT_sustainability_banner-e1702994308489-300x191.png 300w, https:\/\/www.tmtbaltic.ee\/wp-content\/uploads\/2023\/12\/TMT_sustainability_banner-e1702994308489-768x490.png 768w\" sizes=\"(max-width: 940px) 100vw, 940px\" \/>\t\t\t\t\t\t\t\t\t\t\t\t\t\t\t<\/div>\n\t\t\t\t<\/div>\n\t\t\t\t<div class=\"elementor-element elementor-element-06040b3 elementor-widget__width-initial elementor-widget elementor-widget-text-editor\" data-id=\"06040b3\" data-element_type=\"widget\" data-e-type=\"widget\" data-widget_type=\"text-editor.default\">\n\t\t\t\t<div class=\"elementor-widget-container\">\n\t\t\t\t\t\t\t\t\t<p style=\"text-align: center;\"><strong>We believe in people's desire to build a sustainable world, where companies are the driving force of change.<\/strong> Sustainable development is integrated into our value chain and we offer products and solutions that meet customers' quality expectations and contribute to improving their performance.<\/p><p><img decoding=\"async\" class=\"alignnone size-full wp-image-80\" src=\"http:\/\/tmtbaltic.ee\/wp-content\/uploads\/2023\/12\/1.jpg\" alt=\"\" width=\"1200\" height=\"400\" srcset=\"https:\/\/tmtbaltic.ee\/wp-content\/uploads\/2023\/12\/1.jpg 1200w, https:\/\/tmtbaltic.ee\/wp-content\/uploads\/2023\/12\/1-600x200.jpg 600w, https:\/\/tmtbaltic.ee\/wp-content\/uploads\/2023\/12\/1-64x21.jpg 64w, https:\/\/tmtbaltic.ee\/wp-content\/uploads\/2023\/12\/1-300x100.jpg 300w, https:\/\/tmtbaltic.ee\/wp-content\/uploads\/2023\/12\/1-1024x341.jpg 1024w, https:\/\/tmtbaltic.ee\/wp-content\/uploads\/2023\/12\/1-768x256.jpg 768w\" sizes=\"(max-width: 1200px) 100vw, 1200px\" \/><\/p><p style=\"text-align: center;\">We have set long-term goals and the actions necessary to achieve them. We regularly measure our performance with sustainable development KPIs.<\/p><p style=\"text-align: center;\">TMT's ethical guidelines and operational guidelines (<strong>Code of Ethics ja Code of Conduct<\/strong>) serve as a basis for cooperation with our stakeholders.<\/p><p style=\"text-align: center;\">With the help of our technical know-how and expertise, we want to offer our customers the most sustainable products, services and solutions. Our employees offer specialized expertise and support to our customers in choosing the best product or application. By helping our customers find optimal technical solutions, we help make society more sustainable.<\/p><p style=\"text-align: center;\">We minimize waste and see all waste as a resource. As part of our sustainable development strategy, we want to reduce our waste as much as possible.<\/p>\t\t\t\t\t\t\t\t<\/div>\n\t\t\t\t<\/div>\n\t\t\t\t<div class=\"elementor-element elementor-element-7c225ca elementor-widget elementor-widget-spacer\" data-id=\"7c225ca\" data-element_type=\"widget\" data-e-type=\"widget\" data-widget_type=\"spacer.default\">\n\t\t\t\t<div class=\"elementor-widget-container\">\n\t\t\t\t\t\t\t<div class=\"elementor-spacer\">\n\t\t\t<div class=\"elementor-spacer-inner\"><\/div>\n\t\t<\/div>\n\t\t\t\t\t\t<\/div>\n\t\t\t\t<\/div>\n\t\t\t\t\t<\/div>\n\t\t\t\t<\/div>\n\t\t\t\t<\/div>","protected":false},"excerpt":{"rendered":"<p>Usume inimeste soovi ehitada \u00fcles j\u00e4tkusuutlik maailm, kus ettev\u00f5tted on muutuste liikumapanev j\u00f5ud. S\u00e4\u00e4stev areng on integreeritud meie v\u00e4\u00e4rtusahelasse ning pakume tooteid ja lahendusi, mis vastavad klientide kvaliteediootustele ning aitavad kaasa nende tulemuslikkuse parandamisele. Oleme seadnud pikaajalised eesm\u00e4rgid ja nende saavutamiseks vajalikud tegevused. M\u00f5\u00f5dame regulaarselt oma tulemuslikkust s\u00e4\u00e4stva arengu KPI-de abil. TMT eetika- ja tegevusjuhised [&hellip;]<\/p>\n","protected":false},"author":1,"featured_media":0,"parent":0,"menu_order":0,"comment_status":"closed","ping_status":"closed","template":"","meta":{"site-sidebar-layout":"default","site-content-layout":"","ast-site-content-layout":"default","site-content-style":"default","site-sidebar-style":"default","ast-global-header-display":"","ast-banner-title-visibility":"","ast-main-header-display":"","ast-hfb-above-header-display":"","ast-hfb-below-header-display":"","ast-hfb-mobile-header-display":"","site-post-title":"","ast-breadcrumbs-content":"","ast-featured-img":"","footer-sml-layout":"","ast-disable-related-posts":"","theme-transparent-header-meta":"default","adv-header-id-meta":"","stick-header-meta":"","header-above-stick-meta":"","header-main-stick-meta":"","header-below-stick-meta":"","astra-migrate-meta-layouts":"set","ast-page-background-enabled":"default","ast-page-background-meta":{"desktop":{"background-color":"var(--ast-global-color-4)","background-image":"","background-repeat":"repeat","background-position":"center center","background-size":"auto","background-attachment":"scroll","background-type":"","background-media":"","overlay-type":"","overlay-color":"","overlay-opacity":"","overlay-gradient":""},"tablet":{"background-color":"","background-image":"","background-repeat":"repeat","background-position":"center center","background-size":"auto","background-attachment":"scroll","background-type":"","background-media":"","overlay-type":"","overlay-color":"","overlay-opacity":"","overlay-gradient":""},"mobile":{"background-color":"","background-image":"","background-repeat":"repeat","background-position":"center center","background-size":"auto","background-attachment":"scroll","background-type":"","background-media":"","overlay-type":"","overlay-color":"","overlay-opacity":"","overlay-gradient":""}},"ast-content-background-meta":{"desktop":{"background-color":"var(--ast-global-color-5)","background-image":"","background-repeat":"repeat","background-position":"center center","background-size":"auto","background-attachment":"scroll","background-type":"","background-media":"","overlay-type":"","overlay-color":"","overlay-opacity":"","overlay-gradient":""},"tablet":{"background-color":"var(--ast-global-color-5)","background-image":"","background-repeat":"repeat","background-position":"center center","background-size":"auto","background-attachment":"scroll","background-type":"","background-media":"","overlay-type":"","overlay-color":"","overlay-opacity":"","overlay-gradient":""},"mobile":{"background-color":"var(--ast-global-color-5)","background-image":"","background-repeat":"repeat","background-position":"center center","background-size":"auto","background-attachment":"scroll","background-type":"","background-media":"","overlay-type":"","overlay-color":"","overlay-opacity":"","overlay-gradient":""}},"footnotes":""},"class_list":["post-66","page","type-page","status-publish","hentry"],"yoast_head":"<!-- This site is optimized with the Yoast SEO plugin v27.2 - https:\/\/yoast.com\/product\/yoast-seo-wordpress\/ -->\n<title>J\u00e4tkusuutlikkus - TMT Widni Baltic<\/title>\n<meta name=\"robots\" content=\"index, follow, max-snippet:-1, max-image-preview:large, max-video-preview:-1\" \/>\n<link rel=\"canonical\" href=\"http:\/\/www.tmtbaltic.ee\/en\/jatkusuutlikkus\/\" \/>\n<meta property=\"og:locale\" content=\"en_GB\" \/>\n<meta property=\"og:type\" content=\"article\" \/>\n<meta property=\"og:title\" content=\"J\u00e4tkusuutlikkus - TMT Widni Baltic\" \/>\n<meta property=\"og:description\" content=\"Usume inimeste soovi ehitada \u00fcles j\u00e4tkusuutlik maailm, kus ettev\u00f5tted on muutuste liikumapanev j\u00f5ud. S\u00e4\u00e4stev areng on integreeritud meie v\u00e4\u00e4rtusahelasse ning pakume tooteid ja lahendusi, mis vastavad klientide kvaliteediootustele ning aitavad kaasa nende tulemuslikkuse parandamisele. Oleme seadnud pikaajalised eesm\u00e4rgid ja nende saavutamiseks vajalikud tegevused. M\u00f5\u00f5dame regulaarselt oma tulemuslikkust s\u00e4\u00e4stva arengu KPI-de abil. TMT eetika- ja tegevusjuhised [&hellip;]\" \/>\n<meta property=\"og:url\" content=\"http:\/\/www.tmtbaltic.ee\/en\/jatkusuutlikkus\/\" \/>\n<meta property=\"og:site_name\" content=\"TMT Widni Baltic\" \/>\n<meta property=\"article:publisher\" content=\"https:\/\/www.facebook.com\/p\/TMT-Malinen-Baltic-100057168351492\/\" \/>\n<meta property=\"article:modified_time\" content=\"2026-03-25T13:49:28+00:00\" \/>\n<meta property=\"og:image\" content=\"https:\/\/www.tmtbaltic.ee\/wp-content\/uploads\/2023\/12\/TMT_sustainability_banner-e1702994308489.png\" \/>\n<meta name=\"twitter:card\" content=\"summary_large_image\" \/>\n<meta name=\"twitter:label1\" content=\"Estimated reading time\" \/>\n\t<meta name=\"twitter:data1\" content=\"2 minutes\" \/>\n<script type=\"application\/ld+json\" class=\"yoast-schema-graph\">{\"@context\":\"https:\/\/schema.org\",\"@graph\":[{\"@type\":\"WebPage\",\"@id\":\"http:\/\/www.tmtbaltic.ee\/en\/jatkusuutlikkus\/\",\"url\":\"http:\/\/www.tmtbaltic.ee\/en\/jatkusuutlikkus\/\",\"name\":\"J\u00e4tkusuutlikkus - TMT Widni Baltic\",\"isPartOf\":{\"@id\":\"https:\/\/www.tmtbaltic.ee\/#website\"},\"primaryImageOfPage\":{\"@id\":\"http:\/\/www.tmtbaltic.ee\/en\/jatkusuutlikkus\/#primaryimage\"},\"image\":{\"@id\":\"http:\/\/www.tmtbaltic.ee\/en\/jatkusuutlikkus\/#primaryimage\"},\"thumbnailUrl\":\"https:\/\/www.tmtbaltic.ee\/wp-content\/uploads\/2023\/12\/TMT_sustainability_banner-e1702994308489.png\",\"datePublished\":\"2023-12-18T11:17:49+00:00\",\"dateModified\":\"2026-03-25T13:49:28+00:00\",\"inLanguage\":\"en-GB\",\"potentialAction\":[{\"@type\":\"ReadAction\",\"target\":[\"http:\/\/www.tmtbaltic.ee\/en\/jatkusuutlikkus\/\"]}]},{\"@type\":\"ImageObject\",\"inLanguage\":\"en-GB\",\"@id\":\"http:\/\/www.tmtbaltic.ee\/en\/jatkusuutlikkus\/#primaryimage\",\"url\":\"https:\/\/www.tmtbaltic.ee\/wp-content\/uploads\/2023\/12\/TMT_sustainability_banner-e1702994308489.png\",\"contentUrl\":\"https:\/\/www.tmtbaltic.ee\/wp-content\/uploads\/2023\/12\/TMT_sustainability_banner-e1702994308489.png\"},{\"@type\":\"WebSite\",\"@id\":\"https:\/\/www.tmtbaltic.ee\/#website\",\"url\":\"https:\/\/www.tmtbaltic.ee\/\",\"name\":\"TMT. Malinen Baltic\",\"description\":\"TMT Widni Baltic\",\"publisher\":{\"@id\":\"https:\/\/www.tmtbaltic.ee\/#organization\"},\"potentialAction\":[{\"@type\":\"SearchAction\",\"target\":{\"@type\":\"EntryPoint\",\"urlTemplate\":\"https:\/\/www.tmtbaltic.ee\/?s={search_term_string}\"},\"query-input\":{\"@type\":\"PropertyValueSpecification\",\"valueRequired\":true,\"valueName\":\"search_term_string\"}}],\"inLanguage\":\"en-GB\"},{\"@type\":\"Organization\",\"@id\":\"https:\/\/www.tmtbaltic.ee\/#organization\",\"name\":\"TMT. Malinen Baltic\",\"url\":\"https:\/\/www.tmtbaltic.ee\/\",\"logo\":{\"@type\":\"ImageObject\",\"inLanguage\":\"en-GB\",\"@id\":\"https:\/\/www.tmtbaltic.ee\/#\/schema\/logo\/image\/\",\"url\":\"https:\/\/tmtbaltic.ee\/wp-content\/uploads\/2023\/12\/TMT-logo_white_500x375px-1.svg\",\"contentUrl\":\"https:\/\/tmtbaltic.ee\/wp-content\/uploads\/2023\/12\/TMT-logo_white_500x375px-1.svg\",\"width\":100,\"height\":375,\"caption\":\"TMT. Malinen Baltic\"},\"image\":{\"@id\":\"https:\/\/www.tmtbaltic.ee\/#\/schema\/logo\/image\/\"},\"sameAs\":[\"https:\/\/www.facebook.com\/p\/TMT-Malinen-Baltic-100057168351492\/\"]}]}<\/script>\n<!-- \/ Yoast SEO plugin. -->","yoast_head_json":{"title":"J\u00e4tkusuutlikkus - TMT Widni Baltic","robots":{"index":"index","follow":"follow","max-snippet":"max-snippet:-1","max-image-preview":"max-image-preview:large","max-video-preview":"max-video-preview:-1"},"canonical":"http:\/\/www.tmtbaltic.ee\/en\/jatkusuutlikkus\/","og_locale":"en_GB","og_type":"article","og_title":"J\u00e4tkusuutlikkus - TMT Widni Baltic","og_description":"Usume inimeste soovi ehitada \u00fcles j\u00e4tkusuutlik maailm, kus ettev\u00f5tted on muutuste liikumapanev j\u00f5ud. S\u00e4\u00e4stev areng on integreeritud meie v\u00e4\u00e4rtusahelasse ning pakume tooteid ja lahendusi, mis vastavad klientide kvaliteediootustele ning aitavad kaasa nende tulemuslikkuse parandamisele. Oleme seadnud pikaajalised eesm\u00e4rgid ja nende saavutamiseks vajalikud tegevused. M\u00f5\u00f5dame regulaarselt oma tulemuslikkust s\u00e4\u00e4stva arengu KPI-de abil. TMT eetika- ja tegevusjuhised [&hellip;]","og_url":"http:\/\/www.tmtbaltic.ee\/en\/jatkusuutlikkus\/","og_site_name":"TMT Widni Baltic","article_publisher":"https:\/\/www.facebook.com\/p\/TMT-Malinen-Baltic-100057168351492\/","article_modified_time":"2026-03-25T13:49:28+00:00","og_image":[{"url":"https:\/\/www.tmtbaltic.ee\/wp-content\/uploads\/2023\/12\/TMT_sustainability_banner-e1702994308489.png","type":"","width":"","height":""}],"twitter_card":"summary_large_image","twitter_misc":{"Estimated reading time":"2 minutes"},"schema":{"@context":"https:\/\/schema.org","@graph":[{"@type":"WebPage","@id":"http:\/\/www.tmtbaltic.ee\/en\/jatkusuutlikkus\/","url":"http:\/\/www.tmtbaltic.ee\/en\/jatkusuutlikkus\/","name":"J\u00e4tkusuutlikkus - TMT Widni Baltic","isPartOf":{"@id":"https:\/\/www.tmtbaltic.ee\/#website"},"primaryImageOfPage":{"@id":"http:\/\/www.tmtbaltic.ee\/en\/jatkusuutlikkus\/#primaryimage"},"image":{"@id":"http:\/\/www.tmtbaltic.ee\/en\/jatkusuutlikkus\/#primaryimage"},"thumbnailUrl":"https:\/\/www.tmtbaltic.ee\/wp-content\/uploads\/2023\/12\/TMT_sustainability_banner-e1702994308489.png","datePublished":"2023-12-18T11:17:49+00:00","dateModified":"2026-03-25T13:49:28+00:00","inLanguage":"en-GB","potentialAction":[{"@type":"ReadAction","target":["http:\/\/www.tmtbaltic.ee\/en\/jatkusuutlikkus\/"]}]},{"@type":"ImageObject","inLanguage":"en-GB","@id":"http:\/\/www.tmtbaltic.ee\/en\/jatkusuutlikkus\/#primaryimage","url":"https:\/\/www.tmtbaltic.ee\/wp-content\/uploads\/2023\/12\/TMT_sustainability_banner-e1702994308489.png","contentUrl":"https:\/\/www.tmtbaltic.ee\/wp-content\/uploads\/2023\/12\/TMT_sustainability_banner-e1702994308489.png"},{"@type":"WebSite","@id":"https:\/\/www.tmtbaltic.ee\/#website","url":"https:\/\/www.tmtbaltic.ee\/","name":"TMT. Malinen Baltic","description":"TMT Widni Baltic","publisher":{"@id":"https:\/\/www.tmtbaltic.ee\/#organization"},"potentialAction":[{"@type":"SearchAction","target":{"@type":"EntryPoint","urlTemplate":"https:\/\/www.tmtbaltic.ee\/?s={search_term_string}"},"query-input":{"@type":"PropertyValueSpecification","valueRequired":true,"valueName":"search_term_string"}}],"inLanguage":"en-GB"},{"@type":"Organization","@id":"https:\/\/www.tmtbaltic.ee\/#organization","name":"TMT. Malinen Baltic","url":"https:\/\/www.tmtbaltic.ee\/","logo":{"@type":"ImageObject","inLanguage":"en-GB","@id":"https:\/\/www.tmtbaltic.ee\/#\/schema\/logo\/image\/","url":"https:\/\/tmtbaltic.ee\/wp-content\/uploads\/2023\/12\/TMT-logo_white_500x375px-1.svg","contentUrl":"https:\/\/tmtbaltic.ee\/wp-content\/uploads\/2023\/12\/TMT-logo_white_500x375px-1.svg","width":100,"height":375,"caption":"TMT. Malinen Baltic"},"image":{"@id":"https:\/\/www.tmtbaltic.ee\/#\/schema\/logo\/image\/"},"sameAs":["https:\/\/www.facebook.com\/p\/TMT-Malinen-Baltic-100057168351492\/"]}]}},"_links":{"self":[{"href":"https:\/\/tmtbaltic.ee\/en\/wp-json\/wp\/v2\/pages\/66","targetHints":{"allow":["GET"]}}],"collection":[{"href":"https:\/\/tmtbaltic.ee\/en\/wp-json\/wp\/v2\/pages"}],"about":[{"href":"https:\/\/tmtbaltic.ee\/en\/wp-json\/wp\/v2\/types\/page"}],"author":[{"embeddable":true,"href":"https:\/\/tmtbaltic.ee\/en\/wp-json\/wp\/v2\/users\/1"}],"replies":[{"embeddable":true,"href":"https:\/\/tmtbaltic.ee\/en\/wp-json\/wp\/v2\/comments?post=66"}],"version-history":[{"count":5,"href":"https:\/\/tmtbaltic.ee\/en\/wp-json\/wp\/v2\/pages\/66\/revisions"}],"predecessor-version":[{"id":2472,"href":"https:\/\/tmtbaltic.ee\/en\/wp-json\/wp\/v2\/pages\/66\/revisions\/2472"}],"wp:attachment":[{"href":"https:\/\/tmtbaltic.ee\/en\/wp-json\/wp\/v2\/media?parent=66"}],"curies":[{"name":"wp","href":"https:\/\/api.w.org\/{rel}","templated":true}]}}