{"id":1856,"date":"2024-05-27T14:52:08","date_gmt":"2024-05-27T12:52:08","guid":{"rendered":"https:\/\/tmtbaltic.ee\/?post_type=product&#038;p=1856"},"modified":"2024-06-25T08:36:39","modified_gmt":"2024-06-25T06:36:39","slug":"porandakate-korapur-690","status":"publish","type":"product","link":"https:\/\/tmtbaltic.ee\/en\/product\/porandakate-korapur-690\/","title":{"rendered":"Floor covering K\u00f6rapur 690"},"content":{"rendered":"<ul>\n<li>Weight: 6kg<\/li>\n<li>Color: gray<\/li>\n<\/ul>\n<p><img decoding=\"async\" class=\"alignnone size-full wp-image-1850\" src=\"https:\/\/tmtbaltic.ee\/wp-content\/uploads\/2024\/05\/Kommerling.jpg\" alt=\"\" width=\"150\" height=\"31\" srcset=\"https:\/\/tmtbaltic.ee\/wp-content\/uploads\/2024\/05\/Kommerling.jpg 150w, https:\/\/tmtbaltic.ee\/wp-content\/uploads\/2024\/05\/Kommerling-18x4.jpg 18w, https:\/\/tmtbaltic.ee\/wp-content\/uploads\/2024\/05\/Kommerling-64x13.jpg 64w\" sizes=\"(max-width: 150px) 100vw, 150px\" \/><\/p>","protected":false},"excerpt":{"rendered":"<p>Floor covering K\u00f6rapur 690 part A+B 6 kg container, gray.<\/p>\n<p>K\u00f6rapur 690 is a 2-component polyurethane-based floor covering that contains silica sand. The multi-purpose floor covering of cargo spaces is suitable, for example, for covering the floor of trucks, trailers, containers and mobile homes. An excellent coating solution for food delivery vans used to deliver fresh food, meat\/fish and frozen goods (tested at -30\u00b0C).<\/p>\n<p>The base material can be fiberglass, aluminum, coated steel, wood, etc.<\/p>\n<p>Sufficiency approx. 7-10 m\u00b2\/6 kg.<\/p>","protected":false},"featured_media":1857,"template":"","meta":{"site-sidebar-layout":"default","site-content-layout":"","ast-site-content-layout":"default","site-content-style":"default","site-sidebar-style":"default","ast-global-header-display":"","ast-banner-title-visibility":"","ast-main-header-display":"","ast-hfb-above-header-display":"","ast-hfb-below-header-display":"","ast-hfb-mobile-header-display":"","site-post-title":"","ast-breadcrumbs-content":"","ast-featured-img":"","footer-sml-layout":"","ast-disable-related-posts":"","theme-transparent-header-meta":"default","adv-header-id-meta":"","stick-header-meta":"","header-above-stick-meta":"","header-main-stick-meta":"","header-below-stick-meta":"","astra-migrate-meta-layouts":"set","ast-page-background-enabled":"default","ast-page-background-meta":{"desktop":{"background-color":"var(--ast-global-color-4)","background-image":"","background-repeat":"repeat","background-position":"center center","background-size":"auto","background-attachment":"scroll","background-type":"","background-media":"","overlay-type":"","overlay-color":"","overlay-opacity":"","overlay-gradient":""},"tablet":{"background-color":"","background-image":"","background-repeat":"repeat","background-position":"center center","background-size":"auto","background-attachment":"scroll","background-type":"","background-media":"","overlay-type":"","overlay-color":"","overlay-opacity":"","overlay-gradient":""},"mobile":{"background-color":"","background-image":"","background-repeat":"repeat","background-position":"center center","background-size":"auto","background-attachment":"scroll","background-type":"","background-media":"","overlay-type":"","overlay-color":"","overlay-opacity":"","overlay-gradient":""}},"ast-content-background-meta":{"desktop":{"background-color":"var(--ast-global-color-5)","background-image":"","background-repeat":"repeat","background-position":"center center","background-size":"auto","background-attachment":"scroll","background-type":"","background-media":"","overlay-type":"","overlay-color":"","overlay-opacity":"","overlay-gradient":""},"tablet":{"background-color":"var(--ast-global-color-5)","background-image":"","background-repeat":"repeat","background-position":"center center","background-size":"auto","background-attachment":"scroll","background-type":"","background-media":"","overlay-type":"","overlay-color":"","overlay-opacity":"","overlay-gradient":""},"mobile":{"background-color":"var(--ast-global-color-5)","background-image":"","background-repeat":"repeat","background-position":"center center","background-size":"auto","background-attachment":"scroll","background-type":"","background-media":"","overlay-type":"","overlay-color":"","overlay-opacity":"","overlay-gradient":""}}},"product_brand":[],"product_cat":[76],"product_tag":[],"class_list":{"0":"post-1856","1":"product","2":"type-product","3":"status-publish","4":"has-post-thumbnail","6":"product_cat-liimid-ja-katted","7":"desktop-align-left","8":"tablet-align-left","9":"mobile-align-left","11":"first","12":"instock","13":"shipping-taxable","14":"product-type-simple"},"yoast_head":"<!-- This site is optimized with the Yoast SEO plugin v27.2 - https:\/\/yoast.com\/product\/yoast-seo-wordpress\/ -->\n<title>P\u00f5randakate K\u00f6rapur 690 - TMT Widni Baltic<\/title>\n<meta name=\"robots\" content=\"index, follow, max-snippet:-1, max-image-preview:large, max-video-preview:-1\" \/>\n<link rel=\"canonical\" href=\"https:\/\/tmtbaltic.ee\/en\/product\/porandakate-korapur-690\/\" \/>\n<meta property=\"og:locale\" content=\"en_GB\" \/>\n<meta property=\"og:type\" content=\"article\" \/>\n<meta property=\"og:title\" content=\"P\u00f5randakate K\u00f6rapur 690 - TMT Widni Baltic\" \/>\n<meta property=\"og:description\" content=\"P\u00f5randakate K\u00f6rapur 690 osa A+B 6 kg konteiner, hall.  K\u00f6rapur 690 on 2-komponentne pol\u00fcuretaanil p\u00f5hinev p\u00f5randakate, mis sisaldab r\u00e4niliiva. Kaubaruumide mitmeotstarbeline p\u00f5randakate sobib n\u00e4iteks veoautode, haagiste, konteinerite ja haagissuvilate p\u00f5randa katmiseks. Suurep\u00e4rane kattelahendus toiduainete tarneautodele, mida kasutatakse v\u00e4rske toidu, liha\/kala ja k\u00fclmutatud kaupade kohaletoimetamiseks (testitud temperatuuril -30\u00b0C).  Alusmaterjaliks v\u00f5ib olla klaaskiud, alumiinium, kaetud teras, puit jne.  Piisavus ca 7-10 m\u00b2\/6 kg.\" \/>\n<meta property=\"og:url\" content=\"https:\/\/tmtbaltic.ee\/en\/product\/porandakate-korapur-690\/\" \/>\n<meta property=\"og:site_name\" content=\"TMT Widni Baltic\" \/>\n<meta property=\"article:publisher\" content=\"https:\/\/www.facebook.com\/p\/TMT-Malinen-Baltic-100057168351492\/\" \/>\n<meta property=\"article:modified_time\" content=\"2024-06-25T06:36:39+00:00\" \/>\n<meta property=\"og:image\" content=\"https:\/\/www.tmtbaltic.ee\/wp-content\/uploads\/2024\/05\/687160.jpg\" \/>\n\t<meta property=\"og:image:width\" content=\"600\" \/>\n\t<meta property=\"og:image:height\" content=\"600\" \/>\n\t<meta property=\"og:image:type\" content=\"image\/jpeg\" \/>\n<meta name=\"twitter:card\" content=\"summary_large_image\" \/>\n<meta name=\"twitter:label1\" content=\"Estimated reading time\" \/>\n\t<meta name=\"twitter:data1\" content=\"1 minute\" \/>\n<script type=\"application\/ld+json\" class=\"yoast-schema-graph\">{\"@context\":\"https:\/\/schema.org\",\"@graph\":[{\"@type\":\"WebPage\",\"@id\":\"https:\/\/tmtbaltic.ee\/product\/porandakate-korapur-690\/\",\"url\":\"https:\/\/tmtbaltic.ee\/product\/porandakate-korapur-690\/\",\"name\":\"P\u00f5randakate K\u00f6rapur 690 - TMT Widni Baltic\",\"isPartOf\":{\"@id\":\"https:\/\/www.tmtbaltic.ee\/#website\"},\"primaryImageOfPage\":{\"@id\":\"https:\/\/tmtbaltic.ee\/product\/porandakate-korapur-690\/#primaryimage\"},\"image\":{\"@id\":\"https:\/\/tmtbaltic.ee\/product\/porandakate-korapur-690\/#primaryimage\"},\"thumbnailUrl\":\"https:\/\/tmtbaltic.ee\/wp-content\/uploads\/2024\/05\/687160.jpg\",\"datePublished\":\"2024-05-27T12:52:08+00:00\",\"dateModified\":\"2024-06-25T06:36:39+00:00\",\"breadcrumb\":{\"@id\":\"https:\/\/tmtbaltic.ee\/product\/porandakate-korapur-690\/#breadcrumb\"},\"inLanguage\":\"en-GB\",\"potentialAction\":[{\"@type\":\"ReadAction\",\"target\":[\"https:\/\/tmtbaltic.ee\/product\/porandakate-korapur-690\/\"]}]},{\"@type\":\"ImageObject\",\"inLanguage\":\"en-GB\",\"@id\":\"https:\/\/tmtbaltic.ee\/product\/porandakate-korapur-690\/#primaryimage\",\"url\":\"https:\/\/tmtbaltic.ee\/wp-content\/uploads\/2024\/05\/687160.jpg\",\"contentUrl\":\"https:\/\/tmtbaltic.ee\/wp-content\/uploads\/2024\/05\/687160.jpg\",\"width\":600,\"height\":600},{\"@type\":\"BreadcrumbList\",\"@id\":\"https:\/\/tmtbaltic.ee\/product\/porandakate-korapur-690\/#breadcrumb\",\"itemListElement\":[{\"@type\":\"ListItem\",\"position\":1,\"name\":\"Tootekataloog\",\"item\":\"https:\/\/www.tmtbaltic.ee\/tootekataloog\/\"},{\"@type\":\"ListItem\",\"position\":2,\"name\":\"P\u00f5randakate K\u00f6rapur 690\"}]},{\"@type\":\"WebSite\",\"@id\":\"https:\/\/www.tmtbaltic.ee\/#website\",\"url\":\"https:\/\/www.tmtbaltic.ee\/\",\"name\":\"TMT. Malinen Baltic\",\"description\":\"TMT Widni Baltic\",\"publisher\":{\"@id\":\"https:\/\/www.tmtbaltic.ee\/#organization\"},\"potentialAction\":[{\"@type\":\"SearchAction\",\"target\":{\"@type\":\"EntryPoint\",\"urlTemplate\":\"https:\/\/www.tmtbaltic.ee\/?s={search_term_string}\"},\"query-input\":{\"@type\":\"PropertyValueSpecification\",\"valueRequired\":true,\"valueName\":\"search_term_string\"}}],\"inLanguage\":\"en-GB\"},{\"@type\":\"Organization\",\"@id\":\"https:\/\/www.tmtbaltic.ee\/#organization\",\"name\":\"TMT. Malinen Baltic\",\"url\":\"https:\/\/www.tmtbaltic.ee\/\",\"logo\":{\"@type\":\"ImageObject\",\"inLanguage\":\"en-GB\",\"@id\":\"https:\/\/www.tmtbaltic.ee\/#\/schema\/logo\/image\/\",\"url\":\"https:\/\/tmtbaltic.ee\/wp-content\/uploads\/2023\/12\/TMT-logo_white_500x375px-1.svg\",\"contentUrl\":\"https:\/\/tmtbaltic.ee\/wp-content\/uploads\/2023\/12\/TMT-logo_white_500x375px-1.svg\",\"width\":100,\"height\":375,\"caption\":\"TMT. Malinen Baltic\"},\"image\":{\"@id\":\"https:\/\/www.tmtbaltic.ee\/#\/schema\/logo\/image\/\"},\"sameAs\":[\"https:\/\/www.facebook.com\/p\/TMT-Malinen-Baltic-100057168351492\/\"]}]}<\/script>\n<!-- \/ Yoast SEO plugin. -->","yoast_head_json":{"title":"P\u00f5randakate K\u00f6rapur 690 - TMT Widni Baltic","robots":{"index":"index","follow":"follow","max-snippet":"max-snippet:-1","max-image-preview":"max-image-preview:large","max-video-preview":"max-video-preview:-1"},"canonical":"https:\/\/tmtbaltic.ee\/en\/product\/porandakate-korapur-690\/","og_locale":"en_GB","og_type":"article","og_title":"P\u00f5randakate K\u00f6rapur 690 - TMT Widni Baltic","og_description":"P\u00f5randakate K\u00f6rapur 690 osa A+B 6 kg konteiner, hall.  K\u00f6rapur 690 on 2-komponentne pol\u00fcuretaanil p\u00f5hinev p\u00f5randakate, mis sisaldab r\u00e4niliiva. Kaubaruumide mitmeotstarbeline p\u00f5randakate sobib n\u00e4iteks veoautode, haagiste, konteinerite ja haagissuvilate p\u00f5randa katmiseks. Suurep\u00e4rane kattelahendus toiduainete tarneautodele, mida kasutatakse v\u00e4rske toidu, liha\/kala ja k\u00fclmutatud kaupade kohaletoimetamiseks (testitud temperatuuril -30\u00b0C).  Alusmaterjaliks v\u00f5ib olla klaaskiud, alumiinium, kaetud teras, puit jne.  Piisavus ca 7-10 m\u00b2\/6 kg.","og_url":"https:\/\/tmtbaltic.ee\/en\/product\/porandakate-korapur-690\/","og_site_name":"TMT Widni Baltic","article_publisher":"https:\/\/www.facebook.com\/p\/TMT-Malinen-Baltic-100057168351492\/","article_modified_time":"2024-06-25T06:36:39+00:00","og_image":[{"width":600,"height":600,"url":"https:\/\/www.tmtbaltic.ee\/wp-content\/uploads\/2024\/05\/687160.jpg","type":"image\/jpeg"}],"twitter_card":"summary_large_image","twitter_misc":{"Estimated reading time":"1 minute"},"schema":{"@context":"https:\/\/schema.org","@graph":[{"@type":"WebPage","@id":"https:\/\/tmtbaltic.ee\/product\/porandakate-korapur-690\/","url":"https:\/\/tmtbaltic.ee\/product\/porandakate-korapur-690\/","name":"P\u00f5randakate K\u00f6rapur 690 - TMT Widni Baltic","isPartOf":{"@id":"https:\/\/www.tmtbaltic.ee\/#website"},"primaryImageOfPage":{"@id":"https:\/\/tmtbaltic.ee\/product\/porandakate-korapur-690\/#primaryimage"},"image":{"@id":"https:\/\/tmtbaltic.ee\/product\/porandakate-korapur-690\/#primaryimage"},"thumbnailUrl":"https:\/\/tmtbaltic.ee\/wp-content\/uploads\/2024\/05\/687160.jpg","datePublished":"2024-05-27T12:52:08+00:00","dateModified":"2024-06-25T06:36:39+00:00","breadcrumb":{"@id":"https:\/\/tmtbaltic.ee\/product\/porandakate-korapur-690\/#breadcrumb"},"inLanguage":"en-GB","potentialAction":[{"@type":"ReadAction","target":["https:\/\/tmtbaltic.ee\/product\/porandakate-korapur-690\/"]}]},{"@type":"ImageObject","inLanguage":"en-GB","@id":"https:\/\/tmtbaltic.ee\/product\/porandakate-korapur-690\/#primaryimage","url":"https:\/\/tmtbaltic.ee\/wp-content\/uploads\/2024\/05\/687160.jpg","contentUrl":"https:\/\/tmtbaltic.ee\/wp-content\/uploads\/2024\/05\/687160.jpg","width":600,"height":600},{"@type":"BreadcrumbList","@id":"https:\/\/tmtbaltic.ee\/product\/porandakate-korapur-690\/#breadcrumb","itemListElement":[{"@type":"ListItem","position":1,"name":"Tootekataloog","item":"https:\/\/www.tmtbaltic.ee\/tootekataloog\/"},{"@type":"ListItem","position":2,"name":"P\u00f5randakate K\u00f6rapur 690"}]},{"@type":"WebSite","@id":"https:\/\/www.tmtbaltic.ee\/#website","url":"https:\/\/www.tmtbaltic.ee\/","name":"TMT. Malinen Baltic","description":"TMT Widni Baltic","publisher":{"@id":"https:\/\/www.tmtbaltic.ee\/#organization"},"potentialAction":[{"@type":"SearchAction","target":{"@type":"EntryPoint","urlTemplate":"https:\/\/www.tmtbaltic.ee\/?s={search_term_string}"},"query-input":{"@type":"PropertyValueSpecification","valueRequired":true,"valueName":"search_term_string"}}],"inLanguage":"en-GB"},{"@type":"Organization","@id":"https:\/\/www.tmtbaltic.ee\/#organization","name":"TMT. Malinen Baltic","url":"https:\/\/www.tmtbaltic.ee\/","logo":{"@type":"ImageObject","inLanguage":"en-GB","@id":"https:\/\/www.tmtbaltic.ee\/#\/schema\/logo\/image\/","url":"https:\/\/tmtbaltic.ee\/wp-content\/uploads\/2023\/12\/TMT-logo_white_500x375px-1.svg","contentUrl":"https:\/\/tmtbaltic.ee\/wp-content\/uploads\/2023\/12\/TMT-logo_white_500x375px-1.svg","width":100,"height":375,"caption":"TMT. Malinen Baltic"},"image":{"@id":"https:\/\/www.tmtbaltic.ee\/#\/schema\/logo\/image\/"},"sameAs":["https:\/\/www.facebook.com\/p\/TMT-Malinen-Baltic-100057168351492\/"]}]}},"_links":{"self":[{"href":"https:\/\/tmtbaltic.ee\/en\/wp-json\/wp\/v2\/product\/1856","targetHints":{"allow":["GET"]}}],"collection":[{"href":"https:\/\/tmtbaltic.ee\/en\/wp-json\/wp\/v2\/product"}],"about":[{"href":"https:\/\/tmtbaltic.ee\/en\/wp-json\/wp\/v2\/types\/product"}],"wp:featuredmedia":[{"embeddable":true,"href":"https:\/\/tmtbaltic.ee\/en\/wp-json\/wp\/v2\/media\/1857"}],"wp:attachment":[{"href":"https:\/\/tmtbaltic.ee\/en\/wp-json\/wp\/v2\/media?parent=1856"}],"wp:term":[{"taxonomy":"product_brand","embeddable":true,"href":"https:\/\/tmtbaltic.ee\/en\/wp-json\/wp\/v2\/product_brand?post=1856"},{"taxonomy":"product_cat","embeddable":true,"href":"https:\/\/tmtbaltic.ee\/en\/wp-json\/wp\/v2\/product_cat?post=1856"},{"taxonomy":"product_tag","embeddable":true,"href":"https:\/\/tmtbaltic.ee\/en\/wp-json\/wp\/v2\/product_tag?post=1856"}],"curies":[{"name":"wp","href":"https:\/\/api.w.org\/{rel}","templated":true}]}}