{"id":1865,"date":"2024-05-28T08:31:53","date_gmt":"2024-05-28T06:31:53","guid":{"rendered":"https:\/\/tmtbaltic.ee\/?post_type=product&#038;p=1865"},"modified":"2024-06-25T08:36:39","modified_gmt":"2024-06-25T06:36:39","slug":"korapop-225-valge-600ml","status":"publish","type":"product","link":"https:\/\/tmtbaltic.ee\/en\/product\/korapop-225-valge-600ml\/","title":{"rendered":"K\u00f6rapop 225 white 600ml"},"content":{"rendered":"<ul>\n<li>Weight: 600ml\/850g<\/li>\n<li>Color: white<\/li>\n<\/ul>\n<p><img decoding=\"async\" class=\"alignnone size-full wp-image-1850\" src=\"https:\/\/tmtbaltic.ee\/wp-content\/uploads\/2024\/05\/Kommerling.jpg\" alt=\"\" width=\"150\" height=\"31\" srcset=\"https:\/\/tmtbaltic.ee\/wp-content\/uploads\/2024\/05\/Kommerling.jpg 150w, https:\/\/tmtbaltic.ee\/wp-content\/uploads\/2024\/05\/Kommerling-18x4.jpg 18w, https:\/\/tmtbaltic.ee\/wp-content\/uploads\/2024\/05\/Kommerling-64x13.jpg 64w\" sizes=\"(max-width: 150px) 100vw, 150px\" \/><\/p>","protected":false},"excerpt":{"rendered":"<p>Flexible universal adhesive and sealing paste based on 1K-MS polymer. The product is suitable for connecting different materials such as glass and metal.<\/p>\n<p>Excellent adhesion:<\/p>\n<ul>\n<li>Glass, metals (e.g. zinc, aluminum, steel), wooden surfaces, common building materials<\/li>\n<\/ul>\n<p>Functions:<\/p>\n<ul>\n<li>One-component, flexibility when drying, excellent UV resistance, excellent resistance to weather and moisture, odorless, touch dry in 25 minutes, tensile strength 3 N\/mm\u00b2<\/li>\n<li>Intermittent extension 500%<\/li>\n<li>Frost resistance up to -60\u00b0C<\/li>\n<li>Heat resistance up to 90\u00b0C (120\u00b0C 60 minutes)<\/li>\n<\/ul>\n<p>Apps:<\/p>\n<ul>\n<li>Versatile bonding, sealing purposes, joint finishing<\/li>\n<\/ul>","protected":false},"featured_media":1860,"template":"","meta":{"site-sidebar-layout":"default","site-content-layout":"","ast-site-content-layout":"default","site-content-style":"default","site-sidebar-style":"default","ast-global-header-display":"","ast-banner-title-visibility":"","ast-main-header-display":"","ast-hfb-above-header-display":"","ast-hfb-below-header-display":"","ast-hfb-mobile-header-display":"","site-post-title":"","ast-breadcrumbs-content":"","ast-featured-img":"","footer-sml-layout":"","ast-disable-related-posts":"","theme-transparent-header-meta":"default","adv-header-id-meta":"","stick-header-meta":"","header-above-stick-meta":"","header-main-stick-meta":"","header-below-stick-meta":"","astra-migrate-meta-layouts":"set","ast-page-background-enabled":"default","ast-page-background-meta":{"desktop":{"background-color":"var(--ast-global-color-4)","background-image":"","background-repeat":"repeat","background-position":"center center","background-size":"auto","background-attachment":"scroll","background-type":"","background-media":"","overlay-type":"","overlay-color":"","overlay-opacity":"","overlay-gradient":""},"tablet":{"background-color":"","background-image":"","background-repeat":"repeat","background-position":"center center","background-size":"auto","background-attachment":"scroll","background-type":"","background-media":"","overlay-type":"","overlay-color":"","overlay-opacity":"","overlay-gradient":""},"mobile":{"background-color":"","background-image":"","background-repeat":"repeat","background-position":"center center","background-size":"auto","background-attachment":"scroll","background-type":"","background-media":"","overlay-type":"","overlay-color":"","overlay-opacity":"","overlay-gradient":""}},"ast-content-background-meta":{"desktop":{"background-color":"var(--ast-global-color-5)","background-image":"","background-repeat":"repeat","background-position":"center center","background-size":"auto","background-attachment":"scroll","background-type":"","background-media":"","overlay-type":"","overlay-color":"","overlay-opacity":"","overlay-gradient":""},"tablet":{"background-color":"var(--ast-global-color-5)","background-image":"","background-repeat":"repeat","background-position":"center center","background-size":"auto","background-attachment":"scroll","background-type":"","background-media":"","overlay-type":"","overlay-color":"","overlay-opacity":"","overlay-gradient":""},"mobile":{"background-color":"var(--ast-global-color-5)","background-image":"","background-repeat":"repeat","background-position":"center center","background-size":"auto","background-attachment":"scroll","background-type":"","background-media":"","overlay-type":"","overlay-color":"","overlay-opacity":"","overlay-gradient":""}}},"product_brand":[],"product_cat":[76],"product_tag":[],"class_list":{"0":"post-1865","1":"product","2":"type-product","3":"status-publish","4":"has-post-thumbnail","6":"product_cat-liimid-ja-katted","7":"desktop-align-left","8":"tablet-align-left","9":"mobile-align-left","11":"first","12":"instock","13":"shipping-taxable","14":"product-type-simple"},"yoast_head":"<!-- This site is optimized with the Yoast SEO plugin v27.2 - https:\/\/yoast.com\/product\/yoast-seo-wordpress\/ -->\n<title>K\u00f6rapop 225 valge 600ml - TMT Widni Baltic<\/title>\n<meta name=\"robots\" content=\"index, follow, max-snippet:-1, max-image-preview:large, max-video-preview:-1\" \/>\n<link rel=\"canonical\" href=\"https:\/\/tmtbaltic.ee\/en\/product\/korapop-225-valge-600ml\/\" \/>\n<meta property=\"og:locale\" content=\"en_GB\" \/>\n<meta property=\"og:type\" content=\"article\" \/>\n<meta property=\"og:title\" content=\"K\u00f6rapop 225 valge 600ml - TMT Widni Baltic\" \/>\n<meta property=\"og:description\" content=\"1K-MS pol\u00fcmeeril p\u00f5hinev painduv \u00fcldliim ja tihenduspasta. Toode sobib erinevate materjalide nagu klaas ja metall omavahel \u00fchendamiseks.  Suurep\u00e4rane nakkuvus:   Klaas, metallid (nt tsink, alumiinium, teras), puitpinnad, levinud ehitusmaterjalid  Funktsioonid:   \u00dchekomponentne, paindlikkus kuivamisel, suurep\u00e4rane UV-vastupidavus, suurep\u00e4rane vastupidavus ilmastikule ja niiskusele, l\u00f5hnatu, puutekuiv 25 minutiga, t\u00f5mbetugevus 3 N\/mm\u00b2  Katkene pikenemine 500%  K\u00fclmakindlus kuni -60\u00b0C  Kuumakindlus kuni 90\u00b0C (120\u00b0C 60 minutit)  Rakendused:   Mitmek\u00fclgne liimimine, pitseerimise eesm\u00e4rgid, vuukide viimistlus\" \/>\n<meta property=\"og:url\" content=\"https:\/\/tmtbaltic.ee\/en\/product\/korapop-225-valge-600ml\/\" \/>\n<meta property=\"og:site_name\" content=\"TMT Widni Baltic\" \/>\n<meta property=\"article:publisher\" content=\"https:\/\/www.facebook.com\/p\/TMT-Malinen-Baltic-100057168351492\/\" \/>\n<meta property=\"article:modified_time\" content=\"2024-06-25T06:36:39+00:00\" \/>\n<meta property=\"og:image\" content=\"https:\/\/tmtbaltic.ee\/wp-content\/uploads\/2024\/05\/686725.jpg\" \/>\n\t<meta property=\"og:image:width\" content=\"600\" \/>\n\t<meta property=\"og:image:height\" content=\"600\" \/>\n\t<meta property=\"og:image:type\" content=\"image\/jpeg\" \/>\n<meta name=\"twitter:card\" content=\"summary_large_image\" \/>\n<meta name=\"twitter:label1\" content=\"Estimated reading time\" \/>\n\t<meta name=\"twitter:data1\" content=\"1 minute\" \/>\n<script type=\"application\/ld+json\" class=\"yoast-schema-graph\">{\"@context\":\"https:\/\/schema.org\",\"@graph\":[{\"@type\":\"WebPage\",\"@id\":\"https:\/\/tmtbaltic.ee\/product\/korapop-225-valge-600ml\/\",\"url\":\"https:\/\/tmtbaltic.ee\/product\/korapop-225-valge-600ml\/\",\"name\":\"K\u00f6rapop 225 valge 600ml - TMT Widni Baltic\",\"isPartOf\":{\"@id\":\"https:\/\/www.tmtbaltic.ee\/#website\"},\"primaryImageOfPage\":{\"@id\":\"https:\/\/tmtbaltic.ee\/product\/korapop-225-valge-600ml\/#primaryimage\"},\"image\":{\"@id\":\"https:\/\/tmtbaltic.ee\/product\/korapop-225-valge-600ml\/#primaryimage\"},\"thumbnailUrl\":\"https:\/\/tmtbaltic.ee\/wp-content\/uploads\/2024\/05\/686725.jpg\",\"datePublished\":\"2024-05-28T06:31:53+00:00\",\"dateModified\":\"2024-06-25T06:36:39+00:00\",\"breadcrumb\":{\"@id\":\"https:\/\/tmtbaltic.ee\/product\/korapop-225-valge-600ml\/#breadcrumb\"},\"inLanguage\":\"en-GB\",\"potentialAction\":[{\"@type\":\"ReadAction\",\"target\":[\"https:\/\/tmtbaltic.ee\/product\/korapop-225-valge-600ml\/\"]}]},{\"@type\":\"ImageObject\",\"inLanguage\":\"en-GB\",\"@id\":\"https:\/\/tmtbaltic.ee\/product\/korapop-225-valge-600ml\/#primaryimage\",\"url\":\"https:\/\/tmtbaltic.ee\/wp-content\/uploads\/2024\/05\/686725.jpg\",\"contentUrl\":\"https:\/\/tmtbaltic.ee\/wp-content\/uploads\/2024\/05\/686725.jpg\",\"width\":600,\"height\":600},{\"@type\":\"BreadcrumbList\",\"@id\":\"https:\/\/tmtbaltic.ee\/product\/korapop-225-valge-600ml\/#breadcrumb\",\"itemListElement\":[{\"@type\":\"ListItem\",\"position\":1,\"name\":\"Tootekataloog\",\"item\":\"https:\/\/www.tmtbaltic.ee\/tootekataloog\/\"},{\"@type\":\"ListItem\",\"position\":2,\"name\":\"K\u00f6rapop 225 valge 600ml\"}]},{\"@type\":\"WebSite\",\"@id\":\"https:\/\/www.tmtbaltic.ee\/#website\",\"url\":\"https:\/\/www.tmtbaltic.ee\/\",\"name\":\"TMT. Malinen Baltic\",\"description\":\"TMT Widni Baltic\",\"publisher\":{\"@id\":\"https:\/\/www.tmtbaltic.ee\/#organization\"},\"potentialAction\":[{\"@type\":\"SearchAction\",\"target\":{\"@type\":\"EntryPoint\",\"urlTemplate\":\"https:\/\/www.tmtbaltic.ee\/?s={search_term_string}\"},\"query-input\":{\"@type\":\"PropertyValueSpecification\",\"valueRequired\":true,\"valueName\":\"search_term_string\"}}],\"inLanguage\":\"en-GB\"},{\"@type\":\"Organization\",\"@id\":\"https:\/\/www.tmtbaltic.ee\/#organization\",\"name\":\"TMT. Malinen Baltic\",\"url\":\"https:\/\/www.tmtbaltic.ee\/\",\"logo\":{\"@type\":\"ImageObject\",\"inLanguage\":\"en-GB\",\"@id\":\"https:\/\/www.tmtbaltic.ee\/#\/schema\/logo\/image\/\",\"url\":\"https:\/\/tmtbaltic.ee\/wp-content\/uploads\/2023\/12\/TMT-logo_white_500x375px-1.svg\",\"contentUrl\":\"https:\/\/tmtbaltic.ee\/wp-content\/uploads\/2023\/12\/TMT-logo_white_500x375px-1.svg\",\"width\":100,\"height\":375,\"caption\":\"TMT. Malinen Baltic\"},\"image\":{\"@id\":\"https:\/\/www.tmtbaltic.ee\/#\/schema\/logo\/image\/\"},\"sameAs\":[\"https:\/\/www.facebook.com\/p\/TMT-Malinen-Baltic-100057168351492\/\"]}]}<\/script>\n<!-- \/ Yoast SEO plugin. -->","yoast_head_json":{"title":"K\u00f6rapop 225 valge 600ml - TMT Widni Baltic","robots":{"index":"index","follow":"follow","max-snippet":"max-snippet:-1","max-image-preview":"max-image-preview:large","max-video-preview":"max-video-preview:-1"},"canonical":"https:\/\/tmtbaltic.ee\/en\/product\/korapop-225-valge-600ml\/","og_locale":"en_GB","og_type":"article","og_title":"K\u00f6rapop 225 valge 600ml - TMT Widni Baltic","og_description":"1K-MS pol\u00fcmeeril p\u00f5hinev painduv \u00fcldliim ja tihenduspasta. Toode sobib erinevate materjalide nagu klaas ja metall omavahel \u00fchendamiseks.  Suurep\u00e4rane nakkuvus:   Klaas, metallid (nt tsink, alumiinium, teras), puitpinnad, levinud ehitusmaterjalid  Funktsioonid:   \u00dchekomponentne, paindlikkus kuivamisel, suurep\u00e4rane UV-vastupidavus, suurep\u00e4rane vastupidavus ilmastikule ja niiskusele, l\u00f5hnatu, puutekuiv 25 minutiga, t\u00f5mbetugevus 3 N\/mm\u00b2  Katkene pikenemine 500%  K\u00fclmakindlus kuni -60\u00b0C  Kuumakindlus kuni 90\u00b0C (120\u00b0C 60 minutit)  Rakendused:   Mitmek\u00fclgne liimimine, pitseerimise eesm\u00e4rgid, vuukide viimistlus","og_url":"https:\/\/tmtbaltic.ee\/en\/product\/korapop-225-valge-600ml\/","og_site_name":"TMT Widni Baltic","article_publisher":"https:\/\/www.facebook.com\/p\/TMT-Malinen-Baltic-100057168351492\/","article_modified_time":"2024-06-25T06:36:39+00:00","og_image":[{"width":600,"height":600,"url":"https:\/\/tmtbaltic.ee\/wp-content\/uploads\/2024\/05\/686725.jpg","type":"image\/jpeg"}],"twitter_card":"summary_large_image","twitter_misc":{"Estimated reading time":"1 minute"},"schema":{"@context":"https:\/\/schema.org","@graph":[{"@type":"WebPage","@id":"https:\/\/tmtbaltic.ee\/product\/korapop-225-valge-600ml\/","url":"https:\/\/tmtbaltic.ee\/product\/korapop-225-valge-600ml\/","name":"K\u00f6rapop 225 valge 600ml - TMT Widni Baltic","isPartOf":{"@id":"https:\/\/www.tmtbaltic.ee\/#website"},"primaryImageOfPage":{"@id":"https:\/\/tmtbaltic.ee\/product\/korapop-225-valge-600ml\/#primaryimage"},"image":{"@id":"https:\/\/tmtbaltic.ee\/product\/korapop-225-valge-600ml\/#primaryimage"},"thumbnailUrl":"https:\/\/tmtbaltic.ee\/wp-content\/uploads\/2024\/05\/686725.jpg","datePublished":"2024-05-28T06:31:53+00:00","dateModified":"2024-06-25T06:36:39+00:00","breadcrumb":{"@id":"https:\/\/tmtbaltic.ee\/product\/korapop-225-valge-600ml\/#breadcrumb"},"inLanguage":"en-GB","potentialAction":[{"@type":"ReadAction","target":["https:\/\/tmtbaltic.ee\/product\/korapop-225-valge-600ml\/"]}]},{"@type":"ImageObject","inLanguage":"en-GB","@id":"https:\/\/tmtbaltic.ee\/product\/korapop-225-valge-600ml\/#primaryimage","url":"https:\/\/tmtbaltic.ee\/wp-content\/uploads\/2024\/05\/686725.jpg","contentUrl":"https:\/\/tmtbaltic.ee\/wp-content\/uploads\/2024\/05\/686725.jpg","width":600,"height":600},{"@type":"BreadcrumbList","@id":"https:\/\/tmtbaltic.ee\/product\/korapop-225-valge-600ml\/#breadcrumb","itemListElement":[{"@type":"ListItem","position":1,"name":"Tootekataloog","item":"https:\/\/www.tmtbaltic.ee\/tootekataloog\/"},{"@type":"ListItem","position":2,"name":"K\u00f6rapop 225 valge 600ml"}]},{"@type":"WebSite","@id":"https:\/\/www.tmtbaltic.ee\/#website","url":"https:\/\/www.tmtbaltic.ee\/","name":"TMT. Malinen Baltic","description":"TMT Widni Baltic","publisher":{"@id":"https:\/\/www.tmtbaltic.ee\/#organization"},"potentialAction":[{"@type":"SearchAction","target":{"@type":"EntryPoint","urlTemplate":"https:\/\/www.tmtbaltic.ee\/?s={search_term_string}"},"query-input":{"@type":"PropertyValueSpecification","valueRequired":true,"valueName":"search_term_string"}}],"inLanguage":"en-GB"},{"@type":"Organization","@id":"https:\/\/www.tmtbaltic.ee\/#organization","name":"TMT. Malinen Baltic","url":"https:\/\/www.tmtbaltic.ee\/","logo":{"@type":"ImageObject","inLanguage":"en-GB","@id":"https:\/\/www.tmtbaltic.ee\/#\/schema\/logo\/image\/","url":"https:\/\/tmtbaltic.ee\/wp-content\/uploads\/2023\/12\/TMT-logo_white_500x375px-1.svg","contentUrl":"https:\/\/tmtbaltic.ee\/wp-content\/uploads\/2023\/12\/TMT-logo_white_500x375px-1.svg","width":100,"height":375,"caption":"TMT. Malinen Baltic"},"image":{"@id":"https:\/\/www.tmtbaltic.ee\/#\/schema\/logo\/image\/"},"sameAs":["https:\/\/www.facebook.com\/p\/TMT-Malinen-Baltic-100057168351492\/"]}]}},"_links":{"self":[{"href":"https:\/\/tmtbaltic.ee\/en\/wp-json\/wp\/v2\/product\/1865","targetHints":{"allow":["GET"]}}],"collection":[{"href":"https:\/\/tmtbaltic.ee\/en\/wp-json\/wp\/v2\/product"}],"about":[{"href":"https:\/\/tmtbaltic.ee\/en\/wp-json\/wp\/v2\/types\/product"}],"wp:featuredmedia":[{"embeddable":true,"href":"https:\/\/tmtbaltic.ee\/en\/wp-json\/wp\/v2\/media\/1860"}],"wp:attachment":[{"href":"https:\/\/tmtbaltic.ee\/en\/wp-json\/wp\/v2\/media?parent=1865"}],"wp:term":[{"taxonomy":"product_brand","embeddable":true,"href":"https:\/\/tmtbaltic.ee\/en\/wp-json\/wp\/v2\/product_brand?post=1865"},{"taxonomy":"product_cat","embeddable":true,"href":"https:\/\/tmtbaltic.ee\/en\/wp-json\/wp\/v2\/product_cat?post=1865"},{"taxonomy":"product_tag","embeddable":true,"href":"https:\/\/tmtbaltic.ee\/en\/wp-json\/wp\/v2\/product_tag?post=1865"}],"curies":[{"name":"wp","href":"https:\/\/api.w.org\/{rel}","templated":true}]}}