{"id":1882,"date":"2024-05-28T09:37:34","date_gmt":"2024-05-28T07:37:34","guid":{"rendered":"https:\/\/tmtbaltic.ee\/?post_type=product&#038;p=1882"},"modified":"2024-06-25T08:36:38","modified_gmt":"2024-06-25T06:36:38","slug":"korapur-940-marine-600ml-valge","status":"publish","type":"product","link":"https:\/\/tmtbaltic.ee\/en\/product\/korapur-940-marine-600ml-valge\/","title":{"rendered":"K\u00f6rapur 940 Marine 600ml white"},"content":{"rendered":"<ul>\n<li>Weight: 696g\/pc<\/li>\n<li>Color: white<\/li>\n<\/ul>\n<p><img decoding=\"async\" class=\"alignnone size-full wp-image-1850\" src=\"https:\/\/tmtbaltic.ee\/wp-content\/uploads\/2024\/05\/Kommerling.jpg\" alt=\"\" width=\"150\" height=\"31\" srcset=\"https:\/\/tmtbaltic.ee\/wp-content\/uploads\/2024\/05\/Kommerling.jpg 150w, https:\/\/tmtbaltic.ee\/wp-content\/uploads\/2024\/05\/Kommerling-18x4.jpg 18w, https:\/\/tmtbaltic.ee\/wp-content\/uploads\/2024\/05\/Kommerling-64x13.jpg 64w\" sizes=\"(max-width: 150px) 100vw, 150px\" \/><\/p>","protected":false},"excerpt":{"rendered":"<p>1K polyurethane-based structural adhesive and sealing paste for the boat and ship industry.<\/p>\n<p>The product adheres to processed metals, aluminum, wooden surfaces, many plastics and gel coatings. When dry, the product is elastic and has good moisture and weather resistance properties.<\/p>\n<ul>\n<li>The solidified product can be painted over.<\/li>\n<li>Wide working temperature range -40\u00b0C-+90\u00b0C (temporarily +120\u00b0C).<\/li>\n<li>IMO certified.<\/li>\n<li>Non-stick 70-90 min., hardness 55 Shore A, tensile strength 4N\/mm2, breaking strength 400%.<\/li>\n<\/ul>","protected":false},"featured_media":1884,"template":"","meta":{"site-sidebar-layout":"default","site-content-layout":"","ast-site-content-layout":"default","site-content-style":"default","site-sidebar-style":"default","ast-global-header-display":"","ast-banner-title-visibility":"","ast-main-header-display":"","ast-hfb-above-header-display":"","ast-hfb-below-header-display":"","ast-hfb-mobile-header-display":"","site-post-title":"","ast-breadcrumbs-content":"","ast-featured-img":"","footer-sml-layout":"","ast-disable-related-posts":"","theme-transparent-header-meta":"default","adv-header-id-meta":"","stick-header-meta":"","header-above-stick-meta":"","header-main-stick-meta":"","header-below-stick-meta":"","astra-migrate-meta-layouts":"set","ast-page-background-enabled":"default","ast-page-background-meta":{"desktop":{"background-color":"var(--ast-global-color-4)","background-image":"","background-repeat":"repeat","background-position":"center center","background-size":"auto","background-attachment":"scroll","background-type":"","background-media":"","overlay-type":"","overlay-color":"","overlay-opacity":"","overlay-gradient":""},"tablet":{"background-color":"","background-image":"","background-repeat":"repeat","background-position":"center center","background-size":"auto","background-attachment":"scroll","background-type":"","background-media":"","overlay-type":"","overlay-color":"","overlay-opacity":"","overlay-gradient":""},"mobile":{"background-color":"","background-image":"","background-repeat":"repeat","background-position":"center center","background-size":"auto","background-attachment":"scroll","background-type":"","background-media":"","overlay-type":"","overlay-color":"","overlay-opacity":"","overlay-gradient":""}},"ast-content-background-meta":{"desktop":{"background-color":"var(--ast-global-color-5)","background-image":"","background-repeat":"repeat","background-position":"center center","background-size":"auto","background-attachment":"scroll","background-type":"","background-media":"","overlay-type":"","overlay-color":"","overlay-opacity":"","overlay-gradient":""},"tablet":{"background-color":"var(--ast-global-color-5)","background-image":"","background-repeat":"repeat","background-position":"center center","background-size":"auto","background-attachment":"scroll","background-type":"","background-media":"","overlay-type":"","overlay-color":"","overlay-opacity":"","overlay-gradient":""},"mobile":{"background-color":"var(--ast-global-color-5)","background-image":"","background-repeat":"repeat","background-position":"center center","background-size":"auto","background-attachment":"scroll","background-type":"","background-media":"","overlay-type":"","overlay-color":"","overlay-opacity":"","overlay-gradient":""}}},"product_brand":[],"product_cat":[76],"product_tag":[],"class_list":{"0":"post-1882","1":"product","2":"type-product","3":"status-publish","4":"has-post-thumbnail","6":"product_cat-liimid-ja-katted","7":"desktop-align-left","8":"tablet-align-left","9":"mobile-align-left","11":"first","12":"instock","13":"shipping-taxable","14":"product-type-simple"},"yoast_head":"<!-- This site is optimized with the Yoast SEO plugin v27.2 - https:\/\/yoast.com\/product\/yoast-seo-wordpress\/ -->\n<title>K\u00f6rapur 940 Marine 600ml valge - TMT Widni Baltic<\/title>\n<meta name=\"robots\" content=\"index, follow, max-snippet:-1, max-image-preview:large, max-video-preview:-1\" \/>\n<link rel=\"canonical\" href=\"https:\/\/tmtbaltic.ee\/en\/product\/korapur-940-marine-600ml-valge\/\" \/>\n<meta property=\"og:locale\" content=\"en_GB\" \/>\n<meta property=\"og:type\" content=\"article\" \/>\n<meta property=\"og:title\" content=\"K\u00f6rapur 940 Marine 600ml valge - TMT Widni Baltic\" \/>\n<meta property=\"og:description\" content=\"1K pol\u00fcuretaanil p\u00f5hinev struktuurliim ja tihenduspasta paadi- ja laevat\u00f6\u00f6stusele.  Toode nakkub t\u00f6\u00f6deldud metallide, alumiiniumi, puitpindade, mitmete plastide ja geelkattega. Kuivanuna on toode elastne ning sellel on head niiskus- ja ilmastikukindlusomadused.   Tardunud toodet v\u00f5ib \u00fcle v\u00e4rvida.  Lai t\u00f6\u00f6temperatuuri vahemik -40\u00b0C-+90\u00b0C (ajutiselt +120\u00b0C).  IMO sertifitseeritud.  Nakkumisvaba 70\u201390 min., k\u00f5vadus 55 Shore A, t\u00f5mbetugevus 4N\/mm2, katkevus 400%.\" \/>\n<meta property=\"og:url\" content=\"https:\/\/tmtbaltic.ee\/en\/product\/korapur-940-marine-600ml-valge\/\" \/>\n<meta property=\"og:site_name\" content=\"TMT Widni Baltic\" \/>\n<meta property=\"article:publisher\" content=\"https:\/\/www.facebook.com\/p\/TMT-Malinen-Baltic-100057168351492\/\" \/>\n<meta property=\"article:modified_time\" content=\"2024-06-25T06:36:38+00:00\" \/>\n<meta property=\"og:image\" content=\"https:\/\/tmtbaltic.ee\/wp-content\/uploads\/2024\/05\/680150.jpg\" \/>\n\t<meta property=\"og:image:width\" content=\"600\" \/>\n\t<meta property=\"og:image:height\" content=\"600\" \/>\n\t<meta property=\"og:image:type\" content=\"image\/jpeg\" \/>\n<meta name=\"twitter:card\" content=\"summary_large_image\" \/>\n<meta name=\"twitter:label1\" content=\"Estimated reading time\" \/>\n\t<meta name=\"twitter:data1\" content=\"1 minute\" \/>\n<script type=\"application\/ld+json\" class=\"yoast-schema-graph\">{\"@context\":\"https:\/\/schema.org\",\"@graph\":[{\"@type\":\"WebPage\",\"@id\":\"https:\/\/tmtbaltic.ee\/en\/product\/korapur-940-marine-600ml-valge\/\",\"url\":\"https:\/\/tmtbaltic.ee\/en\/product\/korapur-940-marine-600ml-valge\/\",\"name\":\"K\u00f6rapur 940 Marine 600ml valge - TMT Widni Baltic\",\"isPartOf\":{\"@id\":\"https:\/\/tmtbaltic.ee\/#website\"},\"primaryImageOfPage\":{\"@id\":\"https:\/\/tmtbaltic.ee\/en\/product\/korapur-940-marine-600ml-valge\/#primaryimage\"},\"image\":{\"@id\":\"https:\/\/tmtbaltic.ee\/en\/product\/korapur-940-marine-600ml-valge\/#primaryimage\"},\"thumbnailUrl\":\"https:\/\/tmtbaltic.ee\/wp-content\/uploads\/2024\/05\/680150.jpg\",\"datePublished\":\"2024-05-28T07:37:34+00:00\",\"dateModified\":\"2024-06-25T06:36:38+00:00\",\"breadcrumb\":{\"@id\":\"https:\/\/tmtbaltic.ee\/en\/product\/korapur-940-marine-600ml-valge\/#breadcrumb\"},\"inLanguage\":\"en-GB\",\"potentialAction\":[{\"@type\":\"ReadAction\",\"target\":[\"https:\/\/tmtbaltic.ee\/en\/product\/korapur-940-marine-600ml-valge\/\"]}]},{\"@type\":\"ImageObject\",\"inLanguage\":\"en-GB\",\"@id\":\"https:\/\/tmtbaltic.ee\/en\/product\/korapur-940-marine-600ml-valge\/#primaryimage\",\"url\":\"https:\/\/tmtbaltic.ee\/wp-content\/uploads\/2024\/05\/680150.jpg\",\"contentUrl\":\"https:\/\/tmtbaltic.ee\/wp-content\/uploads\/2024\/05\/680150.jpg\",\"width\":600,\"height\":600},{\"@type\":\"BreadcrumbList\",\"@id\":\"https:\/\/tmtbaltic.ee\/en\/product\/korapur-940-marine-600ml-valge\/#breadcrumb\",\"itemListElement\":[{\"@type\":\"ListItem\",\"position\":1,\"name\":\"Tootekataloog\",\"item\":\"https:\/\/tmtbaltic.ee\/tootekataloog\/\"},{\"@type\":\"ListItem\",\"position\":2,\"name\":\"K\u00f6rapur 940 Marine 600ml valge\"}]},{\"@type\":\"WebSite\",\"@id\":\"https:\/\/tmtbaltic.ee\/#website\",\"url\":\"https:\/\/tmtbaltic.ee\/\",\"name\":\"TMT. Malinen Baltic\",\"description\":\"TMT Widni Baltic\",\"publisher\":{\"@id\":\"https:\/\/tmtbaltic.ee\/#organization\"},\"potentialAction\":[{\"@type\":\"SearchAction\",\"target\":{\"@type\":\"EntryPoint\",\"urlTemplate\":\"https:\/\/tmtbaltic.ee\/?s={search_term_string}\"},\"query-input\":{\"@type\":\"PropertyValueSpecification\",\"valueRequired\":true,\"valueName\":\"search_term_string\"}}],\"inLanguage\":\"en-GB\"},{\"@type\":\"Organization\",\"@id\":\"https:\/\/tmtbaltic.ee\/#organization\",\"name\":\"TMT. Malinen Baltic\",\"url\":\"https:\/\/tmtbaltic.ee\/\",\"logo\":{\"@type\":\"ImageObject\",\"inLanguage\":\"en-GB\",\"@id\":\"https:\/\/tmtbaltic.ee\/#\/schema\/logo\/image\/\",\"url\":\"https:\/\/tmtbaltic.ee\/wp-content\/uploads\/2023\/12\/TMT-logo_white_500x375px-1.svg\",\"contentUrl\":\"https:\/\/tmtbaltic.ee\/wp-content\/uploads\/2023\/12\/TMT-logo_white_500x375px-1.svg\",\"width\":100,\"height\":375,\"caption\":\"TMT. Malinen Baltic\"},\"image\":{\"@id\":\"https:\/\/tmtbaltic.ee\/#\/schema\/logo\/image\/\"},\"sameAs\":[\"https:\/\/www.facebook.com\/p\/TMT-Malinen-Baltic-100057168351492\/\"]}]}<\/script>\n<!-- \/ Yoast SEO plugin. -->","yoast_head_json":{"title":"K\u00f6rapur 940 Marine 600ml valge - TMT Widni Baltic","robots":{"index":"index","follow":"follow","max-snippet":"max-snippet:-1","max-image-preview":"max-image-preview:large","max-video-preview":"max-video-preview:-1"},"canonical":"https:\/\/tmtbaltic.ee\/en\/product\/korapur-940-marine-600ml-valge\/","og_locale":"en_GB","og_type":"article","og_title":"K\u00f6rapur 940 Marine 600ml valge - TMT Widni Baltic","og_description":"1K pol\u00fcuretaanil p\u00f5hinev struktuurliim ja tihenduspasta paadi- ja laevat\u00f6\u00f6stusele.  Toode nakkub t\u00f6\u00f6deldud metallide, alumiiniumi, puitpindade, mitmete plastide ja geelkattega. Kuivanuna on toode elastne ning sellel on head niiskus- ja ilmastikukindlusomadused.   Tardunud toodet v\u00f5ib \u00fcle v\u00e4rvida.  Lai t\u00f6\u00f6temperatuuri vahemik -40\u00b0C-+90\u00b0C (ajutiselt +120\u00b0C).  IMO sertifitseeritud.  Nakkumisvaba 70\u201390 min., k\u00f5vadus 55 Shore A, t\u00f5mbetugevus 4N\/mm2, katkevus 400%.","og_url":"https:\/\/tmtbaltic.ee\/en\/product\/korapur-940-marine-600ml-valge\/","og_site_name":"TMT Widni Baltic","article_publisher":"https:\/\/www.facebook.com\/p\/TMT-Malinen-Baltic-100057168351492\/","article_modified_time":"2024-06-25T06:36:38+00:00","og_image":[{"width":600,"height":600,"url":"https:\/\/tmtbaltic.ee\/wp-content\/uploads\/2024\/05\/680150.jpg","type":"image\/jpeg"}],"twitter_card":"summary_large_image","twitter_misc":{"Estimated reading time":"1 minute"},"schema":{"@context":"https:\/\/schema.org","@graph":[{"@type":"WebPage","@id":"https:\/\/tmtbaltic.ee\/en\/product\/korapur-940-marine-600ml-valge\/","url":"https:\/\/tmtbaltic.ee\/en\/product\/korapur-940-marine-600ml-valge\/","name":"K\u00f6rapur 940 Marine 600ml valge - TMT Widni Baltic","isPartOf":{"@id":"https:\/\/tmtbaltic.ee\/#website"},"primaryImageOfPage":{"@id":"https:\/\/tmtbaltic.ee\/en\/product\/korapur-940-marine-600ml-valge\/#primaryimage"},"image":{"@id":"https:\/\/tmtbaltic.ee\/en\/product\/korapur-940-marine-600ml-valge\/#primaryimage"},"thumbnailUrl":"https:\/\/tmtbaltic.ee\/wp-content\/uploads\/2024\/05\/680150.jpg","datePublished":"2024-05-28T07:37:34+00:00","dateModified":"2024-06-25T06:36:38+00:00","breadcrumb":{"@id":"https:\/\/tmtbaltic.ee\/en\/product\/korapur-940-marine-600ml-valge\/#breadcrumb"},"inLanguage":"en-GB","potentialAction":[{"@type":"ReadAction","target":["https:\/\/tmtbaltic.ee\/en\/product\/korapur-940-marine-600ml-valge\/"]}]},{"@type":"ImageObject","inLanguage":"en-GB","@id":"https:\/\/tmtbaltic.ee\/en\/product\/korapur-940-marine-600ml-valge\/#primaryimage","url":"https:\/\/tmtbaltic.ee\/wp-content\/uploads\/2024\/05\/680150.jpg","contentUrl":"https:\/\/tmtbaltic.ee\/wp-content\/uploads\/2024\/05\/680150.jpg","width":600,"height":600},{"@type":"BreadcrumbList","@id":"https:\/\/tmtbaltic.ee\/en\/product\/korapur-940-marine-600ml-valge\/#breadcrumb","itemListElement":[{"@type":"ListItem","position":1,"name":"Tootekataloog","item":"https:\/\/tmtbaltic.ee\/tootekataloog\/"},{"@type":"ListItem","position":2,"name":"K\u00f6rapur 940 Marine 600ml valge"}]},{"@type":"WebSite","@id":"https:\/\/tmtbaltic.ee\/#website","url":"https:\/\/tmtbaltic.ee\/","name":"TMT. Malinen Baltic","description":"TMT Widni Baltic","publisher":{"@id":"https:\/\/tmtbaltic.ee\/#organization"},"potentialAction":[{"@type":"SearchAction","target":{"@type":"EntryPoint","urlTemplate":"https:\/\/tmtbaltic.ee\/?s={search_term_string}"},"query-input":{"@type":"PropertyValueSpecification","valueRequired":true,"valueName":"search_term_string"}}],"inLanguage":"en-GB"},{"@type":"Organization","@id":"https:\/\/tmtbaltic.ee\/#organization","name":"TMT. Malinen Baltic","url":"https:\/\/tmtbaltic.ee\/","logo":{"@type":"ImageObject","inLanguage":"en-GB","@id":"https:\/\/tmtbaltic.ee\/#\/schema\/logo\/image\/","url":"https:\/\/tmtbaltic.ee\/wp-content\/uploads\/2023\/12\/TMT-logo_white_500x375px-1.svg","contentUrl":"https:\/\/tmtbaltic.ee\/wp-content\/uploads\/2023\/12\/TMT-logo_white_500x375px-1.svg","width":100,"height":375,"caption":"TMT. Malinen Baltic"},"image":{"@id":"https:\/\/tmtbaltic.ee\/#\/schema\/logo\/image\/"},"sameAs":["https:\/\/www.facebook.com\/p\/TMT-Malinen-Baltic-100057168351492\/"]}]}},"_links":{"self":[{"href":"https:\/\/tmtbaltic.ee\/en\/wp-json\/wp\/v2\/product\/1882","targetHints":{"allow":["GET"]}}],"collection":[{"href":"https:\/\/tmtbaltic.ee\/en\/wp-json\/wp\/v2\/product"}],"about":[{"href":"https:\/\/tmtbaltic.ee\/en\/wp-json\/wp\/v2\/types\/product"}],"wp:featuredmedia":[{"embeddable":true,"href":"https:\/\/tmtbaltic.ee\/en\/wp-json\/wp\/v2\/media\/1884"}],"wp:attachment":[{"href":"https:\/\/tmtbaltic.ee\/en\/wp-json\/wp\/v2\/media?parent=1882"}],"wp:term":[{"taxonomy":"product_brand","embeddable":true,"href":"https:\/\/tmtbaltic.ee\/en\/wp-json\/wp\/v2\/product_brand?post=1882"},{"taxonomy":"product_cat","embeddable":true,"href":"https:\/\/tmtbaltic.ee\/en\/wp-json\/wp\/v2\/product_cat?post=1882"},{"taxonomy":"product_tag","embeddable":true,"href":"https:\/\/tmtbaltic.ee\/en\/wp-json\/wp\/v2\/product_tag?post=1882"}],"curies":[{"name":"wp","href":"https:\/\/api.w.org\/{rel}","templated":true}]}}