{"id":2119,"date":"2024-06-03T13:46:36","date_gmt":"2024-06-03T11:46:36","guid":{"rendered":"https:\/\/tmtbaltic.ee\/?post_type=product&#038;p=2119"},"modified":"2024-06-25T08:36:37","modified_gmt":"2024-06-25T06:36:37","slug":"servatihend-1-2mm-epdm","status":"publish","type":"product","link":"https:\/\/tmtbaltic.ee\/en\/product\/servatihend-1-2mm-epdm\/","title":{"rendered":"Edge seal 1-2mm EPDM"},"content":{"rendered":"<ul>\n<li>Weight: 200g\/m<\/li>\n<li>Material: EPDM synthetic rubber\/steel reinforcement<\/li>\n<\/ul>\n<p><img decoding=\"async\" class=\"alignnone wp-image-2103\" src=\"https:\/\/tmtbaltic.ee\/wp-content\/uploads\/2024\/06\/SFC-Logo-750.jpg\" alt=\"\" width=\"260\" height=\"47\" srcset=\"https:\/\/www.tmtbaltic.ee\/wp-content\/uploads\/2024\/06\/SFC-Logo-750.jpg 751w, https:\/\/www.tmtbaltic.ee\/wp-content\/uploads\/2024\/06\/SFC-Logo-750-300x54.jpg 300w, https:\/\/www.tmtbaltic.ee\/wp-content\/uploads\/2024\/06\/SFC-Logo-750-18x3.jpg 18w, https:\/\/www.tmtbaltic.ee\/wp-content\/uploads\/2024\/06\/SFC-Logo-750-600x109.jpg 600w, https:\/\/www.tmtbaltic.ee\/wp-content\/uploads\/2024\/06\/SFC-Logo-750-64x12.jpg 64w\" sizes=\"(max-width: 260px) 100vw, 260px\" \/><\/p>","protected":false},"excerpt":{"rendered":"<p>Seal with steel frame. Applicable on doors, hatches and panels, for example in the vehicle industry.<\/p>\n<p>Good grip surface, suitable for demanding applications. <span class=\"Y2IQFc\" lang=\"et\">The fastening groove has a comb-like gluing surface.<\/span><\/p>\n<p>The gasket component has vents.<\/p>\n<p><span class=\"Y2IQFc\" lang=\"et\">Reliability -35\u00b0C to + 90\u00b0C and +100\u00b0C for a short time.\u00a0<\/span><\/p>","protected":false},"featured_media":2121,"template":"","meta":{"site-sidebar-layout":"default","site-content-layout":"","ast-site-content-layout":"default","site-content-style":"default","site-sidebar-style":"default","ast-global-header-display":"","ast-banner-title-visibility":"","ast-main-header-display":"","ast-hfb-above-header-display":"","ast-hfb-below-header-display":"","ast-hfb-mobile-header-display":"","site-post-title":"","ast-breadcrumbs-content":"","ast-featured-img":"","footer-sml-layout":"","ast-disable-related-posts":"","theme-transparent-header-meta":"default","adv-header-id-meta":"","stick-header-meta":"","header-above-stick-meta":"","header-main-stick-meta":"","header-below-stick-meta":"","astra-migrate-meta-layouts":"set","ast-page-background-enabled":"default","ast-page-background-meta":{"desktop":{"background-color":"var(--ast-global-color-4)","background-image":"","background-repeat":"repeat","background-position":"center center","background-size":"auto","background-attachment":"scroll","background-type":"","background-media":"","overlay-type":"","overlay-color":"","overlay-opacity":"","overlay-gradient":""},"tablet":{"background-color":"","background-image":"","background-repeat":"repeat","background-position":"center center","background-size":"auto","background-attachment":"scroll","background-type":"","background-media":"","overlay-type":"","overlay-color":"","overlay-opacity":"","overlay-gradient":""},"mobile":{"background-color":"","background-image":"","background-repeat":"repeat","background-position":"center center","background-size":"auto","background-attachment":"scroll","background-type":"","background-media":"","overlay-type":"","overlay-color":"","overlay-opacity":"","overlay-gradient":""}},"ast-content-background-meta":{"desktop":{"background-color":"var(--ast-global-color-5)","background-image":"","background-repeat":"repeat","background-position":"center center","background-size":"auto","background-attachment":"scroll","background-type":"","background-media":"","overlay-type":"","overlay-color":"","overlay-opacity":"","overlay-gradient":""},"tablet":{"background-color":"var(--ast-global-color-5)","background-image":"","background-repeat":"repeat","background-position":"center center","background-size":"auto","background-attachment":"scroll","background-type":"","background-media":"","overlay-type":"","overlay-color":"","overlay-opacity":"","overlay-gradient":""},"mobile":{"background-color":"var(--ast-global-color-5)","background-image":"","background-repeat":"repeat","background-position":"center center","background-size":"auto","background-attachment":"scroll","background-type":"","background-media":"","overlay-type":"","overlay-color":"","overlay-opacity":"","overlay-gradient":""}}},"product_brand":[],"product_cat":[35],"product_tag":[],"class_list":{"0":"post-2119","1":"product","2":"type-product","3":"status-publish","4":"has-post-thumbnail","6":"product_cat-tihendid-kummipuskurid","7":"desktop-align-left","8":"tablet-align-left","9":"mobile-align-left","11":"first","12":"instock","13":"shipping-taxable","14":"product-type-simple"},"yoast_head":"<!-- This site is optimized with the Yoast SEO plugin v27.2 - https:\/\/yoast.com\/product\/yoast-seo-wordpress\/ -->\n<title>Servatihend 1-2mm EPDM - TMT Widni Baltic<\/title>\n<meta name=\"robots\" content=\"index, follow, max-snippet:-1, max-image-preview:large, max-video-preview:-1\" \/>\n<link rel=\"canonical\" href=\"https:\/\/tmtbaltic.ee\/en\/product\/servatihend-1-2mm-epdm\/\" \/>\n<meta property=\"og:locale\" content=\"en_GB\" \/>\n<meta property=\"og:type\" content=\"article\" \/>\n<meta property=\"og:title\" content=\"Servatihend 1-2mm EPDM - TMT Widni Baltic\" \/>\n<meta property=\"og:description\" content=\"Terasraamiga tihend. Rakendatav ustel, luukidel ja paneelidel, n\u00e4iteks s\u00f5idukit\u00f6\u00f6stuses.  Hea haardepind, sobib n\u00f5udlikeks rakendusteks. Kinnitussoon on kammitaolise liimimispinnaga.  Tihendi komponendil on \u00f5huavad.  T\u00f6\u00f6kindlus -35\u00b0C kuni + 90\u00b0C ja +100\u00b0C l\u00fchiajaliselt.\u00a0\" \/>\n<meta property=\"og:url\" content=\"https:\/\/tmtbaltic.ee\/en\/product\/servatihend-1-2mm-epdm\/\" \/>\n<meta property=\"og:site_name\" content=\"TMT Widni Baltic\" \/>\n<meta property=\"article:publisher\" content=\"https:\/\/www.facebook.com\/p\/TMT-Malinen-Baltic-100057168351492\/\" \/>\n<meta property=\"article:modified_time\" content=\"2024-06-25T06:36:37+00:00\" \/>\n<meta property=\"og:image\" content=\"https:\/\/tmtbaltic.ee\/wp-content\/uploads\/2024\/06\/910130.jpg\" \/>\n\t<meta property=\"og:image:width\" content=\"600\" \/>\n\t<meta property=\"og:image:height\" content=\"600\" \/>\n\t<meta property=\"og:image:type\" content=\"image\/jpeg\" \/>\n<meta name=\"twitter:card\" content=\"summary_large_image\" \/>\n<meta name=\"twitter:label1\" content=\"Estimated reading time\" \/>\n\t<meta name=\"twitter:data1\" content=\"1 minute\" \/>\n<script type=\"application\/ld+json\" class=\"yoast-schema-graph\">{\"@context\":\"https:\/\/schema.org\",\"@graph\":[{\"@type\":\"WebPage\",\"@id\":\"https:\/\/tmtbaltic.ee\/product\/servatihend-1-2mm-epdm\/\",\"url\":\"https:\/\/tmtbaltic.ee\/product\/servatihend-1-2mm-epdm\/\",\"name\":\"Servatihend 1-2mm EPDM - TMT Widni Baltic\",\"isPartOf\":{\"@id\":\"https:\/\/www.tmtbaltic.ee\/#website\"},\"primaryImageOfPage\":{\"@id\":\"https:\/\/tmtbaltic.ee\/product\/servatihend-1-2mm-epdm\/#primaryimage\"},\"image\":{\"@id\":\"https:\/\/tmtbaltic.ee\/product\/servatihend-1-2mm-epdm\/#primaryimage\"},\"thumbnailUrl\":\"https:\/\/www.tmtbaltic.ee\/wp-content\/uploads\/2024\/06\/910130.jpg\",\"datePublished\":\"2024-06-03T11:46:36+00:00\",\"dateModified\":\"2024-06-25T06:36:37+00:00\",\"breadcrumb\":{\"@id\":\"https:\/\/tmtbaltic.ee\/product\/servatihend-1-2mm-epdm\/#breadcrumb\"},\"inLanguage\":\"en-GB\",\"potentialAction\":[{\"@type\":\"ReadAction\",\"target\":[\"https:\/\/tmtbaltic.ee\/product\/servatihend-1-2mm-epdm\/\"]}]},{\"@type\":\"ImageObject\",\"inLanguage\":\"en-GB\",\"@id\":\"https:\/\/tmtbaltic.ee\/product\/servatihend-1-2mm-epdm\/#primaryimage\",\"url\":\"https:\/\/www.tmtbaltic.ee\/wp-content\/uploads\/2024\/06\/910130.jpg\",\"contentUrl\":\"https:\/\/www.tmtbaltic.ee\/wp-content\/uploads\/2024\/06\/910130.jpg\",\"width\":600,\"height\":600},{\"@type\":\"BreadcrumbList\",\"@id\":\"https:\/\/tmtbaltic.ee\/product\/servatihend-1-2mm-epdm\/#breadcrumb\",\"itemListElement\":[{\"@type\":\"ListItem\",\"position\":1,\"name\":\"Tootekataloog\",\"item\":\"https:\/\/tmtbaltic.ee\/en\/tootekataloog\/\"},{\"@type\":\"ListItem\",\"position\":2,\"name\":\"Servatihend 1-2mm EPDM\"}]},{\"@type\":\"WebSite\",\"@id\":\"https:\/\/www.tmtbaltic.ee\/#website\",\"url\":\"https:\/\/www.tmtbaltic.ee\/\",\"name\":\"TMT. Malinen Baltic\",\"description\":\"TMT Widni Baltic\",\"publisher\":{\"@id\":\"https:\/\/www.tmtbaltic.ee\/#organization\"},\"potentialAction\":[{\"@type\":\"SearchAction\",\"target\":{\"@type\":\"EntryPoint\",\"urlTemplate\":\"https:\/\/www.tmtbaltic.ee\/?s={search_term_string}\"},\"query-input\":{\"@type\":\"PropertyValueSpecification\",\"valueRequired\":true,\"valueName\":\"search_term_string\"}}],\"inLanguage\":\"en-GB\"},{\"@type\":\"Organization\",\"@id\":\"https:\/\/www.tmtbaltic.ee\/#organization\",\"name\":\"TMT. Malinen Baltic\",\"url\":\"https:\/\/www.tmtbaltic.ee\/\",\"logo\":{\"@type\":\"ImageObject\",\"inLanguage\":\"en-GB\",\"@id\":\"https:\/\/www.tmtbaltic.ee\/#\/schema\/logo\/image\/\",\"url\":\"https:\/\/tmtbaltic.ee\/wp-content\/uploads\/2023\/12\/TMT-logo_white_500x375px-1.svg\",\"contentUrl\":\"https:\/\/tmtbaltic.ee\/wp-content\/uploads\/2023\/12\/TMT-logo_white_500x375px-1.svg\",\"width\":100,\"height\":375,\"caption\":\"TMT. Malinen Baltic\"},\"image\":{\"@id\":\"https:\/\/www.tmtbaltic.ee\/#\/schema\/logo\/image\/\"},\"sameAs\":[\"https:\/\/www.facebook.com\/p\/TMT-Malinen-Baltic-100057168351492\/\"]}]}<\/script>\n<!-- \/ Yoast SEO plugin. -->","yoast_head_json":{"title":"Servatihend 1-2mm EPDM - TMT Widni Baltic","robots":{"index":"index","follow":"follow","max-snippet":"max-snippet:-1","max-image-preview":"max-image-preview:large","max-video-preview":"max-video-preview:-1"},"canonical":"https:\/\/tmtbaltic.ee\/en\/product\/servatihend-1-2mm-epdm\/","og_locale":"en_GB","og_type":"article","og_title":"Servatihend 1-2mm EPDM - TMT Widni Baltic","og_description":"Terasraamiga tihend. Rakendatav ustel, luukidel ja paneelidel, n\u00e4iteks s\u00f5idukit\u00f6\u00f6stuses.  Hea haardepind, sobib n\u00f5udlikeks rakendusteks. Kinnitussoon on kammitaolise liimimispinnaga.  Tihendi komponendil on \u00f5huavad.  T\u00f6\u00f6kindlus -35\u00b0C kuni + 90\u00b0C ja +100\u00b0C l\u00fchiajaliselt.\u00a0","og_url":"https:\/\/tmtbaltic.ee\/en\/product\/servatihend-1-2mm-epdm\/","og_site_name":"TMT Widni Baltic","article_publisher":"https:\/\/www.facebook.com\/p\/TMT-Malinen-Baltic-100057168351492\/","article_modified_time":"2024-06-25T06:36:37+00:00","og_image":[{"width":600,"height":600,"url":"https:\/\/tmtbaltic.ee\/wp-content\/uploads\/2024\/06\/910130.jpg","type":"image\/jpeg"}],"twitter_card":"summary_large_image","twitter_misc":{"Estimated reading time":"1 minute"},"schema":{"@context":"https:\/\/schema.org","@graph":[{"@type":"WebPage","@id":"https:\/\/tmtbaltic.ee\/product\/servatihend-1-2mm-epdm\/","url":"https:\/\/tmtbaltic.ee\/product\/servatihend-1-2mm-epdm\/","name":"Servatihend 1-2mm EPDM - TMT Widni Baltic","isPartOf":{"@id":"https:\/\/www.tmtbaltic.ee\/#website"},"primaryImageOfPage":{"@id":"https:\/\/tmtbaltic.ee\/product\/servatihend-1-2mm-epdm\/#primaryimage"},"image":{"@id":"https:\/\/tmtbaltic.ee\/product\/servatihend-1-2mm-epdm\/#primaryimage"},"thumbnailUrl":"https:\/\/www.tmtbaltic.ee\/wp-content\/uploads\/2024\/06\/910130.jpg","datePublished":"2024-06-03T11:46:36+00:00","dateModified":"2024-06-25T06:36:37+00:00","breadcrumb":{"@id":"https:\/\/tmtbaltic.ee\/product\/servatihend-1-2mm-epdm\/#breadcrumb"},"inLanguage":"en-GB","potentialAction":[{"@type":"ReadAction","target":["https:\/\/tmtbaltic.ee\/product\/servatihend-1-2mm-epdm\/"]}]},{"@type":"ImageObject","inLanguage":"en-GB","@id":"https:\/\/tmtbaltic.ee\/product\/servatihend-1-2mm-epdm\/#primaryimage","url":"https:\/\/www.tmtbaltic.ee\/wp-content\/uploads\/2024\/06\/910130.jpg","contentUrl":"https:\/\/www.tmtbaltic.ee\/wp-content\/uploads\/2024\/06\/910130.jpg","width":600,"height":600},{"@type":"BreadcrumbList","@id":"https:\/\/tmtbaltic.ee\/product\/servatihend-1-2mm-epdm\/#breadcrumb","itemListElement":[{"@type":"ListItem","position":1,"name":"Tootekataloog","item":"https:\/\/tmtbaltic.ee\/en\/tootekataloog\/"},{"@type":"ListItem","position":2,"name":"Servatihend 1-2mm EPDM"}]},{"@type":"WebSite","@id":"https:\/\/www.tmtbaltic.ee\/#website","url":"https:\/\/www.tmtbaltic.ee\/","name":"TMT. Malinen Baltic","description":"TMT Widni Baltic","publisher":{"@id":"https:\/\/www.tmtbaltic.ee\/#organization"},"potentialAction":[{"@type":"SearchAction","target":{"@type":"EntryPoint","urlTemplate":"https:\/\/www.tmtbaltic.ee\/?s={search_term_string}"},"query-input":{"@type":"PropertyValueSpecification","valueRequired":true,"valueName":"search_term_string"}}],"inLanguage":"en-GB"},{"@type":"Organization","@id":"https:\/\/www.tmtbaltic.ee\/#organization","name":"TMT. Malinen Baltic","url":"https:\/\/www.tmtbaltic.ee\/","logo":{"@type":"ImageObject","inLanguage":"en-GB","@id":"https:\/\/www.tmtbaltic.ee\/#\/schema\/logo\/image\/","url":"https:\/\/tmtbaltic.ee\/wp-content\/uploads\/2023\/12\/TMT-logo_white_500x375px-1.svg","contentUrl":"https:\/\/tmtbaltic.ee\/wp-content\/uploads\/2023\/12\/TMT-logo_white_500x375px-1.svg","width":100,"height":375,"caption":"TMT. Malinen Baltic"},"image":{"@id":"https:\/\/www.tmtbaltic.ee\/#\/schema\/logo\/image\/"},"sameAs":["https:\/\/www.facebook.com\/p\/TMT-Malinen-Baltic-100057168351492\/"]}]}},"_links":{"self":[{"href":"https:\/\/tmtbaltic.ee\/en\/wp-json\/wp\/v2\/product\/2119","targetHints":{"allow":["GET"]}}],"collection":[{"href":"https:\/\/tmtbaltic.ee\/en\/wp-json\/wp\/v2\/product"}],"about":[{"href":"https:\/\/tmtbaltic.ee\/en\/wp-json\/wp\/v2\/types\/product"}],"wp:featuredmedia":[{"embeddable":true,"href":"https:\/\/tmtbaltic.ee\/en\/wp-json\/wp\/v2\/media\/2121"}],"wp:attachment":[{"href":"https:\/\/tmtbaltic.ee\/en\/wp-json\/wp\/v2\/media?parent=2119"}],"wp:term":[{"taxonomy":"product_brand","embeddable":true,"href":"https:\/\/tmtbaltic.ee\/en\/wp-json\/wp\/v2\/product_brand?post=2119"},{"taxonomy":"product_cat","embeddable":true,"href":"https:\/\/tmtbaltic.ee\/en\/wp-json\/wp\/v2\/product_cat?post=2119"},{"taxonomy":"product_tag","embeddable":true,"href":"https:\/\/tmtbaltic.ee\/en\/wp-json\/wp\/v2\/product_tag?post=2119"}],"curies":[{"name":"wp","href":"https:\/\/api.w.org\/{rel}","templated":true}]}}