{"id":2168,"date":"2024-07-19T13:24:26","date_gmt":"2024-07-19T11:24:26","guid":{"rendered":"https:\/\/www.tmtbaltic.ee\/?post_type=product&#038;p=2168"},"modified":"2024-07-19T13:31:00","modified_gmt":"2024-07-19T11:31:00","slug":"gaasvedru-alumumiiniumist","status":"publish","type":"product","link":"https:\/\/tmtbaltic.ee\/en\/product\/gaasvedru-alumumiiniumist\/","title":{"rendered":"Aluminum gas spring"},"content":{"rendered":"<ul style=\"list-style-type: none;\">\n<li style=\"list-style-type: none;\">\n<ul style=\"list-style-type: none;\">\n<li><strong>Product features:<\/strong><br \/>\n\u2013 Piston rod diameter 8 mm<br \/>\n\u2013 Cylinder diameter 20 mm<br \/>\n\u2013 Stroke length 10-300 mm<br \/>\n\u2013 Force 30-500N<\/li>\n<\/ul>\n<\/li>\n<\/ul>\n<p>&nbsp;<\/p>","protected":false},"excerpt":{"rendered":"<p>This lightweight 100% aluminum Bansbach gas spring has the same properties as a standard steel or stainless steel gas spring. The only difference is the lighter weight. Weight is a determining factor in the end use of certain products and we focus on keeping the weight of individual components as low as possible.<\/p>\n<p>Aluminum gas spring is more than 50% lighter than normal gas spring. A standard gas spring with a diameter of 8\/19mm weighs approximately 250g (150mm travel). An aluminum gas spring with a diameter of 8\/20mm (and the same gear) weighs only about 120g.<\/p>\n<p>This lighter weight is a decisive advantage when weight is an important factor, such as in airplanes.<\/p>\n<p>&nbsp;<\/p>\n<p><img decoding=\"async\" class=\"alignnone size-full wp-image-2145\" src=\"https:\/\/tmtbaltic.ee\/wp-content\/uploads\/2024\/07\/Bansbach.jpg\" alt=\"\" width=\"150\" height=\"70\" srcset=\"https:\/\/tmtbaltic.ee\/wp-content\/uploads\/2024\/07\/Bansbach.jpg 150w, https:\/\/tmtbaltic.ee\/wp-content\/uploads\/2024\/07\/Bansbach-18x8.jpg 18w, https:\/\/tmtbaltic.ee\/wp-content\/uploads\/2024\/07\/Bansbach-64x30.jpg 64w\" sizes=\"(max-width: 150px) 100vw, 150px\" \/><\/p>","protected":false},"featured_media":2169,"template":"","meta":{"site-sidebar-layout":"default","site-content-layout":"","ast-site-content-layout":"default","site-content-style":"default","site-sidebar-style":"default","ast-global-header-display":"","ast-banner-title-visibility":"","ast-main-header-display":"","ast-hfb-above-header-display":"","ast-hfb-below-header-display":"","ast-hfb-mobile-header-display":"","site-post-title":"","ast-breadcrumbs-content":"","ast-featured-img":"","footer-sml-layout":"","ast-disable-related-posts":"","theme-transparent-header-meta":"default","adv-header-id-meta":"","stick-header-meta":"","header-above-stick-meta":"","header-main-stick-meta":"","header-below-stick-meta":"","astra-migrate-meta-layouts":"set","ast-page-background-enabled":"default","ast-page-background-meta":{"desktop":{"background-color":"var(--ast-global-color-4)","background-image":"","background-repeat":"repeat","background-position":"center center","background-size":"auto","background-attachment":"scroll","background-type":"","background-media":"","overlay-type":"","overlay-color":"","overlay-opacity":"","overlay-gradient":""},"tablet":{"background-color":"","background-image":"","background-repeat":"repeat","background-position":"center center","background-size":"auto","background-attachment":"scroll","background-type":"","background-media":"","overlay-type":"","overlay-color":"","overlay-opacity":"","overlay-gradient":""},"mobile":{"background-color":"","background-image":"","background-repeat":"repeat","background-position":"center center","background-size":"auto","background-attachment":"scroll","background-type":"","background-media":"","overlay-type":"","overlay-color":"","overlay-opacity":"","overlay-gradient":""}},"ast-content-background-meta":{"desktop":{"background-color":"var(--ast-global-color-5)","background-image":"","background-repeat":"repeat","background-position":"center center","background-size":"auto","background-attachment":"scroll","background-type":"","background-media":"","overlay-type":"","overlay-color":"","overlay-opacity":"","overlay-gradient":""},"tablet":{"background-color":"var(--ast-global-color-5)","background-image":"","background-repeat":"repeat","background-position":"center center","background-size":"auto","background-attachment":"scroll","background-type":"","background-media":"","overlay-type":"","overlay-color":"","overlay-opacity":"","overlay-gradient":""},"mobile":{"background-color":"var(--ast-global-color-5)","background-image":"","background-repeat":"repeat","background-position":"center center","background-size":"auto","background-attachment":"scroll","background-type":"","background-media":"","overlay-type":"","overlay-color":"","overlay-opacity":"","overlay-gradient":""}}},"product_brand":[],"product_cat":[71],"product_tag":[],"class_list":{"0":"post-2168","1":"product","2":"type-product","3":"status-publish","4":"has-post-thumbnail","6":"product_cat-gaasivedrud","7":"desktop-align-left","8":"tablet-align-left","9":"mobile-align-left","11":"first","12":"instock","13":"shipping-taxable","14":"product-type-simple"},"yoast_head":"<!-- This site is optimized with the Yoast SEO plugin v27.2 - https:\/\/yoast.com\/product\/yoast-seo-wordpress\/ -->\n<title>Gaasvedru alumumiiniumist - TMT Widni Baltic<\/title>\n<meta name=\"robots\" content=\"index, follow, max-snippet:-1, max-image-preview:large, max-video-preview:-1\" \/>\n<link rel=\"canonical\" href=\"https:\/\/tmtbaltic.ee\/en\/product\/gaasvedru-alumumiiniumist\/\" \/>\n<meta property=\"og:locale\" content=\"en_GB\" \/>\n<meta property=\"og:type\" content=\"article\" \/>\n<meta property=\"og:title\" content=\"Gaasvedru alumumiiniumist - TMT Widni Baltic\" \/>\n<meta property=\"og:description\" content=\"Sellel kergel 100% alumiiniumist Bansbachi gaasivedrul on samad omadused kui tavalisel terasest v\u00f5i roostevabast terasest valmistatud gaasivedrul. Ainus erinevus on kergem kaal. Kaal on teatud toodete l\u00f5ppkasutuses\u00a0 m\u00e4\u00e4rav tegur ja me keskendume sellele, et \u00fcksikute komponentide kaal oleks v\u00f5imalikult v\u00e4ike.  Alumiiniumist gaasivedru on rohkem kui 50% kergem kui tavaline gaasivedru. Tavaline gaasivedru l\u00e4bim\u00f5\u00f5duga 8\/19mm kaalub ligikaudu 250g (150mm k\u00e4ik). Alumiiniumist gaasivedru l\u00e4bim\u00f5\u00f5duga 8\/20mm (ja sama k\u00e4iguga) kaalub vaid umbes 120g.  See kergem kaal on otsustav eelis, kui kaal on oluline tegur, n\u00e4iteks lennukites.  &nbsp;\" \/>\n<meta property=\"og:url\" content=\"https:\/\/tmtbaltic.ee\/en\/product\/gaasvedru-alumumiiniumist\/\" \/>\n<meta property=\"og:site_name\" content=\"TMT Widni Baltic\" \/>\n<meta property=\"article:publisher\" content=\"https:\/\/www.facebook.com\/p\/TMT-Malinen-Baltic-100057168351492\/\" \/>\n<meta property=\"article:modified_time\" content=\"2024-07-19T11:31:00+00:00\" \/>\n<meta property=\"og:image\" content=\"https:\/\/tmtbaltic.ee\/wp-content\/uploads\/2024\/07\/Alumiinikaasujouset_200_200px.jpg\" \/>\n\t<meta property=\"og:image:width\" content=\"200\" \/>\n\t<meta property=\"og:image:height\" content=\"200\" \/>\n\t<meta property=\"og:image:type\" content=\"image\/jpeg\" \/>\n<meta name=\"twitter:card\" content=\"summary_large_image\" \/>\n<meta name=\"twitter:label1\" content=\"Estimated reading time\" \/>\n\t<meta name=\"twitter:data1\" content=\"1 minute\" \/>\n<script type=\"application\/ld+json\" class=\"yoast-schema-graph\">{\"@context\":\"https:\/\/schema.org\",\"@graph\":[{\"@type\":\"WebPage\",\"@id\":\"https:\/\/tmtbaltic.ee\/product\/gaasvedru-alumumiiniumist\/\",\"url\":\"https:\/\/tmtbaltic.ee\/product\/gaasvedru-alumumiiniumist\/\",\"name\":\"Gaasvedru alumumiiniumist - TMT Widni Baltic\",\"isPartOf\":{\"@id\":\"https:\/\/www.tmtbaltic.ee\/en\/#website\"},\"primaryImageOfPage\":{\"@id\":\"https:\/\/tmtbaltic.ee\/product\/gaasvedru-alumumiiniumist\/#primaryimage\"},\"image\":{\"@id\":\"https:\/\/tmtbaltic.ee\/product\/gaasvedru-alumumiiniumist\/#primaryimage\"},\"thumbnailUrl\":\"https:\/\/tmtbaltic.ee\/wp-content\/uploads\/2024\/07\/Alumiinikaasujouset_200_200px.jpg\",\"datePublished\":\"2024-07-19T11:24:26+00:00\",\"dateModified\":\"2024-07-19T11:31:00+00:00\",\"breadcrumb\":{\"@id\":\"https:\/\/tmtbaltic.ee\/product\/gaasvedru-alumumiiniumist\/#breadcrumb\"},\"inLanguage\":\"en-GB\",\"potentialAction\":[{\"@type\":\"ReadAction\",\"target\":[\"https:\/\/tmtbaltic.ee\/product\/gaasvedru-alumumiiniumist\/\"]}]},{\"@type\":\"ImageObject\",\"inLanguage\":\"en-GB\",\"@id\":\"https:\/\/tmtbaltic.ee\/product\/gaasvedru-alumumiiniumist\/#primaryimage\",\"url\":\"https:\/\/tmtbaltic.ee\/wp-content\/uploads\/2024\/07\/Alumiinikaasujouset_200_200px.jpg\",\"contentUrl\":\"https:\/\/tmtbaltic.ee\/wp-content\/uploads\/2024\/07\/Alumiinikaasujouset_200_200px.jpg\",\"width\":200,\"height\":200},{\"@type\":\"BreadcrumbList\",\"@id\":\"https:\/\/tmtbaltic.ee\/product\/gaasvedru-alumumiiniumist\/#breadcrumb\",\"itemListElement\":[{\"@type\":\"ListItem\",\"position\":1,\"name\":\"Tootekataloog\",\"item\":\"https:\/\/www.tmtbaltic.ee\/en\/tootekataloog\/\"},{\"@type\":\"ListItem\",\"position\":2,\"name\":\"Gaasvedru alumumiiniumist\"}]},{\"@type\":\"WebSite\",\"@id\":\"https:\/\/www.tmtbaltic.ee\/en\/#website\",\"url\":\"https:\/\/www.tmtbaltic.ee\/en\/\",\"name\":\"TMT. Malinen Baltic\",\"description\":\"TMT Widni Baltic\",\"publisher\":{\"@id\":\"https:\/\/www.tmtbaltic.ee\/en\/#organization\"},\"potentialAction\":[{\"@type\":\"SearchAction\",\"target\":{\"@type\":\"EntryPoint\",\"urlTemplate\":\"https:\/\/www.tmtbaltic.ee\/en\/?s={search_term_string}\"},\"query-input\":{\"@type\":\"PropertyValueSpecification\",\"valueRequired\":true,\"valueName\":\"search_term_string\"}}],\"inLanguage\":\"en-GB\"},{\"@type\":\"Organization\",\"@id\":\"https:\/\/www.tmtbaltic.ee\/en\/#organization\",\"name\":\"TMT. Malinen Baltic\",\"url\":\"https:\/\/www.tmtbaltic.ee\/en\/\",\"logo\":{\"@type\":\"ImageObject\",\"inLanguage\":\"en-GB\",\"@id\":\"https:\/\/www.tmtbaltic.ee\/en\/#\/schema\/logo\/image\/\",\"url\":\"https:\/\/tmtbaltic.ee\/wp-content\/uploads\/2023\/12\/TMT-logo_white_500x375px-1.svg\",\"contentUrl\":\"https:\/\/tmtbaltic.ee\/wp-content\/uploads\/2023\/12\/TMT-logo_white_500x375px-1.svg\",\"width\":100,\"height\":375,\"caption\":\"TMT. Malinen Baltic\"},\"image\":{\"@id\":\"https:\/\/www.tmtbaltic.ee\/en\/#\/schema\/logo\/image\/\"},\"sameAs\":[\"https:\/\/www.facebook.com\/p\/TMT-Malinen-Baltic-100057168351492\/\"]}]}<\/script>\n<!-- \/ Yoast SEO plugin. -->","yoast_head_json":{"title":"Gaasvedru alumumiiniumist - TMT Widni Baltic","robots":{"index":"index","follow":"follow","max-snippet":"max-snippet:-1","max-image-preview":"max-image-preview:large","max-video-preview":"max-video-preview:-1"},"canonical":"https:\/\/tmtbaltic.ee\/en\/product\/gaasvedru-alumumiiniumist\/","og_locale":"en_GB","og_type":"article","og_title":"Gaasvedru alumumiiniumist - TMT Widni Baltic","og_description":"Sellel kergel 100% alumiiniumist Bansbachi gaasivedrul on samad omadused kui tavalisel terasest v\u00f5i roostevabast terasest valmistatud gaasivedrul. Ainus erinevus on kergem kaal. Kaal on teatud toodete l\u00f5ppkasutuses\u00a0 m\u00e4\u00e4rav tegur ja me keskendume sellele, et \u00fcksikute komponentide kaal oleks v\u00f5imalikult v\u00e4ike.  Alumiiniumist gaasivedru on rohkem kui 50% kergem kui tavaline gaasivedru. Tavaline gaasivedru l\u00e4bim\u00f5\u00f5duga 8\/19mm kaalub ligikaudu 250g (150mm k\u00e4ik). Alumiiniumist gaasivedru l\u00e4bim\u00f5\u00f5duga 8\/20mm (ja sama k\u00e4iguga) kaalub vaid umbes 120g.  See kergem kaal on otsustav eelis, kui kaal on oluline tegur, n\u00e4iteks lennukites.  &nbsp;","og_url":"https:\/\/tmtbaltic.ee\/en\/product\/gaasvedru-alumumiiniumist\/","og_site_name":"TMT Widni Baltic","article_publisher":"https:\/\/www.facebook.com\/p\/TMT-Malinen-Baltic-100057168351492\/","article_modified_time":"2024-07-19T11:31:00+00:00","og_image":[{"width":200,"height":200,"url":"https:\/\/tmtbaltic.ee\/wp-content\/uploads\/2024\/07\/Alumiinikaasujouset_200_200px.jpg","type":"image\/jpeg"}],"twitter_card":"summary_large_image","twitter_misc":{"Estimated reading time":"1 minute"},"schema":{"@context":"https:\/\/schema.org","@graph":[{"@type":"WebPage","@id":"https:\/\/tmtbaltic.ee\/product\/gaasvedru-alumumiiniumist\/","url":"https:\/\/tmtbaltic.ee\/product\/gaasvedru-alumumiiniumist\/","name":"Gaasvedru alumumiiniumist - TMT Widni Baltic","isPartOf":{"@id":"https:\/\/www.tmtbaltic.ee\/en\/#website"},"primaryImageOfPage":{"@id":"https:\/\/tmtbaltic.ee\/product\/gaasvedru-alumumiiniumist\/#primaryimage"},"image":{"@id":"https:\/\/tmtbaltic.ee\/product\/gaasvedru-alumumiiniumist\/#primaryimage"},"thumbnailUrl":"https:\/\/tmtbaltic.ee\/wp-content\/uploads\/2024\/07\/Alumiinikaasujouset_200_200px.jpg","datePublished":"2024-07-19T11:24:26+00:00","dateModified":"2024-07-19T11:31:00+00:00","breadcrumb":{"@id":"https:\/\/tmtbaltic.ee\/product\/gaasvedru-alumumiiniumist\/#breadcrumb"},"inLanguage":"en-GB","potentialAction":[{"@type":"ReadAction","target":["https:\/\/tmtbaltic.ee\/product\/gaasvedru-alumumiiniumist\/"]}]},{"@type":"ImageObject","inLanguage":"en-GB","@id":"https:\/\/tmtbaltic.ee\/product\/gaasvedru-alumumiiniumist\/#primaryimage","url":"https:\/\/tmtbaltic.ee\/wp-content\/uploads\/2024\/07\/Alumiinikaasujouset_200_200px.jpg","contentUrl":"https:\/\/tmtbaltic.ee\/wp-content\/uploads\/2024\/07\/Alumiinikaasujouset_200_200px.jpg","width":200,"height":200},{"@type":"BreadcrumbList","@id":"https:\/\/tmtbaltic.ee\/product\/gaasvedru-alumumiiniumist\/#breadcrumb","itemListElement":[{"@type":"ListItem","position":1,"name":"Tootekataloog","item":"https:\/\/www.tmtbaltic.ee\/en\/tootekataloog\/"},{"@type":"ListItem","position":2,"name":"Gaasvedru alumumiiniumist"}]},{"@type":"WebSite","@id":"https:\/\/www.tmtbaltic.ee\/en\/#website","url":"https:\/\/www.tmtbaltic.ee\/en\/","name":"TMT. Malinen Baltic","description":"TMT Widni Baltic","publisher":{"@id":"https:\/\/www.tmtbaltic.ee\/en\/#organization"},"potentialAction":[{"@type":"SearchAction","target":{"@type":"EntryPoint","urlTemplate":"https:\/\/www.tmtbaltic.ee\/en\/?s={search_term_string}"},"query-input":{"@type":"PropertyValueSpecification","valueRequired":true,"valueName":"search_term_string"}}],"inLanguage":"en-GB"},{"@type":"Organization","@id":"https:\/\/www.tmtbaltic.ee\/en\/#organization","name":"TMT. Malinen Baltic","url":"https:\/\/www.tmtbaltic.ee\/en\/","logo":{"@type":"ImageObject","inLanguage":"en-GB","@id":"https:\/\/www.tmtbaltic.ee\/en\/#\/schema\/logo\/image\/","url":"https:\/\/tmtbaltic.ee\/wp-content\/uploads\/2023\/12\/TMT-logo_white_500x375px-1.svg","contentUrl":"https:\/\/tmtbaltic.ee\/wp-content\/uploads\/2023\/12\/TMT-logo_white_500x375px-1.svg","width":100,"height":375,"caption":"TMT. Malinen Baltic"},"image":{"@id":"https:\/\/www.tmtbaltic.ee\/en\/#\/schema\/logo\/image\/"},"sameAs":["https:\/\/www.facebook.com\/p\/TMT-Malinen-Baltic-100057168351492\/"]}]}},"_links":{"self":[{"href":"https:\/\/tmtbaltic.ee\/en\/wp-json\/wp\/v2\/product\/2168","targetHints":{"allow":["GET"]}}],"collection":[{"href":"https:\/\/tmtbaltic.ee\/en\/wp-json\/wp\/v2\/product"}],"about":[{"href":"https:\/\/tmtbaltic.ee\/en\/wp-json\/wp\/v2\/types\/product"}],"wp:featuredmedia":[{"embeddable":true,"href":"https:\/\/tmtbaltic.ee\/en\/wp-json\/wp\/v2\/media\/2169"}],"wp:attachment":[{"href":"https:\/\/tmtbaltic.ee\/en\/wp-json\/wp\/v2\/media?parent=2168"}],"wp:term":[{"taxonomy":"product_brand","embeddable":true,"href":"https:\/\/tmtbaltic.ee\/en\/wp-json\/wp\/v2\/product_brand?post=2168"},{"taxonomy":"product_cat","embeddable":true,"href":"https:\/\/tmtbaltic.ee\/en\/wp-json\/wp\/v2\/product_cat?post=2168"},{"taxonomy":"product_tag","embeddable":true,"href":"https:\/\/tmtbaltic.ee\/en\/wp-json\/wp\/v2\/product_tag?post=2168"}],"curies":[{"name":"wp","href":"https:\/\/api.w.org\/{rel}","templated":true}]}}