{"id":2170,"date":"2024-07-19T13:31:55","date_gmt":"2024-07-19T11:31:55","guid":{"rendered":"https:\/\/www.tmtbaltic.ee\/?post_type=product&#038;p=2170"},"modified":"2024-07-19T13:35:36","modified_gmt":"2024-07-19T11:35:36","slug":"dunaamiline-gaasvedru","status":"publish","type":"product","link":"https:\/\/tmtbaltic.ee\/en\/product\/dunaamiline-gaasvedru\/","title":{"rendered":"Dynamic gas spring"},"content":{"rendered":"<ul style=\"list-style-type: none;\">\n<li style=\"list-style-type: none;\">\n<ul style=\"list-style-type: none;\">\n<li><\/li>\n<\/ul>\n<\/li>\n<\/ul>\n<p>&nbsp;<\/p>","protected":false},"excerpt":{"rendered":"<p>Bansbach&#039;s new gas spring damping function works regardless of position: horizontal or with the piston rod up.<\/p>\n<p>This is possible because damping is not achieved through a nozzle as with conventional gas springs, but is controlled by a groove in the cylinder. As a result, the damping intensity and characteristics always remain the same in every position.<\/p>\n<p>The attenuation intensity and characteristics can also be adjusted according to the customer&#039;s wishes. A smooth transition to depreciation is possible and thereby additionally saves the structure. Soft and smooth damping can protect the installation site from potential damage. Position-independent damping is available for gas springs with 15, 19 or 22 mm cylinder diameters.<\/p>\n<p>When designing the right damping groove, it is important to have information about the spring installation location and its functional requirements.<\/p>\n<p>&nbsp;<\/p>\n<p><img decoding=\"async\" class=\"alignnone size-full wp-image-2145\" src=\"https:\/\/tmtbaltic.ee\/wp-content\/uploads\/2024\/07\/Bansbach.jpg\" alt=\"\" width=\"150\" height=\"70\" srcset=\"https:\/\/tmtbaltic.ee\/wp-content\/uploads\/2024\/07\/Bansbach.jpg 150w, https:\/\/tmtbaltic.ee\/wp-content\/uploads\/2024\/07\/Bansbach-18x8.jpg 18w, https:\/\/tmtbaltic.ee\/wp-content\/uploads\/2024\/07\/Bansbach-64x30.jpg 64w\" sizes=\"(max-width: 150px) 100vw, 150px\" \/><\/p>","protected":false},"featured_media":2171,"template":"","meta":{"site-sidebar-layout":"default","site-content-layout":"","ast-site-content-layout":"default","site-content-style":"default","site-sidebar-style":"default","ast-global-header-display":"","ast-banner-title-visibility":"","ast-main-header-display":"","ast-hfb-above-header-display":"","ast-hfb-below-header-display":"","ast-hfb-mobile-header-display":"","site-post-title":"","ast-breadcrumbs-content":"","ast-featured-img":"","footer-sml-layout":"","ast-disable-related-posts":"","theme-transparent-header-meta":"default","adv-header-id-meta":"","stick-header-meta":"","header-above-stick-meta":"","header-main-stick-meta":"","header-below-stick-meta":"","astra-migrate-meta-layouts":"set","ast-page-background-enabled":"default","ast-page-background-meta":{"desktop":{"background-color":"var(--ast-global-color-4)","background-image":"","background-repeat":"repeat","background-position":"center center","background-size":"auto","background-attachment":"scroll","background-type":"","background-media":"","overlay-type":"","overlay-color":"","overlay-opacity":"","overlay-gradient":""},"tablet":{"background-color":"","background-image":"","background-repeat":"repeat","background-position":"center center","background-size":"auto","background-attachment":"scroll","background-type":"","background-media":"","overlay-type":"","overlay-color":"","overlay-opacity":"","overlay-gradient":""},"mobile":{"background-color":"","background-image":"","background-repeat":"repeat","background-position":"center center","background-size":"auto","background-attachment":"scroll","background-type":"","background-media":"","overlay-type":"","overlay-color":"","overlay-opacity":"","overlay-gradient":""}},"ast-content-background-meta":{"desktop":{"background-color":"var(--ast-global-color-5)","background-image":"","background-repeat":"repeat","background-position":"center center","background-size":"auto","background-attachment":"scroll","background-type":"","background-media":"","overlay-type":"","overlay-color":"","overlay-opacity":"","overlay-gradient":""},"tablet":{"background-color":"var(--ast-global-color-5)","background-image":"","background-repeat":"repeat","background-position":"center center","background-size":"auto","background-attachment":"scroll","background-type":"","background-media":"","overlay-type":"","overlay-color":"","overlay-opacity":"","overlay-gradient":""},"mobile":{"background-color":"var(--ast-global-color-5)","background-image":"","background-repeat":"repeat","background-position":"center center","background-size":"auto","background-attachment":"scroll","background-type":"","background-media":"","overlay-type":"","overlay-color":"","overlay-opacity":"","overlay-gradient":""}}},"product_brand":[],"product_cat":[71],"product_tag":[],"class_list":{"0":"post-2170","1":"product","2":"type-product","3":"status-publish","4":"has-post-thumbnail","6":"product_cat-gaasivedrud","7":"desktop-align-left","8":"tablet-align-left","9":"mobile-align-left","11":"first","12":"instock","13":"shipping-taxable","14":"product-type-simple"},"yoast_head":"<!-- This site is optimized with the Yoast SEO plugin v27.2 - https:\/\/yoast.com\/product\/yoast-seo-wordpress\/ -->\n<title>D\u00fcnaamiline gaasvedru - TMT Widni Baltic<\/title>\n<meta name=\"robots\" content=\"index, follow, max-snippet:-1, max-image-preview:large, max-video-preview:-1\" \/>\n<link rel=\"canonical\" href=\"https:\/\/tmtbaltic.ee\/en\/product\/dunaamiline-gaasvedru\/\" \/>\n<meta property=\"og:locale\" content=\"en_GB\" \/>\n<meta property=\"og:type\" content=\"article\" \/>\n<meta property=\"og:title\" content=\"D\u00fcnaamiline gaasvedru - TMT Widni Baltic\" \/>\n<meta property=\"og:description\" content=\"Bansbachi uue gaasivedru summutusfunktsioon t\u00f6\u00f6tab olenemata asendist: horisontaalselt v\u00f5i kolvivardaga \u00fclespoole.  See on v\u00f5imalik, sest summutamist ei saavutata d\u00fc\u00fcsi kaudu nagu tavaliste gaasivedrude puhul, vaid seda juhib silindris olev soon. Selle tulemusel j\u00e4\u00e4vad amortisatsiooni intensiivsus ja omadused alati igas asendis samaks.  Summutuse intensiivsust ja omadusi saab kohandada ka vastavalt kliendi soovidele. V\u00f5imalik on sujuv \u00fcleminek amortisatsioonile ja s\u00e4\u00e4stab seel\u00e4bi konstruktsiooni t\u00e4iendavalt. Pehme ja sujuv summutus v\u00f5ib kaitsta paigalduskohta v\u00f5imalike kahjustuste eest. Asendist s\u00f5ltumatu summutus on saadaval 15, 19 v\u00f5i 22 mm silindri l\u00e4bim\u00f5\u00f5duga gaasivedrudele.  \u00d5ige summutussoone kujundamisel on oluline omada teavet vedru paigalduskoha ja selle funktsionaalsete n\u00f5uete kohta.  &nbsp;\" \/>\n<meta property=\"og:url\" content=\"https:\/\/tmtbaltic.ee\/en\/product\/dunaamiline-gaasvedru\/\" \/>\n<meta property=\"og:site_name\" content=\"TMT Widni Baltic\" \/>\n<meta property=\"article:publisher\" content=\"https:\/\/www.facebook.com\/p\/TMT-Malinen-Baltic-100057168351492\/\" \/>\n<meta property=\"article:modified_time\" content=\"2024-07-19T11:35:36+00:00\" \/>\n<meta property=\"og:image\" content=\"https:\/\/tmtbaltic.ee\/wp-content\/uploads\/2024\/07\/Dynaaminen_kaasujousi_200_200px.jpg\" \/>\n\t<meta property=\"og:image:width\" content=\"200\" \/>\n\t<meta property=\"og:image:height\" content=\"200\" \/>\n\t<meta property=\"og:image:type\" content=\"image\/jpeg\" \/>\n<meta name=\"twitter:card\" content=\"summary_large_image\" \/>\n<meta name=\"twitter:label1\" content=\"Estimated reading time\" \/>\n\t<meta name=\"twitter:data1\" content=\"1 minute\" \/>\n<script type=\"application\/ld+json\" class=\"yoast-schema-graph\">{\"@context\":\"https:\/\/schema.org\",\"@graph\":[{\"@type\":\"WebPage\",\"@id\":\"https:\/\/tmtbaltic.ee\/product\/dunaamiline-gaasvedru\/\",\"url\":\"https:\/\/tmtbaltic.ee\/product\/dunaamiline-gaasvedru\/\",\"name\":\"D\u00fcnaamiline gaasvedru - TMT Widni Baltic\",\"isPartOf\":{\"@id\":\"https:\/\/www.tmtbaltic.ee\/#website\"},\"primaryImageOfPage\":{\"@id\":\"https:\/\/tmtbaltic.ee\/product\/dunaamiline-gaasvedru\/#primaryimage\"},\"image\":{\"@id\":\"https:\/\/tmtbaltic.ee\/product\/dunaamiline-gaasvedru\/#primaryimage\"},\"thumbnailUrl\":\"https:\/\/tmtbaltic.ee\/wp-content\/uploads\/2024\/07\/Dynaaminen_kaasujousi_200_200px.jpg\",\"datePublished\":\"2024-07-19T11:31:55+00:00\",\"dateModified\":\"2024-07-19T11:35:36+00:00\",\"breadcrumb\":{\"@id\":\"https:\/\/tmtbaltic.ee\/product\/dunaamiline-gaasvedru\/#breadcrumb\"},\"inLanguage\":\"en-GB\",\"potentialAction\":[{\"@type\":\"ReadAction\",\"target\":[\"https:\/\/tmtbaltic.ee\/product\/dunaamiline-gaasvedru\/\"]}]},{\"@type\":\"ImageObject\",\"inLanguage\":\"en-GB\",\"@id\":\"https:\/\/tmtbaltic.ee\/product\/dunaamiline-gaasvedru\/#primaryimage\",\"url\":\"https:\/\/tmtbaltic.ee\/wp-content\/uploads\/2024\/07\/Dynaaminen_kaasujousi_200_200px.jpg\",\"contentUrl\":\"https:\/\/tmtbaltic.ee\/wp-content\/uploads\/2024\/07\/Dynaaminen_kaasujousi_200_200px.jpg\",\"width\":200,\"height\":200},{\"@type\":\"BreadcrumbList\",\"@id\":\"https:\/\/tmtbaltic.ee\/product\/dunaamiline-gaasvedru\/#breadcrumb\",\"itemListElement\":[{\"@type\":\"ListItem\",\"position\":1,\"name\":\"Tootekataloog\",\"item\":\"https:\/\/www.tmtbaltic.ee\/tootekataloog\/\"},{\"@type\":\"ListItem\",\"position\":2,\"name\":\"D\u00fcnaamiline gaasvedru\"}]},{\"@type\":\"WebSite\",\"@id\":\"https:\/\/www.tmtbaltic.ee\/#website\",\"url\":\"https:\/\/www.tmtbaltic.ee\/\",\"name\":\"TMT. Malinen Baltic\",\"description\":\"TMT Widni Baltic\",\"publisher\":{\"@id\":\"https:\/\/www.tmtbaltic.ee\/#organization\"},\"potentialAction\":[{\"@type\":\"SearchAction\",\"target\":{\"@type\":\"EntryPoint\",\"urlTemplate\":\"https:\/\/www.tmtbaltic.ee\/?s={search_term_string}\"},\"query-input\":{\"@type\":\"PropertyValueSpecification\",\"valueRequired\":true,\"valueName\":\"search_term_string\"}}],\"inLanguage\":\"en-GB\"},{\"@type\":\"Organization\",\"@id\":\"https:\/\/www.tmtbaltic.ee\/#organization\",\"name\":\"TMT. Malinen Baltic\",\"url\":\"https:\/\/www.tmtbaltic.ee\/\",\"logo\":{\"@type\":\"ImageObject\",\"inLanguage\":\"en-GB\",\"@id\":\"https:\/\/www.tmtbaltic.ee\/#\/schema\/logo\/image\/\",\"url\":\"https:\/\/tmtbaltic.ee\/wp-content\/uploads\/2023\/12\/TMT-logo_white_500x375px-1.svg\",\"contentUrl\":\"https:\/\/tmtbaltic.ee\/wp-content\/uploads\/2023\/12\/TMT-logo_white_500x375px-1.svg\",\"width\":100,\"height\":375,\"caption\":\"TMT. Malinen Baltic\"},\"image\":{\"@id\":\"https:\/\/www.tmtbaltic.ee\/#\/schema\/logo\/image\/\"},\"sameAs\":[\"https:\/\/www.facebook.com\/p\/TMT-Malinen-Baltic-100057168351492\/\"]}]}<\/script>\n<!-- \/ Yoast SEO plugin. -->","yoast_head_json":{"title":"D\u00fcnaamiline gaasvedru - TMT Widni Baltic","robots":{"index":"index","follow":"follow","max-snippet":"max-snippet:-1","max-image-preview":"max-image-preview:large","max-video-preview":"max-video-preview:-1"},"canonical":"https:\/\/tmtbaltic.ee\/en\/product\/dunaamiline-gaasvedru\/","og_locale":"en_GB","og_type":"article","og_title":"D\u00fcnaamiline gaasvedru - TMT Widni Baltic","og_description":"Bansbachi uue gaasivedru summutusfunktsioon t\u00f6\u00f6tab olenemata asendist: horisontaalselt v\u00f5i kolvivardaga \u00fclespoole.  See on v\u00f5imalik, sest summutamist ei saavutata d\u00fc\u00fcsi kaudu nagu tavaliste gaasivedrude puhul, vaid seda juhib silindris olev soon. Selle tulemusel j\u00e4\u00e4vad amortisatsiooni intensiivsus ja omadused alati igas asendis samaks.  Summutuse intensiivsust ja omadusi saab kohandada ka vastavalt kliendi soovidele. V\u00f5imalik on sujuv \u00fcleminek amortisatsioonile ja s\u00e4\u00e4stab seel\u00e4bi konstruktsiooni t\u00e4iendavalt. Pehme ja sujuv summutus v\u00f5ib kaitsta paigalduskohta v\u00f5imalike kahjustuste eest. Asendist s\u00f5ltumatu summutus on saadaval 15, 19 v\u00f5i 22 mm silindri l\u00e4bim\u00f5\u00f5duga gaasivedrudele.  \u00d5ige summutussoone kujundamisel on oluline omada teavet vedru paigalduskoha ja selle funktsionaalsete n\u00f5uete kohta.  &nbsp;","og_url":"https:\/\/tmtbaltic.ee\/en\/product\/dunaamiline-gaasvedru\/","og_site_name":"TMT Widni Baltic","article_publisher":"https:\/\/www.facebook.com\/p\/TMT-Malinen-Baltic-100057168351492\/","article_modified_time":"2024-07-19T11:35:36+00:00","og_image":[{"width":200,"height":200,"url":"https:\/\/tmtbaltic.ee\/wp-content\/uploads\/2024\/07\/Dynaaminen_kaasujousi_200_200px.jpg","type":"image\/jpeg"}],"twitter_card":"summary_large_image","twitter_misc":{"Estimated reading time":"1 minute"},"schema":{"@context":"https:\/\/schema.org","@graph":[{"@type":"WebPage","@id":"https:\/\/tmtbaltic.ee\/product\/dunaamiline-gaasvedru\/","url":"https:\/\/tmtbaltic.ee\/product\/dunaamiline-gaasvedru\/","name":"D\u00fcnaamiline gaasvedru - TMT Widni Baltic","isPartOf":{"@id":"https:\/\/www.tmtbaltic.ee\/#website"},"primaryImageOfPage":{"@id":"https:\/\/tmtbaltic.ee\/product\/dunaamiline-gaasvedru\/#primaryimage"},"image":{"@id":"https:\/\/tmtbaltic.ee\/product\/dunaamiline-gaasvedru\/#primaryimage"},"thumbnailUrl":"https:\/\/tmtbaltic.ee\/wp-content\/uploads\/2024\/07\/Dynaaminen_kaasujousi_200_200px.jpg","datePublished":"2024-07-19T11:31:55+00:00","dateModified":"2024-07-19T11:35:36+00:00","breadcrumb":{"@id":"https:\/\/tmtbaltic.ee\/product\/dunaamiline-gaasvedru\/#breadcrumb"},"inLanguage":"en-GB","potentialAction":[{"@type":"ReadAction","target":["https:\/\/tmtbaltic.ee\/product\/dunaamiline-gaasvedru\/"]}]},{"@type":"ImageObject","inLanguage":"en-GB","@id":"https:\/\/tmtbaltic.ee\/product\/dunaamiline-gaasvedru\/#primaryimage","url":"https:\/\/tmtbaltic.ee\/wp-content\/uploads\/2024\/07\/Dynaaminen_kaasujousi_200_200px.jpg","contentUrl":"https:\/\/tmtbaltic.ee\/wp-content\/uploads\/2024\/07\/Dynaaminen_kaasujousi_200_200px.jpg","width":200,"height":200},{"@type":"BreadcrumbList","@id":"https:\/\/tmtbaltic.ee\/product\/dunaamiline-gaasvedru\/#breadcrumb","itemListElement":[{"@type":"ListItem","position":1,"name":"Tootekataloog","item":"https:\/\/www.tmtbaltic.ee\/tootekataloog\/"},{"@type":"ListItem","position":2,"name":"D\u00fcnaamiline gaasvedru"}]},{"@type":"WebSite","@id":"https:\/\/www.tmtbaltic.ee\/#website","url":"https:\/\/www.tmtbaltic.ee\/","name":"TMT. Malinen Baltic","description":"TMT Widni Baltic","publisher":{"@id":"https:\/\/www.tmtbaltic.ee\/#organization"},"potentialAction":[{"@type":"SearchAction","target":{"@type":"EntryPoint","urlTemplate":"https:\/\/www.tmtbaltic.ee\/?s={search_term_string}"},"query-input":{"@type":"PropertyValueSpecification","valueRequired":true,"valueName":"search_term_string"}}],"inLanguage":"en-GB"},{"@type":"Organization","@id":"https:\/\/www.tmtbaltic.ee\/#organization","name":"TMT. Malinen Baltic","url":"https:\/\/www.tmtbaltic.ee\/","logo":{"@type":"ImageObject","inLanguage":"en-GB","@id":"https:\/\/www.tmtbaltic.ee\/#\/schema\/logo\/image\/","url":"https:\/\/tmtbaltic.ee\/wp-content\/uploads\/2023\/12\/TMT-logo_white_500x375px-1.svg","contentUrl":"https:\/\/tmtbaltic.ee\/wp-content\/uploads\/2023\/12\/TMT-logo_white_500x375px-1.svg","width":100,"height":375,"caption":"TMT. Malinen Baltic"},"image":{"@id":"https:\/\/www.tmtbaltic.ee\/#\/schema\/logo\/image\/"},"sameAs":["https:\/\/www.facebook.com\/p\/TMT-Malinen-Baltic-100057168351492\/"]}]}},"_links":{"self":[{"href":"https:\/\/tmtbaltic.ee\/en\/wp-json\/wp\/v2\/product\/2170","targetHints":{"allow":["GET"]}}],"collection":[{"href":"https:\/\/tmtbaltic.ee\/en\/wp-json\/wp\/v2\/product"}],"about":[{"href":"https:\/\/tmtbaltic.ee\/en\/wp-json\/wp\/v2\/types\/product"}],"wp:featuredmedia":[{"embeddable":true,"href":"https:\/\/tmtbaltic.ee\/en\/wp-json\/wp\/v2\/media\/2171"}],"wp:attachment":[{"href":"https:\/\/tmtbaltic.ee\/en\/wp-json\/wp\/v2\/media?parent=2170"}],"wp:term":[{"taxonomy":"product_brand","embeddable":true,"href":"https:\/\/tmtbaltic.ee\/en\/wp-json\/wp\/v2\/product_brand?post=2170"},{"taxonomy":"product_cat","embeddable":true,"href":"https:\/\/tmtbaltic.ee\/en\/wp-json\/wp\/v2\/product_cat?post=2170"},{"taxonomy":"product_tag","embeddable":true,"href":"https:\/\/tmtbaltic.ee\/en\/wp-json\/wp\/v2\/product_tag?post=2170"}],"curies":[{"name":"wp","href":"https:\/\/api.w.org\/{rel}","templated":true}]}}