{"id":2174,"date":"2024-07-19T13:56:28","date_gmt":"2024-07-19T11:56:28","guid":{"rendered":"https:\/\/www.tmtbaltic.ee\/?post_type=product&#038;p=2174"},"modified":"2024-07-19T14:11:17","modified_gmt":"2024-07-19T12:11:17","slug":"lukustatav-gaasvedru","status":"publish","type":"product","link":"https:\/\/tmtbaltic.ee\/en\/product\/lukustatav-gaasvedru\/","title":{"rendered":"Lockable gas spring"},"content":{"rendered":"<p><strong>Lockable gas spring type B:<\/strong><\/p>\n<p>The gas spring piston can be progressively locked over the entire length of the stroke. B-type spring with flexible locking when pulling out and pushing in. Movement range of the release button &lt; 1 mm.<\/p>\n<p>Operation:<br \/>\nIn type B locking gas springs, locking is achieved by gas and is flexible in both directions. When the valve is closed, the spring can be locked in any position along the travel length, but the lock is elastic. Depending on the force applied, the lock will retract when the gas spring is locked. Even when the gas spring is locked, it provides comfortable damping in both directions.<\/p>\n<hr \/>\n<p><strong>Lockable gas spring type K:<\/strong><\/p>\n<p>The gas spring piston can be progressively locked over the entire length of the stroke. K-type spring with a rigid lock-out feature. Almost fixed when pushed in.<\/p>\n<p>Operation:<br \/>\nFor K-type gas springs, the locking function takes place in an oil chamber separated from the gas by a floating piston. When force is applied to the locked spring by pushing it outwards, the lock remains rigid because there is only oil between the piston and the end piece. The locking force remains completely rigid until the mechanical strength of the spring. If the force is applied in the compression direction, the spring remains rigid until the compression force of the floating piston is overcome.<\/p>\n<hr \/>\n<p><strong>Lockable gas spring type P:<\/strong><\/p>\n<p>The gas spring piston can be progressively locked over the entire length of the stroke. P-type spring, rigidly locked when pushed in and almost rigid when pulled out.<\/p>\n<hr \/>\n<p><strong>Lockable gas spring type U:<\/strong><\/p>\n<p>The U-type gas spring can only be locked in one direction. When the piston moves outward, the lock is rigid; it cannot be locked by pushing the plunger inward. By pushing the piston inward, the spring acts like a gas spring. Therefore, the spring can be installed without having to release it by pushing the piston inwards like a gas spring. Typical applications: Monitor height adjustment.<\/p>\n<p><img fetchpriority=\"high\" decoding=\"async\" class=\"alignnone size-full wp-image-2179\" src=\"https:\/\/www.tmtbaltic.ee\/wp-content\/uploads\/2024\/07\/Taulukko_lukittavat_kaasujouset_mika_on_mahdollista_en.jpg\" alt=\"\" width=\"350\" height=\"225\" srcset=\"https:\/\/tmtbaltic.ee\/wp-content\/uploads\/2024\/07\/Taulukko_lukittavat_kaasujouset_mika_on_mahdollista_en.jpg 350w, https:\/\/tmtbaltic.ee\/wp-content\/uploads\/2024\/07\/Taulukko_lukittavat_kaasujouset_mika_on_mahdollista_en-300x193.jpg 300w, https:\/\/tmtbaltic.ee\/wp-content\/uploads\/2024\/07\/Taulukko_lukittavat_kaasujouset_mika_on_mahdollista_en-18x12.jpg 18w, https:\/\/tmtbaltic.ee\/wp-content\/uploads\/2024\/07\/Taulukko_lukittavat_kaasujouset_mika_on_mahdollista_en-64x41.jpg 64w\" sizes=\"(max-width: 350px) 100vw, 350px\" \/><\/p>\n<hr \/>","protected":false},"excerpt":{"rendered":"<p>The main advantages of Easylift\u00ae locking springs are independence from an external energy source, comprehensive dimensioning and damped, controlled movement. Combined with Bansbach&#039;s low frictional forces and high reliability, Easylift\u00ae locking springs are a high-quality solution in many installation locations.<\/p>\n<p><img decoding=\"async\" class=\"alignnone size-full wp-image-2145\" src=\"https:\/\/tmtbaltic.ee\/wp-content\/uploads\/2024\/07\/Bansbach.jpg\" alt=\"\" width=\"150\" height=\"70\" srcset=\"https:\/\/tmtbaltic.ee\/wp-content\/uploads\/2024\/07\/Bansbach.jpg 150w, https:\/\/tmtbaltic.ee\/wp-content\/uploads\/2024\/07\/Bansbach-18x8.jpg 18w, https:\/\/tmtbaltic.ee\/wp-content\/uploads\/2024\/07\/Bansbach-64x30.jpg 64w\" sizes=\"(max-width: 150px) 100vw, 150px\" \/><\/p>","protected":false},"featured_media":2177,"template":"","meta":{"site-sidebar-layout":"default","site-content-layout":"","ast-site-content-layout":"default","site-content-style":"default","site-sidebar-style":"default","ast-global-header-display":"","ast-banner-title-visibility":"","ast-main-header-display":"","ast-hfb-above-header-display":"","ast-hfb-below-header-display":"","ast-hfb-mobile-header-display":"","site-post-title":"","ast-breadcrumbs-content":"","ast-featured-img":"","footer-sml-layout":"","ast-disable-related-posts":"","theme-transparent-header-meta":"default","adv-header-id-meta":"","stick-header-meta":"","header-above-stick-meta":"","header-main-stick-meta":"","header-below-stick-meta":"","astra-migrate-meta-layouts":"set","ast-page-background-enabled":"default","ast-page-background-meta":{"desktop":{"background-color":"var(--ast-global-color-4)","background-image":"","background-repeat":"repeat","background-position":"center center","background-size":"auto","background-attachment":"scroll","background-type":"","background-media":"","overlay-type":"","overlay-color":"","overlay-opacity":"","overlay-gradient":""},"tablet":{"background-color":"","background-image":"","background-repeat":"repeat","background-position":"center center","background-size":"auto","background-attachment":"scroll","background-type":"","background-media":"","overlay-type":"","overlay-color":"","overlay-opacity":"","overlay-gradient":""},"mobile":{"background-color":"","background-image":"","background-repeat":"repeat","background-position":"center center","background-size":"auto","background-attachment":"scroll","background-type":"","background-media":"","overlay-type":"","overlay-color":"","overlay-opacity":"","overlay-gradient":""}},"ast-content-background-meta":{"desktop":{"background-color":"var(--ast-global-color-5)","background-image":"","background-repeat":"repeat","background-position":"center center","background-size":"auto","background-attachment":"scroll","background-type":"","background-media":"","overlay-type":"","overlay-color":"","overlay-opacity":"","overlay-gradient":""},"tablet":{"background-color":"var(--ast-global-color-5)","background-image":"","background-repeat":"repeat","background-position":"center center","background-size":"auto","background-attachment":"scroll","background-type":"","background-media":"","overlay-type":"","overlay-color":"","overlay-opacity":"","overlay-gradient":""},"mobile":{"background-color":"var(--ast-global-color-5)","background-image":"","background-repeat":"repeat","background-position":"center center","background-size":"auto","background-attachment":"scroll","background-type":"","background-media":"","overlay-type":"","overlay-color":"","overlay-opacity":"","overlay-gradient":""}}},"product_brand":[],"product_cat":[71],"product_tag":[],"class_list":{"0":"post-2174","1":"product","2":"type-product","3":"status-publish","4":"has-post-thumbnail","6":"product_cat-gaasivedrud","7":"desktop-align-left","8":"tablet-align-left","9":"mobile-align-left","11":"first","12":"instock","13":"shipping-taxable","14":"product-type-simple"},"yoast_head":"<!-- This site is optimized with the Yoast SEO plugin v27.2 - https:\/\/yoast.com\/product\/yoast-seo-wordpress\/ -->\n<title>Lukustatav gaasvedru - TMT Widni Baltic<\/title>\n<meta name=\"robots\" content=\"index, follow, max-snippet:-1, max-image-preview:large, max-video-preview:-1\" \/>\n<link rel=\"canonical\" href=\"http:\/\/tmtbaltic.ee\/en\/product\/lukustatav-gaasvedru\/\" \/>\n<meta property=\"og:locale\" content=\"en_GB\" \/>\n<meta property=\"og:type\" content=\"article\" \/>\n<meta property=\"og:title\" content=\"Lukustatav gaasvedru - TMT Widni Baltic\" \/>\n<meta property=\"og:description\" content=\"Easylift\u00ae lukustatavate vedrude peamised eelised on s\u00f5ltumatus v\u00e4lisest energiaallikast, p\u00f5hjalik dimensioon ning summutatud, kontrollitud liikumine. Koos Bansbachi madalate h\u00f5\u00f5rdej\u00f5udude ja suure t\u00f6\u00f6kindlusega on Easylift\u00ae lukustatavad vedrud kvaliteetne lahendus paljudes paigalduskohtades.\" \/>\n<meta property=\"og:url\" content=\"http:\/\/tmtbaltic.ee\/en\/product\/lukustatav-gaasvedru\/\" \/>\n<meta property=\"og:site_name\" content=\"TMT Widni Baltic\" \/>\n<meta property=\"article:publisher\" content=\"https:\/\/www.facebook.com\/p\/TMT-Malinen-Baltic-100057168351492\/\" \/>\n<meta property=\"article:modified_time\" content=\"2024-07-19T12:11:17+00:00\" \/>\n<meta property=\"og:image\" content=\"https:\/\/www.tmtbaltic.ee\/wp-content\/uploads\/2024\/07\/Lukittavat_kaasujouset_600_600px.jpg\" \/>\n\t<meta property=\"og:image:width\" content=\"600\" \/>\n\t<meta property=\"og:image:height\" content=\"600\" \/>\n\t<meta property=\"og:image:type\" content=\"image\/jpeg\" \/>\n<meta name=\"twitter:card\" content=\"summary_large_image\" \/>\n<meta name=\"twitter:label1\" content=\"Estimated reading time\" \/>\n\t<meta name=\"twitter:data1\" content=\"2 minutes\" \/>\n<script type=\"application\/ld+json\" class=\"yoast-schema-graph\">{\"@context\":\"https:\/\/schema.org\",\"@graph\":[{\"@type\":\"WebPage\",\"@id\":\"http:\/\/tmtbaltic.ee\/en\/product\/lukustatav-gaasvedru\/\",\"url\":\"http:\/\/tmtbaltic.ee\/en\/product\/lukustatav-gaasvedru\/\",\"name\":\"Lukustatav gaasvedru - TMT Widni Baltic\",\"isPartOf\":{\"@id\":\"https:\/\/tmtbaltic.ee\/#website\"},\"primaryImageOfPage\":{\"@id\":\"http:\/\/tmtbaltic.ee\/en\/product\/lukustatav-gaasvedru\/#primaryimage\"},\"image\":{\"@id\":\"http:\/\/tmtbaltic.ee\/en\/product\/lukustatav-gaasvedru\/#primaryimage\"},\"thumbnailUrl\":\"https:\/\/tmtbaltic.ee\/wp-content\/uploads\/2024\/07\/Lukittavat_kaasujouset_600_600px.jpg\",\"datePublished\":\"2024-07-19T11:56:28+00:00\",\"dateModified\":\"2024-07-19T12:11:17+00:00\",\"breadcrumb\":{\"@id\":\"http:\/\/tmtbaltic.ee\/en\/product\/lukustatav-gaasvedru\/#breadcrumb\"},\"inLanguage\":\"en-GB\",\"potentialAction\":[{\"@type\":\"ReadAction\",\"target\":[\"http:\/\/tmtbaltic.ee\/en\/product\/lukustatav-gaasvedru\/\"]}]},{\"@type\":\"ImageObject\",\"inLanguage\":\"en-GB\",\"@id\":\"http:\/\/tmtbaltic.ee\/en\/product\/lukustatav-gaasvedru\/#primaryimage\",\"url\":\"https:\/\/tmtbaltic.ee\/wp-content\/uploads\/2024\/07\/Lukittavat_kaasujouset_600_600px.jpg\",\"contentUrl\":\"https:\/\/tmtbaltic.ee\/wp-content\/uploads\/2024\/07\/Lukittavat_kaasujouset_600_600px.jpg\",\"width\":600,\"height\":600},{\"@type\":\"BreadcrumbList\",\"@id\":\"http:\/\/tmtbaltic.ee\/en\/product\/lukustatav-gaasvedru\/#breadcrumb\",\"itemListElement\":[{\"@type\":\"ListItem\",\"position\":1,\"name\":\"Tootekataloog\",\"item\":\"https:\/\/tmtbaltic.ee\/tootekataloog\/\"},{\"@type\":\"ListItem\",\"position\":2,\"name\":\"Lukustatav gaasvedru\"}]},{\"@type\":\"WebSite\",\"@id\":\"https:\/\/tmtbaltic.ee\/#website\",\"url\":\"https:\/\/tmtbaltic.ee\/\",\"name\":\"TMT. Malinen Baltic\",\"description\":\"TMT Widni Baltic\",\"publisher\":{\"@id\":\"https:\/\/tmtbaltic.ee\/#organization\"},\"potentialAction\":[{\"@type\":\"SearchAction\",\"target\":{\"@type\":\"EntryPoint\",\"urlTemplate\":\"https:\/\/tmtbaltic.ee\/?s={search_term_string}\"},\"query-input\":{\"@type\":\"PropertyValueSpecification\",\"valueRequired\":true,\"valueName\":\"search_term_string\"}}],\"inLanguage\":\"en-GB\"},{\"@type\":\"Organization\",\"@id\":\"https:\/\/tmtbaltic.ee\/#organization\",\"name\":\"TMT. Malinen Baltic\",\"url\":\"https:\/\/tmtbaltic.ee\/\",\"logo\":{\"@type\":\"ImageObject\",\"inLanguage\":\"en-GB\",\"@id\":\"https:\/\/tmtbaltic.ee\/#\/schema\/logo\/image\/\",\"url\":\"https:\/\/tmtbaltic.ee\/wp-content\/uploads\/2023\/12\/TMT-logo_white_500x375px-1.svg\",\"contentUrl\":\"https:\/\/tmtbaltic.ee\/wp-content\/uploads\/2023\/12\/TMT-logo_white_500x375px-1.svg\",\"width\":100,\"height\":375,\"caption\":\"TMT. Malinen Baltic\"},\"image\":{\"@id\":\"https:\/\/tmtbaltic.ee\/#\/schema\/logo\/image\/\"},\"sameAs\":[\"https:\/\/www.facebook.com\/p\/TMT-Malinen-Baltic-100057168351492\/\"]}]}<\/script>\n<!-- \/ Yoast SEO plugin. -->","yoast_head_json":{"title":"Lukustatav gaasvedru - TMT Widni Baltic","robots":{"index":"index","follow":"follow","max-snippet":"max-snippet:-1","max-image-preview":"max-image-preview:large","max-video-preview":"max-video-preview:-1"},"canonical":"http:\/\/tmtbaltic.ee\/en\/product\/lukustatav-gaasvedru\/","og_locale":"en_GB","og_type":"article","og_title":"Lukustatav gaasvedru - TMT Widni Baltic","og_description":"Easylift\u00ae lukustatavate vedrude peamised eelised on s\u00f5ltumatus v\u00e4lisest energiaallikast, p\u00f5hjalik dimensioon ning summutatud, kontrollitud liikumine. Koos Bansbachi madalate h\u00f5\u00f5rdej\u00f5udude ja suure t\u00f6\u00f6kindlusega on Easylift\u00ae lukustatavad vedrud kvaliteetne lahendus paljudes paigalduskohtades.","og_url":"http:\/\/tmtbaltic.ee\/en\/product\/lukustatav-gaasvedru\/","og_site_name":"TMT Widni Baltic","article_publisher":"https:\/\/www.facebook.com\/p\/TMT-Malinen-Baltic-100057168351492\/","article_modified_time":"2024-07-19T12:11:17+00:00","og_image":[{"width":600,"height":600,"url":"https:\/\/www.tmtbaltic.ee\/wp-content\/uploads\/2024\/07\/Lukittavat_kaasujouset_600_600px.jpg","type":"image\/jpeg"}],"twitter_card":"summary_large_image","twitter_misc":{"Estimated reading time":"2 minutes"},"schema":{"@context":"https:\/\/schema.org","@graph":[{"@type":"WebPage","@id":"http:\/\/tmtbaltic.ee\/en\/product\/lukustatav-gaasvedru\/","url":"http:\/\/tmtbaltic.ee\/en\/product\/lukustatav-gaasvedru\/","name":"Lukustatav gaasvedru - TMT Widni Baltic","isPartOf":{"@id":"https:\/\/tmtbaltic.ee\/#website"},"primaryImageOfPage":{"@id":"http:\/\/tmtbaltic.ee\/en\/product\/lukustatav-gaasvedru\/#primaryimage"},"image":{"@id":"http:\/\/tmtbaltic.ee\/en\/product\/lukustatav-gaasvedru\/#primaryimage"},"thumbnailUrl":"https:\/\/tmtbaltic.ee\/wp-content\/uploads\/2024\/07\/Lukittavat_kaasujouset_600_600px.jpg","datePublished":"2024-07-19T11:56:28+00:00","dateModified":"2024-07-19T12:11:17+00:00","breadcrumb":{"@id":"http:\/\/tmtbaltic.ee\/en\/product\/lukustatav-gaasvedru\/#breadcrumb"},"inLanguage":"en-GB","potentialAction":[{"@type":"ReadAction","target":["http:\/\/tmtbaltic.ee\/en\/product\/lukustatav-gaasvedru\/"]}]},{"@type":"ImageObject","inLanguage":"en-GB","@id":"http:\/\/tmtbaltic.ee\/en\/product\/lukustatav-gaasvedru\/#primaryimage","url":"https:\/\/tmtbaltic.ee\/wp-content\/uploads\/2024\/07\/Lukittavat_kaasujouset_600_600px.jpg","contentUrl":"https:\/\/tmtbaltic.ee\/wp-content\/uploads\/2024\/07\/Lukittavat_kaasujouset_600_600px.jpg","width":600,"height":600},{"@type":"BreadcrumbList","@id":"http:\/\/tmtbaltic.ee\/en\/product\/lukustatav-gaasvedru\/#breadcrumb","itemListElement":[{"@type":"ListItem","position":1,"name":"Tootekataloog","item":"https:\/\/tmtbaltic.ee\/tootekataloog\/"},{"@type":"ListItem","position":2,"name":"Lukustatav gaasvedru"}]},{"@type":"WebSite","@id":"https:\/\/tmtbaltic.ee\/#website","url":"https:\/\/tmtbaltic.ee\/","name":"TMT. Malinen Baltic","description":"TMT Widni Baltic","publisher":{"@id":"https:\/\/tmtbaltic.ee\/#organization"},"potentialAction":[{"@type":"SearchAction","target":{"@type":"EntryPoint","urlTemplate":"https:\/\/tmtbaltic.ee\/?s={search_term_string}"},"query-input":{"@type":"PropertyValueSpecification","valueRequired":true,"valueName":"search_term_string"}}],"inLanguage":"en-GB"},{"@type":"Organization","@id":"https:\/\/tmtbaltic.ee\/#organization","name":"TMT. Malinen Baltic","url":"https:\/\/tmtbaltic.ee\/","logo":{"@type":"ImageObject","inLanguage":"en-GB","@id":"https:\/\/tmtbaltic.ee\/#\/schema\/logo\/image\/","url":"https:\/\/tmtbaltic.ee\/wp-content\/uploads\/2023\/12\/TMT-logo_white_500x375px-1.svg","contentUrl":"https:\/\/tmtbaltic.ee\/wp-content\/uploads\/2023\/12\/TMT-logo_white_500x375px-1.svg","width":100,"height":375,"caption":"TMT. Malinen Baltic"},"image":{"@id":"https:\/\/tmtbaltic.ee\/#\/schema\/logo\/image\/"},"sameAs":["https:\/\/www.facebook.com\/p\/TMT-Malinen-Baltic-100057168351492\/"]}]}},"_links":{"self":[{"href":"https:\/\/tmtbaltic.ee\/en\/wp-json\/wp\/v2\/product\/2174","targetHints":{"allow":["GET"]}}],"collection":[{"href":"https:\/\/tmtbaltic.ee\/en\/wp-json\/wp\/v2\/product"}],"about":[{"href":"https:\/\/tmtbaltic.ee\/en\/wp-json\/wp\/v2\/types\/product"}],"wp:featuredmedia":[{"embeddable":true,"href":"https:\/\/tmtbaltic.ee\/en\/wp-json\/wp\/v2\/media\/2177"}],"wp:attachment":[{"href":"https:\/\/tmtbaltic.ee\/en\/wp-json\/wp\/v2\/media?parent=2174"}],"wp:term":[{"taxonomy":"product_brand","embeddable":true,"href":"https:\/\/tmtbaltic.ee\/en\/wp-json\/wp\/v2\/product_brand?post=2174"},{"taxonomy":"product_cat","embeddable":true,"href":"https:\/\/tmtbaltic.ee\/en\/wp-json\/wp\/v2\/product_cat?post=2174"},{"taxonomy":"product_tag","embeddable":true,"href":"https:\/\/tmtbaltic.ee\/en\/wp-json\/wp\/v2\/product_tag?post=2174"}],"curies":[{"name":"wp","href":"https:\/\/api.w.org\/{rel}","templated":true}]}}