{"id":2277,"date":"2024-08-29T10:52:45","date_gmt":"2024-08-29T08:52:45","guid":{"rendered":"https:\/\/tmtbaltic.ee\/?post_type=product&#038;p=2277"},"modified":"2024-08-29T10:54:34","modified_gmt":"2024-08-29T08:54:34","slug":"lisavalgusti-ozz-7-valge-5800lm","status":"publish","type":"product","link":"https:\/\/tmtbaltic.ee\/en\/product\/lisavalgusti-ozz-7-valge-5800lm\/","title":{"rendered":"Additional light OZZ 7\u2033 white 5800LM"},"content":{"rendered":"<p>Kogege valguse v\u00f5imsust OZZ XR2 P7&#8243; LED-lisatulega, 178 mm, tehniline meistriteos d\u00fcnaamilise nii valge kui ka oran\u017ei valgusega k\u00e4ivitusasenditulega. T\u00e4iustage oma s\u00f5idukogemust selle originaalse OZZ lisatulede seeria uuendusliku j\u00e4rglasega, n\u00fc\u00fcd uue ja silmapaistvama k\u00e4ivitusmustriga, mis tagab k\u00e4ivitamisel uskumatu visuaalse efekti. OZZ pakub enamat kui lihtsalt silmapaistvat uuenduslikkust ja esteetikat 1 luks 470 m k\u00f5rgusel. N\u00fc\u00fcd, kui v\u00e4rvitemperatuur on 5000 K, garanteerime teile meeldiva valguse k\u00f5igis tingimustes \u2013 s\u00fcgavaimast pimedusest kuni lumega kaetud teedeni.<\/p>\n<p><img fetchpriority=\"high\" decoding=\"async\" class=\"alignnone size-full wp-image-2278\" src=\"https:\/\/tmtbaltic.ee\/wp-content\/uploads\/2024\/08\/88104-kirjeldus.png\" alt=\"\" width=\"232\" height=\"517\" srcset=\"https:\/\/www.tmtbaltic.ee\/wp-content\/uploads\/2024\/08\/88104-kirjeldus.png 232w, https:\/\/www.tmtbaltic.ee\/wp-content\/uploads\/2024\/08\/88104-kirjeldus-135x300.png 135w, https:\/\/www.tmtbaltic.ee\/wp-content\/uploads\/2024\/08\/88104-kirjeldus-5x12.png 5w, https:\/\/www.tmtbaltic.ee\/wp-content\/uploads\/2024\/08\/88104-kirjeldus-64x143.png 64w\" sizes=\"(max-width: 232px) 100vw, 232px\" \/><\/p>","protected":false},"excerpt":{"rendered":"<p><img decoding=\"async\" class=\"alignnone size-full wp-image-2258\" src=\"https:\/\/tmtbaltic.ee\/wp-content\/uploads\/2024\/08\/Abkati-logo.png\" alt=\"\" width=\"233\" height=\"72\" srcset=\"https:\/\/www.tmtbaltic.ee\/wp-content\/uploads\/2024\/08\/Abkati-logo.png 233w, https:\/\/www.tmtbaltic.ee\/wp-content\/uploads\/2024\/08\/Abkati-logo-18x6.png 18w, https:\/\/www.tmtbaltic.ee\/wp-content\/uploads\/2024\/08\/Abkati-logo-64x20.png 64w\" sizes=\"(max-width: 233px) 100vw, 233px\" \/><\/p>","protected":false},"featured_media":2253,"template":"","meta":{"site-sidebar-layout":"default","site-content-layout":"","ast-site-content-layout":"default","site-content-style":"default","site-sidebar-style":"default","ast-global-header-display":"","ast-banner-title-visibility":"","ast-main-header-display":"","ast-hfb-above-header-display":"","ast-hfb-below-header-display":"","ast-hfb-mobile-header-display":"","site-post-title":"","ast-breadcrumbs-content":"","ast-featured-img":"","footer-sml-layout":"","ast-disable-related-posts":"","theme-transparent-header-meta":"default","adv-header-id-meta":"","stick-header-meta":"","header-above-stick-meta":"","header-main-stick-meta":"","header-below-stick-meta":"","astra-migrate-meta-layouts":"set","ast-page-background-enabled":"default","ast-page-background-meta":{"desktop":{"background-color":"var(--ast-global-color-4)","background-image":"","background-repeat":"repeat","background-position":"center center","background-size":"auto","background-attachment":"scroll","background-type":"","background-media":"","overlay-type":"","overlay-color":"","overlay-opacity":"","overlay-gradient":""},"tablet":{"background-color":"","background-image":"","background-repeat":"repeat","background-position":"center center","background-size":"auto","background-attachment":"scroll","background-type":"","background-media":"","overlay-type":"","overlay-color":"","overlay-opacity":"","overlay-gradient":""},"mobile":{"background-color":"","background-image":"","background-repeat":"repeat","background-position":"center center","background-size":"auto","background-attachment":"scroll","background-type":"","background-media":"","overlay-type":"","overlay-color":"","overlay-opacity":"","overlay-gradient":""}},"ast-content-background-meta":{"desktop":{"background-color":"var(--ast-global-color-5)","background-image":"","background-repeat":"repeat","background-position":"center center","background-size":"auto","background-attachment":"scroll","background-type":"","background-media":"","overlay-type":"","overlay-color":"","overlay-opacity":"","overlay-gradient":""},"tablet":{"background-color":"var(--ast-global-color-5)","background-image":"","background-repeat":"repeat","background-position":"center center","background-size":"auto","background-attachment":"scroll","background-type":"","background-media":"","overlay-type":"","overlay-color":"","overlay-opacity":"","overlay-gradient":""},"mobile":{"background-color":"var(--ast-global-color-5)","background-image":"","background-repeat":"repeat","background-position":"center center","background-size":"auto","background-attachment":"scroll","background-type":"","background-media":"","overlay-type":"","overlay-color":"","overlay-opacity":"","overlay-gradient":""}}},"product_brand":[],"product_cat":[40],"product_tag":[],"class_list":{"0":"post-2277","1":"product","2":"type-product","3":"status-publish","4":"has-post-thumbnail","6":"product_cat-tuled-tuletalad-tulekonsoolid","7":"desktop-align-left","8":"tablet-align-left","9":"mobile-align-left","11":"first","12":"instock","13":"shipping-taxable","14":"product-type-simple"},"yoast_head":"<!-- This site is optimized with the Yoast SEO plugin v27.2 - https:\/\/yoast.com\/product\/yoast-seo-wordpress\/ -->\n<title>Lisavalgusti OZZ 7&quot; valge 5800LM - TMT Widni Baltic<\/title>\n<meta name=\"robots\" content=\"index, follow, max-snippet:-1, max-image-preview:large, max-video-preview:-1\" \/>\n<link rel=\"canonical\" href=\"https:\/\/www.tmtbaltic.ee\/en\/product\/lisavalgusti-ozz-7-valge-5800lm\/\" \/>\n<meta property=\"og:locale\" content=\"en_GB\" \/>\n<meta property=\"og:type\" content=\"article\" \/>\n<meta property=\"og:title\" content=\"Lisavalgusti OZZ 7&quot; valge 5800LM - TMT Widni Baltic\" \/>\n<meta property=\"og:url\" content=\"https:\/\/www.tmtbaltic.ee\/en\/product\/lisavalgusti-ozz-7-valge-5800lm\/\" \/>\n<meta property=\"og:site_name\" content=\"TMT Widni Baltic\" \/>\n<meta property=\"article:publisher\" content=\"https:\/\/www.facebook.com\/p\/TMT-Malinen-Baltic-100057168351492\/\" \/>\n<meta property=\"article:modified_time\" content=\"2024-08-29T08:54:34+00:00\" \/>\n<meta property=\"og:image\" content=\"https:\/\/www.tmtbaltic.ee\/wp-content\/uploads\/2024\/08\/W88102_Lisavalgusti-OZZ-9-valge.png\" \/>\n\t<meta property=\"og:image:width\" content=\"745\" \/>\n\t<meta property=\"og:image:height\" content=\"702\" \/>\n\t<meta property=\"og:image:type\" content=\"image\/png\" \/>\n<meta name=\"twitter:card\" content=\"summary_large_image\" \/>\n<meta name=\"twitter:label1\" content=\"Estimated reading time\" \/>\n\t<meta name=\"twitter:data1\" content=\"1 minute\" \/>\n<script type=\"application\/ld+json\" class=\"yoast-schema-graph\">{\"@context\":\"https:\/\/schema.org\",\"@graph\":[{\"@type\":\"WebPage\",\"@id\":\"https:\/\/www.tmtbaltic.ee\/en\/product\/lisavalgusti-ozz-7-valge-5800lm\/\",\"url\":\"https:\/\/www.tmtbaltic.ee\/en\/product\/lisavalgusti-ozz-7-valge-5800lm\/\",\"name\":\"Lisavalgusti OZZ 7\\\" valge 5800LM - TMT Widni Baltic\",\"isPartOf\":{\"@id\":\"https:\/\/www.tmtbaltic.ee\/#website\"},\"primaryImageOfPage\":{\"@id\":\"https:\/\/www.tmtbaltic.ee\/en\/product\/lisavalgusti-ozz-7-valge-5800lm\/#primaryimage\"},\"image\":{\"@id\":\"https:\/\/www.tmtbaltic.ee\/en\/product\/lisavalgusti-ozz-7-valge-5800lm\/#primaryimage\"},\"thumbnailUrl\":\"https:\/\/www.tmtbaltic.ee\/wp-content\/uploads\/2024\/08\/W88102_Lisavalgusti-OZZ-9-valge.png\",\"datePublished\":\"2024-08-29T08:52:45+00:00\",\"dateModified\":\"2024-08-29T08:54:34+00:00\",\"breadcrumb\":{\"@id\":\"https:\/\/www.tmtbaltic.ee\/en\/product\/lisavalgusti-ozz-7-valge-5800lm\/#breadcrumb\"},\"inLanguage\":\"en-GB\",\"potentialAction\":[{\"@type\":\"ReadAction\",\"target\":[\"https:\/\/www.tmtbaltic.ee\/en\/product\/lisavalgusti-ozz-7-valge-5800lm\/\"]}]},{\"@type\":\"ImageObject\",\"inLanguage\":\"en-GB\",\"@id\":\"https:\/\/www.tmtbaltic.ee\/en\/product\/lisavalgusti-ozz-7-valge-5800lm\/#primaryimage\",\"url\":\"https:\/\/www.tmtbaltic.ee\/wp-content\/uploads\/2024\/08\/W88102_Lisavalgusti-OZZ-9-valge.png\",\"contentUrl\":\"https:\/\/www.tmtbaltic.ee\/wp-content\/uploads\/2024\/08\/W88102_Lisavalgusti-OZZ-9-valge.png\",\"width\":745,\"height\":702},{\"@type\":\"BreadcrumbList\",\"@id\":\"https:\/\/www.tmtbaltic.ee\/en\/product\/lisavalgusti-ozz-7-valge-5800lm\/#breadcrumb\",\"itemListElement\":[{\"@type\":\"ListItem\",\"position\":1,\"name\":\"Tootekataloog\",\"item\":\"https:\/\/www.tmtbaltic.ee\/tootekataloog\/\"},{\"@type\":\"ListItem\",\"position\":2,\"name\":\"Lisavalgusti OZZ 7&#8243; valge 5800LM\"}]},{\"@type\":\"WebSite\",\"@id\":\"https:\/\/www.tmtbaltic.ee\/#website\",\"url\":\"https:\/\/www.tmtbaltic.ee\/\",\"name\":\"TMT. Malinen Baltic\",\"description\":\"TMT Widni Baltic\",\"publisher\":{\"@id\":\"https:\/\/www.tmtbaltic.ee\/#organization\"},\"potentialAction\":[{\"@type\":\"SearchAction\",\"target\":{\"@type\":\"EntryPoint\",\"urlTemplate\":\"https:\/\/www.tmtbaltic.ee\/?s={search_term_string}\"},\"query-input\":{\"@type\":\"PropertyValueSpecification\",\"valueRequired\":true,\"valueName\":\"search_term_string\"}}],\"inLanguage\":\"en-GB\"},{\"@type\":\"Organization\",\"@id\":\"https:\/\/www.tmtbaltic.ee\/#organization\",\"name\":\"TMT. Malinen Baltic\",\"url\":\"https:\/\/www.tmtbaltic.ee\/\",\"logo\":{\"@type\":\"ImageObject\",\"inLanguage\":\"en-GB\",\"@id\":\"https:\/\/www.tmtbaltic.ee\/#\/schema\/logo\/image\/\",\"url\":\"https:\/\/tmtbaltic.ee\/wp-content\/uploads\/2023\/12\/TMT-logo_white_500x375px-1.svg\",\"contentUrl\":\"https:\/\/tmtbaltic.ee\/wp-content\/uploads\/2023\/12\/TMT-logo_white_500x375px-1.svg\",\"width\":100,\"height\":375,\"caption\":\"TMT. Malinen Baltic\"},\"image\":{\"@id\":\"https:\/\/www.tmtbaltic.ee\/#\/schema\/logo\/image\/\"},\"sameAs\":[\"https:\/\/www.facebook.com\/p\/TMT-Malinen-Baltic-100057168351492\/\"]}]}<\/script>\n<!-- \/ Yoast SEO plugin. -->","yoast_head_json":{"title":"Lisavalgusti OZZ 7\" valge 5800LM - TMT Widni Baltic","robots":{"index":"index","follow":"follow","max-snippet":"max-snippet:-1","max-image-preview":"max-image-preview:large","max-video-preview":"max-video-preview:-1"},"canonical":"https:\/\/www.tmtbaltic.ee\/en\/product\/lisavalgusti-ozz-7-valge-5800lm\/","og_locale":"en_GB","og_type":"article","og_title":"Lisavalgusti OZZ 7\" valge 5800LM - TMT Widni Baltic","og_url":"https:\/\/www.tmtbaltic.ee\/en\/product\/lisavalgusti-ozz-7-valge-5800lm\/","og_site_name":"TMT Widni Baltic","article_publisher":"https:\/\/www.facebook.com\/p\/TMT-Malinen-Baltic-100057168351492\/","article_modified_time":"2024-08-29T08:54:34+00:00","og_image":[{"width":745,"height":702,"url":"https:\/\/www.tmtbaltic.ee\/wp-content\/uploads\/2024\/08\/W88102_Lisavalgusti-OZZ-9-valge.png","type":"image\/png"}],"twitter_card":"summary_large_image","twitter_misc":{"Estimated reading time":"1 minute"},"schema":{"@context":"https:\/\/schema.org","@graph":[{"@type":"WebPage","@id":"https:\/\/www.tmtbaltic.ee\/en\/product\/lisavalgusti-ozz-7-valge-5800lm\/","url":"https:\/\/www.tmtbaltic.ee\/en\/product\/lisavalgusti-ozz-7-valge-5800lm\/","name":"Lisavalgusti OZZ 7\" valge 5800LM - TMT Widni Baltic","isPartOf":{"@id":"https:\/\/www.tmtbaltic.ee\/#website"},"primaryImageOfPage":{"@id":"https:\/\/www.tmtbaltic.ee\/en\/product\/lisavalgusti-ozz-7-valge-5800lm\/#primaryimage"},"image":{"@id":"https:\/\/www.tmtbaltic.ee\/en\/product\/lisavalgusti-ozz-7-valge-5800lm\/#primaryimage"},"thumbnailUrl":"https:\/\/www.tmtbaltic.ee\/wp-content\/uploads\/2024\/08\/W88102_Lisavalgusti-OZZ-9-valge.png","datePublished":"2024-08-29T08:52:45+00:00","dateModified":"2024-08-29T08:54:34+00:00","breadcrumb":{"@id":"https:\/\/www.tmtbaltic.ee\/en\/product\/lisavalgusti-ozz-7-valge-5800lm\/#breadcrumb"},"inLanguage":"en-GB","potentialAction":[{"@type":"ReadAction","target":["https:\/\/www.tmtbaltic.ee\/en\/product\/lisavalgusti-ozz-7-valge-5800lm\/"]}]},{"@type":"ImageObject","inLanguage":"en-GB","@id":"https:\/\/www.tmtbaltic.ee\/en\/product\/lisavalgusti-ozz-7-valge-5800lm\/#primaryimage","url":"https:\/\/www.tmtbaltic.ee\/wp-content\/uploads\/2024\/08\/W88102_Lisavalgusti-OZZ-9-valge.png","contentUrl":"https:\/\/www.tmtbaltic.ee\/wp-content\/uploads\/2024\/08\/W88102_Lisavalgusti-OZZ-9-valge.png","width":745,"height":702},{"@type":"BreadcrumbList","@id":"https:\/\/www.tmtbaltic.ee\/en\/product\/lisavalgusti-ozz-7-valge-5800lm\/#breadcrumb","itemListElement":[{"@type":"ListItem","position":1,"name":"Tootekataloog","item":"https:\/\/www.tmtbaltic.ee\/tootekataloog\/"},{"@type":"ListItem","position":2,"name":"Lisavalgusti OZZ 7&#8243; valge 5800LM"}]},{"@type":"WebSite","@id":"https:\/\/www.tmtbaltic.ee\/#website","url":"https:\/\/www.tmtbaltic.ee\/","name":"TMT. Malinen Baltic","description":"TMT Widni Baltic","publisher":{"@id":"https:\/\/www.tmtbaltic.ee\/#organization"},"potentialAction":[{"@type":"SearchAction","target":{"@type":"EntryPoint","urlTemplate":"https:\/\/www.tmtbaltic.ee\/?s={search_term_string}"},"query-input":{"@type":"PropertyValueSpecification","valueRequired":true,"valueName":"search_term_string"}}],"inLanguage":"en-GB"},{"@type":"Organization","@id":"https:\/\/www.tmtbaltic.ee\/#organization","name":"TMT. Malinen Baltic","url":"https:\/\/www.tmtbaltic.ee\/","logo":{"@type":"ImageObject","inLanguage":"en-GB","@id":"https:\/\/www.tmtbaltic.ee\/#\/schema\/logo\/image\/","url":"https:\/\/tmtbaltic.ee\/wp-content\/uploads\/2023\/12\/TMT-logo_white_500x375px-1.svg","contentUrl":"https:\/\/tmtbaltic.ee\/wp-content\/uploads\/2023\/12\/TMT-logo_white_500x375px-1.svg","width":100,"height":375,"caption":"TMT. Malinen Baltic"},"image":{"@id":"https:\/\/www.tmtbaltic.ee\/#\/schema\/logo\/image\/"},"sameAs":["https:\/\/www.facebook.com\/p\/TMT-Malinen-Baltic-100057168351492\/"]}]}},"_links":{"self":[{"href":"https:\/\/tmtbaltic.ee\/en\/wp-json\/wp\/v2\/product\/2277","targetHints":{"allow":["GET"]}}],"collection":[{"href":"https:\/\/tmtbaltic.ee\/en\/wp-json\/wp\/v2\/product"}],"about":[{"href":"https:\/\/tmtbaltic.ee\/en\/wp-json\/wp\/v2\/types\/product"}],"wp:featuredmedia":[{"embeddable":true,"href":"https:\/\/tmtbaltic.ee\/en\/wp-json\/wp\/v2\/media\/2253"}],"wp:attachment":[{"href":"https:\/\/tmtbaltic.ee\/en\/wp-json\/wp\/v2\/media?parent=2277"}],"wp:term":[{"taxonomy":"product_brand","embeddable":true,"href":"https:\/\/tmtbaltic.ee\/en\/wp-json\/wp\/v2\/product_brand?post=2277"},{"taxonomy":"product_cat","embeddable":true,"href":"https:\/\/tmtbaltic.ee\/en\/wp-json\/wp\/v2\/product_cat?post=2277"},{"taxonomy":"product_tag","embeddable":true,"href":"https:\/\/tmtbaltic.ee\/en\/wp-json\/wp\/v2\/product_tag?post=2277"}],"curies":[{"name":"wp","href":"https:\/\/api.w.org\/{rel}","templated":true}]}}