{"id":2281,"date":"2024-08-29T11:23:04","date_gmt":"2024-08-29T09:23:04","guid":{"rendered":"https:\/\/tmtbaltic.ee\/?post_type=product&#038;p=2281"},"modified":"2024-08-29T11:24:29","modified_gmt":"2024-08-29T09:24:29","slug":"lisavalgusti-ozz-ovaalne-valge","status":"publish","type":"product","link":"https:\/\/tmtbaltic.ee\/en\/product\/lisavalgusti-ozz-ovaalne-valge\/","title":{"rendered":"Additional light OZZ Oval white"},"content":{"rendered":"<p>Kogege valguse j\u00f5udu 245 mm ovaalse lisavalgusega OZZ X01 P LED, mis on tehniline meistriteos d\u00fcnaamilise nii valge kui oran\u017ei k\u00e4ivitusasenditulega. Korduv d\u00fcnaamiline asendituli lisab teie s\u00f5iduki k\u00e4ivitamisel uskumatu visuaalse efekti. See lisatuli, mis on varustatud murrangulise d\u00fcnaamilise k\u00e4ivitusasenditulega, loob teie s\u00f5idukile uuendusliku ja kaasaegse v\u00e4limuse. OZZ pakub enamat kui lihtsalt silmapaistvat uuenduslikkust ja esteetikat. Lambi koguheledus on 5100 luumenit ja annab teile 1 luksi 475 m kaugusel. Kaugustule valguspilt pakub m\u00f5lemast maailmast parimat nii laia kui ka pika ulatusega, mis tagab optimaalse n\u00e4htavuse \u00fcle tee. Lambil on ka integreeritud v\u00e4lklamp j\u00e4rgmistes mustrites; \u00fcksik- ja paarism\u00e4ngud. 5000 K v\u00e4rvitemperatuuriga garanteerime teile meeldiva valguse k\u00f5ikides tingimustes \u2013 s\u00fcgavaimast pimedusest kuni lumega kaetud teedeni.<\/p>\n<p><img fetchpriority=\"high\" decoding=\"async\" class=\"alignnone size-full wp-image-2282\" src=\"https:\/\/tmtbaltic.ee\/wp-content\/uploads\/2024\/08\/88106-kirjeldus.png\" alt=\"\" width=\"275\" height=\"632\" srcset=\"https:\/\/tmtbaltic.ee\/wp-content\/uploads\/2024\/08\/88106-kirjeldus.png 275w, https:\/\/tmtbaltic.ee\/wp-content\/uploads\/2024\/08\/88106-kirjeldus-131x300.png 131w, https:\/\/tmtbaltic.ee\/wp-content\/uploads\/2024\/08\/88106-kirjeldus-5x12.png 5w, https:\/\/tmtbaltic.ee\/wp-content\/uploads\/2024\/08\/88106-kirjeldus-64x147.png 64w\" sizes=\"(max-width: 275px) 100vw, 275px\" \/><\/p>","protected":false},"excerpt":{"rendered":"<p><img decoding=\"async\" class=\"alignnone size-full wp-image-2258\" src=\"https:\/\/tmtbaltic.ee\/wp-content\/uploads\/2024\/08\/Abkati-logo.png\" alt=\"\" width=\"233\" height=\"72\" srcset=\"https:\/\/tmtbaltic.ee\/wp-content\/uploads\/2024\/08\/Abkati-logo.png 233w, https:\/\/tmtbaltic.ee\/wp-content\/uploads\/2024\/08\/Abkati-logo-18x6.png 18w, https:\/\/tmtbaltic.ee\/wp-content\/uploads\/2024\/08\/Abkati-logo-64x20.png 64w\" sizes=\"(max-width: 233px) 100vw, 233px\" \/><\/p>","protected":false},"featured_media":2255,"template":"","meta":{"site-sidebar-layout":"default","site-content-layout":"","ast-site-content-layout":"default","site-content-style":"default","site-sidebar-style":"default","ast-global-header-display":"","ast-banner-title-visibility":"","ast-main-header-display":"","ast-hfb-above-header-display":"","ast-hfb-below-header-display":"","ast-hfb-mobile-header-display":"","site-post-title":"","ast-breadcrumbs-content":"","ast-featured-img":"","footer-sml-layout":"","ast-disable-related-posts":"","theme-transparent-header-meta":"default","adv-header-id-meta":"","stick-header-meta":"","header-above-stick-meta":"","header-main-stick-meta":"","header-below-stick-meta":"","astra-migrate-meta-layouts":"set","ast-page-background-enabled":"default","ast-page-background-meta":{"desktop":{"background-color":"var(--ast-global-color-4)","background-image":"","background-repeat":"repeat","background-position":"center center","background-size":"auto","background-attachment":"scroll","background-type":"","background-media":"","overlay-type":"","overlay-color":"","overlay-opacity":"","overlay-gradient":""},"tablet":{"background-color":"","background-image":"","background-repeat":"repeat","background-position":"center center","background-size":"auto","background-attachment":"scroll","background-type":"","background-media":"","overlay-type":"","overlay-color":"","overlay-opacity":"","overlay-gradient":""},"mobile":{"background-color":"","background-image":"","background-repeat":"repeat","background-position":"center center","background-size":"auto","background-attachment":"scroll","background-type":"","background-media":"","overlay-type":"","overlay-color":"","overlay-opacity":"","overlay-gradient":""}},"ast-content-background-meta":{"desktop":{"background-color":"var(--ast-global-color-5)","background-image":"","background-repeat":"repeat","background-position":"center center","background-size":"auto","background-attachment":"scroll","background-type":"","background-media":"","overlay-type":"","overlay-color":"","overlay-opacity":"","overlay-gradient":""},"tablet":{"background-color":"var(--ast-global-color-5)","background-image":"","background-repeat":"repeat","background-position":"center center","background-size":"auto","background-attachment":"scroll","background-type":"","background-media":"","overlay-type":"","overlay-color":"","overlay-opacity":"","overlay-gradient":""},"mobile":{"background-color":"var(--ast-global-color-5)","background-image":"","background-repeat":"repeat","background-position":"center center","background-size":"auto","background-attachment":"scroll","background-type":"","background-media":"","overlay-type":"","overlay-color":"","overlay-opacity":"","overlay-gradient":""}}},"product_brand":[],"product_cat":[40],"product_tag":[],"class_list":{"0":"post-2281","1":"product","2":"type-product","3":"status-publish","4":"has-post-thumbnail","6":"product_cat-tuled-tuletalad-tulekonsoolid","7":"desktop-align-left","8":"tablet-align-left","9":"mobile-align-left","11":"first","12":"instock","13":"shipping-taxable","14":"product-type-simple"},"yoast_head":"<!-- This site is optimized with the Yoast SEO plugin v27.2 - https:\/\/yoast.com\/product\/yoast-seo-wordpress\/ -->\n<title>Lisavalgusti OZZ Ovaalne valge - TMT Widni Baltic<\/title>\n<meta name=\"robots\" content=\"index, follow, max-snippet:-1, max-image-preview:large, max-video-preview:-1\" \/>\n<link rel=\"canonical\" href=\"https:\/\/tmtbaltic.ee\/en\/product\/lisavalgusti-ozz-ovaalne-valge\/\" \/>\n<meta property=\"og:locale\" content=\"en_GB\" \/>\n<meta property=\"og:type\" content=\"article\" \/>\n<meta property=\"og:title\" content=\"Lisavalgusti OZZ Ovaalne valge - TMT Widni Baltic\" \/>\n<meta property=\"og:url\" content=\"https:\/\/tmtbaltic.ee\/en\/product\/lisavalgusti-ozz-ovaalne-valge\/\" \/>\n<meta property=\"og:site_name\" content=\"TMT Widni Baltic\" \/>\n<meta property=\"article:publisher\" content=\"https:\/\/www.facebook.com\/p\/TMT-Malinen-Baltic-100057168351492\/\" \/>\n<meta property=\"article:modified_time\" content=\"2024-08-29T09:24:29+00:00\" \/>\n<meta property=\"og:image\" content=\"https:\/\/tmtbaltic.ee\/wp-content\/uploads\/2024\/08\/w88106.png\" \/>\n\t<meta property=\"og:image:width\" content=\"910\" \/>\n\t<meta property=\"og:image:height\" content=\"705\" \/>\n\t<meta property=\"og:image:type\" content=\"image\/png\" \/>\n<meta name=\"twitter:card\" content=\"summary_large_image\" \/>\n<meta name=\"twitter:label1\" content=\"Estimated reading time\" \/>\n\t<meta name=\"twitter:data1\" content=\"1 minute\" \/>\n<script type=\"application\/ld+json\" class=\"yoast-schema-graph\">{\"@context\":\"https:\/\/schema.org\",\"@graph\":[{\"@type\":\"WebPage\",\"@id\":\"https:\/\/tmtbaltic.ee\/product\/lisavalgusti-ozz-ovaalne-valge\/\",\"url\":\"https:\/\/tmtbaltic.ee\/product\/lisavalgusti-ozz-ovaalne-valge\/\",\"name\":\"Lisavalgusti OZZ Ovaalne valge - TMT Widni Baltic\",\"isPartOf\":{\"@id\":\"https:\/\/www.tmtbaltic.ee\/#website\"},\"primaryImageOfPage\":{\"@id\":\"https:\/\/tmtbaltic.ee\/product\/lisavalgusti-ozz-ovaalne-valge\/#primaryimage\"},\"image\":{\"@id\":\"https:\/\/tmtbaltic.ee\/product\/lisavalgusti-ozz-ovaalne-valge\/#primaryimage\"},\"thumbnailUrl\":\"https:\/\/tmtbaltic.ee\/wp-content\/uploads\/2024\/08\/w88106.png\",\"datePublished\":\"2024-08-29T09:23:04+00:00\",\"dateModified\":\"2024-08-29T09:24:29+00:00\",\"breadcrumb\":{\"@id\":\"https:\/\/tmtbaltic.ee\/product\/lisavalgusti-ozz-ovaalne-valge\/#breadcrumb\"},\"inLanguage\":\"en-GB\",\"potentialAction\":[{\"@type\":\"ReadAction\",\"target\":[\"https:\/\/tmtbaltic.ee\/product\/lisavalgusti-ozz-ovaalne-valge\/\"]}]},{\"@type\":\"ImageObject\",\"inLanguage\":\"en-GB\",\"@id\":\"https:\/\/tmtbaltic.ee\/product\/lisavalgusti-ozz-ovaalne-valge\/#primaryimage\",\"url\":\"https:\/\/tmtbaltic.ee\/wp-content\/uploads\/2024\/08\/w88106.png\",\"contentUrl\":\"https:\/\/tmtbaltic.ee\/wp-content\/uploads\/2024\/08\/w88106.png\",\"width\":910,\"height\":705},{\"@type\":\"BreadcrumbList\",\"@id\":\"https:\/\/tmtbaltic.ee\/product\/lisavalgusti-ozz-ovaalne-valge\/#breadcrumb\",\"itemListElement\":[{\"@type\":\"ListItem\",\"position\":1,\"name\":\"Tootekataloog\",\"item\":\"https:\/\/www.tmtbaltic.ee\/tootekataloog\/\"},{\"@type\":\"ListItem\",\"position\":2,\"name\":\"Lisavalgusti OZZ Ovaalne valge\"}]},{\"@type\":\"WebSite\",\"@id\":\"https:\/\/www.tmtbaltic.ee\/#website\",\"url\":\"https:\/\/www.tmtbaltic.ee\/\",\"name\":\"TMT. Malinen Baltic\",\"description\":\"TMT Widni Baltic\",\"publisher\":{\"@id\":\"https:\/\/www.tmtbaltic.ee\/#organization\"},\"potentialAction\":[{\"@type\":\"SearchAction\",\"target\":{\"@type\":\"EntryPoint\",\"urlTemplate\":\"https:\/\/www.tmtbaltic.ee\/?s={search_term_string}\"},\"query-input\":{\"@type\":\"PropertyValueSpecification\",\"valueRequired\":true,\"valueName\":\"search_term_string\"}}],\"inLanguage\":\"en-GB\"},{\"@type\":\"Organization\",\"@id\":\"https:\/\/www.tmtbaltic.ee\/#organization\",\"name\":\"TMT. Malinen Baltic\",\"url\":\"https:\/\/www.tmtbaltic.ee\/\",\"logo\":{\"@type\":\"ImageObject\",\"inLanguage\":\"en-GB\",\"@id\":\"https:\/\/www.tmtbaltic.ee\/#\/schema\/logo\/image\/\",\"url\":\"https:\/\/tmtbaltic.ee\/wp-content\/uploads\/2023\/12\/TMT-logo_white_500x375px-1.svg\",\"contentUrl\":\"https:\/\/tmtbaltic.ee\/wp-content\/uploads\/2023\/12\/TMT-logo_white_500x375px-1.svg\",\"width\":100,\"height\":375,\"caption\":\"TMT. Malinen Baltic\"},\"image\":{\"@id\":\"https:\/\/www.tmtbaltic.ee\/#\/schema\/logo\/image\/\"},\"sameAs\":[\"https:\/\/www.facebook.com\/p\/TMT-Malinen-Baltic-100057168351492\/\"]}]}<\/script>\n<!-- \/ Yoast SEO plugin. -->","yoast_head_json":{"title":"Lisavalgusti OZZ Ovaalne valge - TMT Widni Baltic","robots":{"index":"index","follow":"follow","max-snippet":"max-snippet:-1","max-image-preview":"max-image-preview:large","max-video-preview":"max-video-preview:-1"},"canonical":"https:\/\/tmtbaltic.ee\/en\/product\/lisavalgusti-ozz-ovaalne-valge\/","og_locale":"en_GB","og_type":"article","og_title":"Lisavalgusti OZZ Ovaalne valge - TMT Widni Baltic","og_url":"https:\/\/tmtbaltic.ee\/en\/product\/lisavalgusti-ozz-ovaalne-valge\/","og_site_name":"TMT Widni Baltic","article_publisher":"https:\/\/www.facebook.com\/p\/TMT-Malinen-Baltic-100057168351492\/","article_modified_time":"2024-08-29T09:24:29+00:00","og_image":[{"width":910,"height":705,"url":"https:\/\/tmtbaltic.ee\/wp-content\/uploads\/2024\/08\/w88106.png","type":"image\/png"}],"twitter_card":"summary_large_image","twitter_misc":{"Estimated reading time":"1 minute"},"schema":{"@context":"https:\/\/schema.org","@graph":[{"@type":"WebPage","@id":"https:\/\/tmtbaltic.ee\/product\/lisavalgusti-ozz-ovaalne-valge\/","url":"https:\/\/tmtbaltic.ee\/product\/lisavalgusti-ozz-ovaalne-valge\/","name":"Lisavalgusti OZZ Ovaalne valge - TMT Widni Baltic","isPartOf":{"@id":"https:\/\/www.tmtbaltic.ee\/#website"},"primaryImageOfPage":{"@id":"https:\/\/tmtbaltic.ee\/product\/lisavalgusti-ozz-ovaalne-valge\/#primaryimage"},"image":{"@id":"https:\/\/tmtbaltic.ee\/product\/lisavalgusti-ozz-ovaalne-valge\/#primaryimage"},"thumbnailUrl":"https:\/\/tmtbaltic.ee\/wp-content\/uploads\/2024\/08\/w88106.png","datePublished":"2024-08-29T09:23:04+00:00","dateModified":"2024-08-29T09:24:29+00:00","breadcrumb":{"@id":"https:\/\/tmtbaltic.ee\/product\/lisavalgusti-ozz-ovaalne-valge\/#breadcrumb"},"inLanguage":"en-GB","potentialAction":[{"@type":"ReadAction","target":["https:\/\/tmtbaltic.ee\/product\/lisavalgusti-ozz-ovaalne-valge\/"]}]},{"@type":"ImageObject","inLanguage":"en-GB","@id":"https:\/\/tmtbaltic.ee\/product\/lisavalgusti-ozz-ovaalne-valge\/#primaryimage","url":"https:\/\/tmtbaltic.ee\/wp-content\/uploads\/2024\/08\/w88106.png","contentUrl":"https:\/\/tmtbaltic.ee\/wp-content\/uploads\/2024\/08\/w88106.png","width":910,"height":705},{"@type":"BreadcrumbList","@id":"https:\/\/tmtbaltic.ee\/product\/lisavalgusti-ozz-ovaalne-valge\/#breadcrumb","itemListElement":[{"@type":"ListItem","position":1,"name":"Tootekataloog","item":"https:\/\/www.tmtbaltic.ee\/tootekataloog\/"},{"@type":"ListItem","position":2,"name":"Lisavalgusti OZZ Ovaalne valge"}]},{"@type":"WebSite","@id":"https:\/\/www.tmtbaltic.ee\/#website","url":"https:\/\/www.tmtbaltic.ee\/","name":"TMT. Malinen Baltic","description":"TMT Widni Baltic","publisher":{"@id":"https:\/\/www.tmtbaltic.ee\/#organization"},"potentialAction":[{"@type":"SearchAction","target":{"@type":"EntryPoint","urlTemplate":"https:\/\/www.tmtbaltic.ee\/?s={search_term_string}"},"query-input":{"@type":"PropertyValueSpecification","valueRequired":true,"valueName":"search_term_string"}}],"inLanguage":"en-GB"},{"@type":"Organization","@id":"https:\/\/www.tmtbaltic.ee\/#organization","name":"TMT. Malinen Baltic","url":"https:\/\/www.tmtbaltic.ee\/","logo":{"@type":"ImageObject","inLanguage":"en-GB","@id":"https:\/\/www.tmtbaltic.ee\/#\/schema\/logo\/image\/","url":"https:\/\/tmtbaltic.ee\/wp-content\/uploads\/2023\/12\/TMT-logo_white_500x375px-1.svg","contentUrl":"https:\/\/tmtbaltic.ee\/wp-content\/uploads\/2023\/12\/TMT-logo_white_500x375px-1.svg","width":100,"height":375,"caption":"TMT. Malinen Baltic"},"image":{"@id":"https:\/\/www.tmtbaltic.ee\/#\/schema\/logo\/image\/"},"sameAs":["https:\/\/www.facebook.com\/p\/TMT-Malinen-Baltic-100057168351492\/"]}]}},"_links":{"self":[{"href":"https:\/\/tmtbaltic.ee\/en\/wp-json\/wp\/v2\/product\/2281","targetHints":{"allow":["GET"]}}],"collection":[{"href":"https:\/\/tmtbaltic.ee\/en\/wp-json\/wp\/v2\/product"}],"about":[{"href":"https:\/\/tmtbaltic.ee\/en\/wp-json\/wp\/v2\/types\/product"}],"wp:featuredmedia":[{"embeddable":true,"href":"https:\/\/tmtbaltic.ee\/en\/wp-json\/wp\/v2\/media\/2255"}],"wp:attachment":[{"href":"https:\/\/tmtbaltic.ee\/en\/wp-json\/wp\/v2\/media?parent=2281"}],"wp:term":[{"taxonomy":"product_brand","embeddable":true,"href":"https:\/\/tmtbaltic.ee\/en\/wp-json\/wp\/v2\/product_brand?post=2281"},{"taxonomy":"product_cat","embeddable":true,"href":"https:\/\/tmtbaltic.ee\/en\/wp-json\/wp\/v2\/product_cat?post=2281"},{"taxonomy":"product_tag","embeddable":true,"href":"https:\/\/tmtbaltic.ee\/en\/wp-json\/wp\/v2\/product_tag?post=2281"}],"curies":[{"name":"wp","href":"https:\/\/api.w.org\/{rel}","templated":true}]}}